{"id":27682,"date":"2023-02-09T10:27:51","date_gmt":"2023-02-09T10:27:51","guid":{"rendered":"https:\/\/luxurybased.com\/product\/jacobco-epic-x-titanium-khabib\/"},"modified":"2023-02-09T10:34:36","modified_gmt":"2023-02-09T10:34:36","slug":"jacobco-epic-x-titanium-khabib","status":"publish","type":"product","link":"https:\/\/luxurybased.com\/fr\/produit\/jacobco-epic-x-titanium-khabib\/","title":{"rendered":"Jacob&amp;Co Epic X Titanium Khabib"},"content":{"rendered":"","protected":false},"excerpt":{"rendered":"<section id=\"hero---image-with-callouts-324303\" class=\"layout-hero-image-callouts\" data-page-id=\"324303\" data-theme=\"\" data-layout-id=\"6600\" data-title=\"Hero - Image with Callouts\">\n<div class=\"width-container\">\n<div class=\"callout-container\">\n<h1 class=\"page-title\">Epic X Titanium Khabib<\/h1>\n<h2 class=\"section-title\">STORY<\/h2>\n<div class=\"content-container\">\n<p>L&#8217;octogone de l&#8217;Ultimate Fighting Championship (UFC), souvent appel\u00e9 &#8220;cage&#8221;, est l&#8217;un des endroits les plus dangereux de la plan\u00e8te. Il faut un courage particulier pour entrer dans cette ar\u00e8ne, et quelque chose d&#8217;encore plus particulier pour en sortir vainqueur. Khabib Nurmagomedov est sorti triomphant de l&#8217;Octogone 29 fois, et il n&#8217;a jamais perdu.<\/p>\n<p>Jacob &amp; Co. ne s&#8217;associe qu&#8217;avec les meilleurs des meilleurs, comme Bugatti, Lionel Messi, Supreme et d&#8217;autres. Nous sommes fiers de nous associer \u00e0 Khabib, le champion du monde des poids l\u00e9gers de l&#8217;UFC, largement consid\u00e9r\u00e9 comme le meilleur combattant des arts martiaux mixtes (MMA). Surnomm\u00e9 &#8220;l&#8217;Aigle&#8221;, Khabib a travaill\u00e9 en \u00e9troite collaboration avec Jacob &amp; Co. pour cr\u00e9er quatre montres en \u00e9dition limit\u00e9e.<\/p>\n<\/div>\n<\/div>\n<\/div>\n<\/section>\n<section id=\"story-324304\" class=\"layout-single-content-image\" data-page-id=\"324304\" data-theme=\"\" data-layout-id=\"6596\" data-title=\"STORY\">\n<div class=\"width-container\">\n<div class=\"image-column\"><img decoding=\"async\" class=\"content-image lazyload\" data-src=\"https:\/\/transform.octanecdn.com\/crop\/700x650\/https:\/\/dynamix-cdn.s3.amazonaws.com\/jacobandcocom\/jacobandcocom_934495670.jpg\" alt=\"un gros plan d'une montre\" src=\"data:image\/gif;base64,R0lGODlhAQABAAAAACH5BAEKAAEALAAAAAABAAEAAAICTAEAOw==\"><noscript><img decoding=\"async\" class=\"content-image\" src=\"https:\/\/transform.octanecdn.com\/crop\/700x650\/https:\/\/dynamix-cdn.s3.amazonaws.com\/jacobandcocom\/jacobandcocom_934495670.jpg\" alt=\"un gros plan d'une montre\"><\/noscript><\/div>\n<div class=\"content-column inview-cascade-fade-up inview\">\n<div class=\"content-container\">\n<p>s.<\/p>\n<\/div>\n<div class=\"buttons-container\"><\/div>\n<\/div>\n<\/div>\n<\/section>\n<section id=\"the-partnership-324307\" class=\"layout-single-content-image\" data-page-id=\"324307\" data-theme=\"\" data-layout-id=\"6596\" data-title=\"THE PARTNERSHIP\">\n<div class=\"width-container\">\n<div class=\"image-column\"><img decoding=\"async\" class=\"content-image lazyload\" data-src=\"https:\/\/transform.octanecdn.com\/crop\/700x650\/https:\/\/dynamix-cdn.s3.amazonaws.com\/jacobandcocom\/jacobandcocom_990163808.jpg\" alt=\"\" src=\"data:image\/gif;base64,R0lGODlhAQABAAAAACH5BAEKAAEALAAAAAABAAEAAAICTAEAOw==\"><noscript><img decoding=\"async\" class=\"content-image\" src=\"https:\/\/transform.octanecdn.com\/crop\/700x650\/https:\/\/dynamix-cdn.s3.amazonaws.com\/jacobandcocom\/jacobandcocom_990163808.jpg\" alt=\"\"><\/noscript><\/div>\n<div class=\"content-column inview-cascade-fade-up inview\">\n<h2 class=\"section-title\">LE PARTENARIAT<\/h2>\n<div class=\"content-container\">\n<p>Le fondateur et pr\u00e9sident de Jacob &amp; Co., Jacob Arabo, est un amoureux des combats et a assist\u00e9 \u00e0 de nombreux combats de MMA au fil des ans.<\/p>\n<p>&#8220;Je suis un grand fan de Khabib&#8221;, d\u00e9clare M. Arabo. &#8220;Je suis sa carri\u00e8re depuis longtemps et lorsque son \u00e9quipe nous a approch\u00e9s pour travailler ensemble \u00e0 la cr\u00e9ation de montres en \u00e9dition limit\u00e9e, j&#8217;\u00e9tais tr\u00e8s enthousiaste. Pour moi, Khabib est le meilleur combattant de la plan\u00e8te et il correspond parfaitement \u00e0 la marque. \u00c0 plus d&#8217;un titre, c&#8217;est l&#8217;heure de Khabib.&#8221;<\/p>\n<p>Pour Khabib, le partenariat est tout \u00e0 fait logique. &#8220;Je ne ressemble \u00e0 aucun autre combattant aujourd&#8217;hui et Jacob &amp; Co. est de la m\u00eame fa\u00e7on, diff\u00e9rent de toutes les autres marques&#8221;, dit-il. &#8220;Nous allons parfaitement ensemble.&#8221;<\/p>\n<p>La collaboration comprend quatre garde-temps Epic X : deux versions Epic X Chrono, une Epic X Squelette et une Epic X Tourbillon Squelette.<\/p>\n<\/div>\n<div class=\"buttons-container\"><\/div>\n<\/div>\n<\/div>\n<\/section>\n<section id=\"29-0-324306\" class=\"layout-single-content-image\" data-page-id=\"324306\" data-theme=\"\" data-layout-id=\"6596\" data-title=\"29-0\">\n<div class=\"width-container\">\n<div class=\"image-column\"><img decoding=\"async\" class=\"content-image lazyload\" data-src=\"https:\/\/transform.octanecdn.com\/crop\/700x650\/https:\/\/dynamix-cdn.s3.amazonaws.com\/jacobandcocom\/jacobandcocom_508332885.jpg\" alt=\"un gros plan d'une montre\" src=\"data:image\/gif;base64,R0lGODlhAQABAAAAACH5BAEKAAEALAAAAAABAAEAAAICTAEAOw==\"><noscript><img decoding=\"async\" class=\"content-image\" src=\"https:\/\/transform.octanecdn.com\/crop\/700x650\/https:\/\/dynamix-cdn.s3.amazonaws.com\/jacobandcocom\/jacobandcocom_508332885.jpg\" alt=\"un gros plan d'une montre\"><\/noscript><\/div>\n<div class=\"content-column inview-cascade-fade-up inview\">\n<h2 class=\"section-title\">29-0<\/h2>\n<div class=\"content-container\">\n<p>Khabib Nurmagomedov n&#8217;a jamais perdu dans sa carri\u00e8re \u00e0 l&#8217;Ultimate Fighting Championship (UFC). Par cons\u00e9quent, ce garde-temps Epic X est orn\u00e9 de la l\u00e9gende &#8220;29-0&#8221; sur le c\u00f4t\u00e9 droit du mouvement squelett\u00e9, qui est le record de Khabib dans l&#8217;UFC. Maintenant que Khabib a pris sa retraite, ce record sera inscrit dans l&#8217;histoire des arts martiaux mixtes.<\/p>\n<\/div>\n<div class=\"buttons-container\"><\/div>\n<\/div>\n<\/div>\n<\/section>\n<section id=\"the-eagle-engraving-324305\" class=\"layout-single-content-image\" data-page-id=\"324305\" data-theme=\"\" data-layout-id=\"6596\" data-title=\"THE EAGLE ENGRAVING\">\n<div class=\"width-container\">\n<div class=\"image-column\"><img decoding=\"async\" class=\"content-image lazyload\" data-src=\"https:\/\/transform.octanecdn.com\/crop\/700x650\/https:\/\/dynamix-cdn.s3.amazonaws.com\/jacobandcocom\/jacobandcocom_336577124.jpg\" alt=\"un gros plan d'une montre\" src=\"data:image\/gif;base64,R0lGODlhAQABAAAAACH5BAEKAAEALAAAAAABAAEAAAICTAEAOw==\"><noscript><img decoding=\"async\" class=\"content-image\" src=\"https:\/\/transform.octanecdn.com\/crop\/700x650\/https:\/\/dynamix-cdn.s3.amazonaws.com\/jacobandcocom\/jacobandcocom_336577124.jpg\" alt=\"un gros plan d'une montre\"><\/noscript><\/div>\n<div class=\"content-column inview-cascade-fade-up inview\">\n<h2 class=\"section-title\">LA GRAVURE DE L&#8217;AIGLE<\/h2>\n<div class=\"content-container\">\n<p>Lorsqu&#8217;il \u00e9tait jeune, Khabib a commenc\u00e9 \u00e0 s&#8217;entra\u00eener au Sambo, la forme traditionnelle russe de la lutte. Il a \u00e9galement \u00e9t\u00e9 form\u00e9 par son p\u00e8re \u00e0 un certain nombre d&#8217;arts martiaux diff\u00e9rents. Apr\u00e8s avoir remport\u00e9 le championnat du monde de Combat Sambo, Khabib est pass\u00e9 au MMA, o\u00f9 il a pris sa retraite &#8211; sans avoir jamais \u00e9t\u00e9 battu (et sans m\u00eame avoir \u00e9t\u00e9 mis \u00e0 terre !). &#8211; en tant que champion du monde des poids l\u00e9gers de l&#8217;UFC. Son dossier ? 29-0.<\/p>\n<p>Le surnom de Khabib est &#8220;The Eagle&#8221;, ce surnom est donc grav\u00e9 \u00e0 l&#8217;int\u00e9rieur de l&#8217;\u00e9tui pour rendre hommage \u00e0 cet incroyable combattant.<\/p>\n<\/div>\n<div class=\"buttons-container\"><\/div>\n<\/div>\n<\/div>\n<\/section>\n<section id=\"movement-324308\" class=\"layout-single-content-image\" data-page-id=\"324308\" data-theme=\"\" data-layout-id=\"6596\" data-title=\"MOVEMENT\">\n<div class=\"width-container\">\n<div class=\"image-column\"><img decoding=\"async\" class=\"content-image lazyload\" data-src=\"https:\/\/transform.octanecdn.com\/crop\/700x650\/https:\/\/dynamix-cdn.s3.amazonaws.com\/jacobandcocom\/jacobandcocom_594662986.jpg\" alt=\"un gros plan d'une montre\" src=\"data:image\/gif;base64,R0lGODlhAQABAAAAACH5BAEKAAEALAAAAAABAAEAAAICTAEAOw==\"><noscript><img decoding=\"async\" class=\"content-image\" src=\"https:\/\/transform.octanecdn.com\/crop\/700x650\/https:\/\/dynamix-cdn.s3.amazonaws.com\/jacobandcocom\/jacobandcocom_594662986.jpg\" alt=\"un gros plan d'une montre\"><\/noscript><\/div>\n<div class=\"content-column inview-cascade-fade-up inview\">\n<h2 class=\"section-title\">MOUVEMENT<\/h2>\n<div class=\"content-container\">\n<p>Le squelettage est une tradition s\u00e9culaire de l&#8217;horlogerie. Le d\u00e9fi consiste \u00e0 retirer suffisamment de mati\u00e8re du mouvement pour le rendre presque transparent, sans que cela n&#8217;affecte ses performances, sa pr\u00e9cision ou sa robustesse.<\/p>\n<p>Les horlogers de Jacob &amp; Co. r\u00e9alisent des squelettes de mouvements depuis des d\u00e9cennies, et savent donc exactement o\u00f9 et comment les retirer. Le r\u00e9sultat est un mouvement presque transparent, configur\u00e9 verticalement pour maximiser la beaut\u00e9 de ce petit moteur au poignet.<\/p>\n<p>Le mouvement JCAM02 a une r\u00e9serve de marche de 48 heures et met en valeur l&#8217;art traditionnel du squelettage.<\/p>\n<\/div>\n<div class=\"buttons-container\"><\/div>\n<\/div>\n<\/div>\n<\/section>\n<section id=\"video-377374\" class=\"layout-single-content-image\" data-page-id=\"377374\" data-theme=\"\" data-layout-id=\"6596\" data-title=\"Video\">\n<div class=\"width-container\">\n<div class=\"image-column\">\n<div class=\"play-btn js-modal-controller\" data-channel=\"vimeo\" data-video-id=\"542242689\"><\/div>\n<\/div>\n<div class=\"content-column inview-cascade-fade-up inview\">\n<div class=\"content-container\"><\/div>\n<div class=\"buttons-container\"><\/div>\n<\/div>\n<\/div>\n<\/section>\n<section id=\"strap-324310\" class=\"layout-single-content-image\" data-page-id=\"324310\" data-theme=\"\" data-layout-id=\"6596\" data-title=\"STRAP\">\n<div class=\"width-container\">\n<div class=\"image-column\"><img decoding=\"async\" class=\"content-image lazyload\" data-src=\"https:\/\/transform.octanecdn.com\/crop\/700x650\/https:\/\/dynamix-cdn.s3.amazonaws.com\/jacobandcocom\/jacobandcocom_793372863.jpg\" alt=\"\" src=\"data:image\/gif;base64,R0lGODlhAQABAAAAACH5BAEKAAEALAAAAAABAAEAAAICTAEAOw==\"><noscript><img decoding=\"async\" class=\"content-image\" src=\"https:\/\/transform.octanecdn.com\/crop\/700x650\/https:\/\/dynamix-cdn.s3.amazonaws.com\/jacobandcocom\/jacobandcocom_793372863.jpg\" alt=\"\"><\/noscript><\/div>\n<div class=\"content-column inview-cascade-fade-up inview\">\n<h2 class=\"section-title\">STRAP<\/h2>\n<div class=\"content-container\">\n<p>Ce garde-temps est propos\u00e9 sur un bracelet en caoutchouc noir ou en Cordura, avec une boucle en titane et PVD noir.<\/p>\n<\/div>\n<div class=\"buttons-container\"><\/div>\n<\/div>\n<\/div>\n<\/section>\n<section id=\"dial-and-hands-324309\" class=\"layout-single-content-image\" data-page-id=\"324309\" data-theme=\"\" data-layout-id=\"6596\" data-title=\"DIAL AND HANDS\">\n<div class=\"width-container\">\n<div class=\"image-column\"><img decoding=\"async\" class=\"content-image lazyload\" data-src=\"https:\/\/transform.octanecdn.com\/crop\/700x650\/https:\/\/dynamix-cdn.s3.amazonaws.com\/jacobandcocom\/jacobandcocom_144645623.jpg\" alt=\"un gros plan d'une montre\" src=\"data:image\/gif;base64,R0lGODlhAQABAAAAACH5BAEKAAEALAAAAAABAAEAAAICTAEAOw==\"><noscript><img decoding=\"async\" class=\"content-image\" src=\"https:\/\/transform.octanecdn.com\/crop\/700x650\/https:\/\/dynamix-cdn.s3.amazonaws.com\/jacobandcocom\/jacobandcocom_144645623.jpg\" alt=\"un gros plan d'une montre\"><\/noscript><\/div>\n<div class=\"content-column inview-cascade-fade-up inview\">\n<h2 class=\"section-title\">DIAL ET MAINS<\/h2>\n<div class=\"content-container\">\n<p>La beaut\u00e9 des montres squelettes est qu&#8217;il n&#8217;y a pas de cadran &#8211; \u00e0 la place, les cristaux saphir de la plus haute qualit\u00e9 exposent les d\u00e9tails du mouvement, y compris les roues, les engrenages, le balancier, les ponts et le barillet du ressort moteur. Les aiguilles squelett\u00e9es au centre, indiquant les heures et les minutes, flottent au-dessus de la splendeur m\u00e9canique. Le chemin de fer des minutes est en N\u00e9oralithe vert et la l\u00e9gende &#8220;The Eagle&#8221; est grav\u00e9e sur l&#8217;int\u00e9rieur du bo\u00eetier.<\/p>\n<\/div>\n<\/div>\n<\/div>\n<\/section>\n","protected":false},"featured_media":27718,"comment_status":"open","ping_status":"closed","template":"","meta":{"om_disable_all_campaigns":false,"_monsterinsights_skip_tracking":false,"_monsterinsights_sitenote_active":false,"_monsterinsights_sitenote_note":"","_monsterinsights_sitenote_category":0},"product_brand":[],"product_cat":[412],"product_tag":[398,400],"giftcard-category":[],"class_list":{"0":"post-27682","1":"product","2":"type-product","3":"status-publish","4":"has-post-thumbnail","6":"product_cat-jacob-co-fr","7":"product_tag-montres-en-edition-limitee","8":"product_tag-montres-squelette","10":"first","11":"instock","12":"taxable","13":"shipping-taxable","14":"product-type-simple"},"aioseo_notices":[],"_links":{"self":[{"href":"https:\/\/luxurybased.com\/fr\/wp-json\/wp\/v2\/product\/27682","targetHints":{"allow":["GET"]}}],"collection":[{"href":"https:\/\/luxurybased.com\/fr\/wp-json\/wp\/v2\/product"}],"about":[{"href":"https:\/\/luxurybased.com\/fr\/wp-json\/wp\/v2\/types\/product"}],"replies":[{"embeddable":true,"href":"https:\/\/luxurybased.com\/fr\/wp-json\/wp\/v2\/comments?post=27682"}],"version-history":[{"count":1,"href":"https:\/\/luxurybased.com\/fr\/wp-json\/wp\/v2\/product\/27682\/revisions"}],"predecessor-version":[{"id":27723,"href":"https:\/\/luxurybased.com\/fr\/wp-json\/wp\/v2\/product\/27682\/revisions\/27723"}],"wp:featuredmedia":[{"embeddable":true,"href":"https:\/\/luxurybased.com\/fr\/wp-json\/wp\/v2\/media\/27718"}],"wp:attachment":[{"href":"https:\/\/luxurybased.com\/fr\/wp-json\/wp\/v2\/media?parent=27682"}],"wp:term":[{"taxonomy":"product_brand","embeddable":true,"href":"https:\/\/luxurybased.com\/fr\/wp-json\/wp\/v2\/product_brand?post=27682"},{"taxonomy":"product_cat","embeddable":true,"href":"https:\/\/luxurybased.com\/fr\/wp-json\/wp\/v2\/product_cat?post=27682"},{"taxonomy":"product_tag","embeddable":true,"href":"https:\/\/luxurybased.com\/fr\/wp-json\/wp\/v2\/product_tag?post=27682"},{"taxonomy":"giftcard-category","embeddable":true,"href":"https:\/\/luxurybased.com\/fr\/wp-json\/wp\/v2\/giftcard-category?post=27682"}],"curies":[{"name":"wp","href":"https:\/\/api.w.org\/{rel}","templated":true}]}}