{"id":27025,"date":"2023-01-29T09:33:30","date_gmt":"2023-01-29T09:33:30","guid":{"rendered":"https:\/\/luxurybased.com\/product\/epos-3400-le-3\/"},"modified":"2023-02-09T16:37:14","modified_gmt":"2023-02-09T16:37:14","slug":"epos-3400-le-3","status":"publish","type":"product","link":"https:\/\/luxurybased.com\/fr\/produit\/epos-3400-le-3\/","title":{"rendered":"Epos 3400 LE"},"content":{"rendered":"","protected":false},"excerpt":{"rendered":"<h1 class=\"product_title entry-title\">Epos 3400 LE<\/h1>\n<p>Montre \u00e0 double fuseau horaire en \u00e9dition limit\u00e9e avec indication des 24 heures invers\u00e9es comme second fuseau horaire.<\/p>\n<div class=\"BoxFormats wpb_column vc_column_container vc_col-sm-4\">\n<div class=\"vc_column-inner\">\n<div class=\"wpb_wrapper\">\n<div class=\"wpb_text_column wpb_content_element \">\n<div class=\"wpb_wrapper\">\n<div class=\"BoxFormats wpb_column vc_column_container vc_col-sm-4\">\n<div class=\"vc_column-inner\">\n<div class=\"wpb_wrapper\">\n<div class=\"vc_separator wpb_content_element vc_separator_align_left vc_sep_width_100 vc_sep_pos_align_center vc_sep_color_grey vc_separator-has-text\">\n<h4>La fonction sp\u00e9ciale<\/h4>\n<\/div>\n<div class=\"wpb_single_image wpb_content_element vc_align_left\">\n<figure class=\"wpb_wrapper vc_figure\">\n<div class=\"vc_single_image-wrapper vc_box_border_grey\"><img decoding=\"async\" class=\"vc_single_image-img lazyload\" data-src=\"https:\/\/epos.ch\/wp-content\/uploads\/details\/3400.122.20.35.25_D1.jpg\" src=\"data:image\/gif;base64,R0lGODlhAQABAAAAACH5BAEKAAEALAAAAAABAAEAAAICTAEAOw==\"><noscript><img decoding=\"async\" class=\"vc_single_image-img\" src=\"https:\/\/epos.ch\/wp-content\/uploads\/details\/3400.122.20.35.25_D1.jpg\"><\/noscript><\/div>\n<\/figure>\n<\/div>\n<div class=\"wpb_text_column wpb_content_element \">\n<div class=\"wpb_wrapper\">\n<p>Cette modification interne d&#8217;Epos est une montre \u00e0 double fuseau horaire avec indication invers\u00e9e (dans le sens inverse des aiguilles d&#8217;une montre) des 24 heures pour le deuxi\u00e8me fuseau horaire.<\/p>\n<\/div>\n<\/div>\n<\/div>\n<\/div>\n<\/div>\n<div class=\"BoxFormats wpb_column vc_column_container vc_col-sm-4\">\n<div class=\"vc_column-inner\">\n<div class=\"wpb_wrapper\">\n<div class=\"vc_separator wpb_content_element vc_separator_align_left vc_sep_width_100 vc_sep_pos_align_center vc_sep_color_grey vc_separator-has-text\">\n<h4>Le mouvement<\/h4>\n<\/div>\n<div class=\"wpb_single_image wpb_content_element vc_align_left\">\n<figure class=\"wpb_wrapper vc_figure\">\n<div class=\"vc_single_image-wrapper vc_box_border_grey\"><img decoding=\"async\" class=\"vc_single_image-img lazyload\" data-src=\"https:\/\/epos.ch\/wp-content\/uploads\/details\/3400.122.20.35.25_D2.jpg\" src=\"data:image\/gif;base64,R0lGODlhAQABAAAAACH5BAEKAAEALAAAAAABAAEAAAICTAEAOw==\"><noscript><img decoding=\"async\" class=\"vc_single_image-img\" src=\"https:\/\/epos.ch\/wp-content\/uploads\/details\/3400.122.20.35.25_D2.jpg\"><\/noscript><\/div>\n<\/figure>\n<\/div>\n<div class=\"wpb_text_column wpb_content_element \">\n<div class=\"wpb_wrapper\">\n<p>Bas\u00e9 sur deux mouvements ETA 2671 enti\u00e8rement d\u00e9cor\u00e9s. Biseaut\u00e9 et poli, C\u00f4tes de Gen\u00e8ve et num\u00e9ro d&#8217;\u00e9dition limit\u00e9e grav\u00e9s sur le rotor.<\/p>\n<\/div>\n<\/div>\n<\/div>\n<\/div>\n<\/div>\n<div class=\"BoxFormats wpb_column vc_column_container vc_col-sm-4\">\n<div class=\"vc_column-inner\">\n<div class=\"wpb_wrapper\">\n<div class=\"vc_separator wpb_content_element vc_separator_align_left vc_sep_width_100 vc_sep_pos_align_center vc_sep_color_grey vc_separator-has-text\">\n<h4>Le cadran<\/h4>\n<\/div>\n<div class=\"wpb_single_image wpb_content_element vc_align_left\">\n<figure class=\"wpb_wrapper vc_figure\">\n<div class=\"vc_single_image-wrapper vc_box_border_grey\"><img decoding=\"async\" class=\"vc_single_image-img lazyload\" data-src=\"https:\/\/epos.ch\/wp-content\/uploads\/details\/3400.122.20.35.25_D3.jpg\" src=\"data:image\/gif;base64,R0lGODlhAQABAAAAACH5BAEKAAEALAAAAAABAAEAAAICTAEAOw==\"><noscript><img decoding=\"async\" class=\"vc_single_image-img\" src=\"https:\/\/epos.ch\/wp-content\/uploads\/details\/3400.122.20.35.25_D3.jpg\"><\/noscript><\/div>\n<\/figure>\n<\/div>\n<div class=\"wpb_text_column wpb_content_element \">\n<div class=\"wpb_wrapper\">\n<p>Cadran noir mat sportif avec indication du double fuseau horaire<\/p>\n<\/div>\n<\/div>\n<\/div>\n<\/div>\n<\/div>\n<\/div>\n<\/div>\n<\/div>\n<\/div>\n<\/div>\n","protected":false},"featured_media":26906,"comment_status":"open","ping_status":"closed","template":"","meta":{"om_disable_all_campaigns":false,"_monsterinsights_skip_tracking":false,"_monsterinsights_sitenote_active":false,"_monsterinsights_sitenote_note":"","_monsterinsights_sitenote_category":0},"product_brand":[],"product_cat":[356],"product_tag":[398,399],"giftcard-category":[],"class_list":{"0":"post-27025","1":"product","2":"type-product","3":"status-publish","4":"has-post-thumbnail","6":"product_cat-epos-fr","7":"product_tag-montres-en-edition-limitee","8":"product_tag-montres-habillees","10":"first","11":"onbackorder","12":"taxable","13":"shipping-taxable","14":"purchasable","15":"product-type-simple"},"aioseo_notices":[],"_links":{"self":[{"href":"https:\/\/luxurybased.com\/fr\/wp-json\/wp\/v2\/product\/27025","targetHints":{"allow":["GET"]}}],"collection":[{"href":"https:\/\/luxurybased.com\/fr\/wp-json\/wp\/v2\/product"}],"about":[{"href":"https:\/\/luxurybased.com\/fr\/wp-json\/wp\/v2\/types\/product"}],"replies":[{"embeddable":true,"href":"https:\/\/luxurybased.com\/fr\/wp-json\/wp\/v2\/comments?post=27025"}],"version-history":[{"count":2,"href":"https:\/\/luxurybased.com\/fr\/wp-json\/wp\/v2\/product\/27025\/revisions"}],"predecessor-version":[{"id":28020,"href":"https:\/\/luxurybased.com\/fr\/wp-json\/wp\/v2\/product\/27025\/revisions\/28020"}],"wp:featuredmedia":[{"embeddable":true,"href":"https:\/\/luxurybased.com\/fr\/wp-json\/wp\/v2\/media\/26906"}],"wp:attachment":[{"href":"https:\/\/luxurybased.com\/fr\/wp-json\/wp\/v2\/media?parent=27025"}],"wp:term":[{"taxonomy":"product_brand","embeddable":true,"href":"https:\/\/luxurybased.com\/fr\/wp-json\/wp\/v2\/product_brand?post=27025"},{"taxonomy":"product_cat","embeddable":true,"href":"https:\/\/luxurybased.com\/fr\/wp-json\/wp\/v2\/product_cat?post=27025"},{"taxonomy":"product_tag","embeddable":true,"href":"https:\/\/luxurybased.com\/fr\/wp-json\/wp\/v2\/product_tag?post=27025"},{"taxonomy":"giftcard-category","embeddable":true,"href":"https:\/\/luxurybased.com\/fr\/wp-json\/wp\/v2\/giftcard-category?post=27025"}],"curies":[{"name":"wp","href":"https:\/\/api.w.org\/{rel}","templated":true}]}}