{"id":26287,"date":"2023-01-03T13:43:37","date_gmt":"2023-01-03T13:43:37","guid":{"rendered":"https:\/\/luxurybased.com\/product\/jean-bugatti-or-rose\/"},"modified":"2023-01-29T11:02:46","modified_gmt":"2023-01-29T11:02:46","slug":"jean-bugatti-rose-or","status":"publish","type":"product","link":"https:\/\/luxurybased.com\/fr\/produit\/jean-bugatti-rose-or\/","title":{"rendered":"Jean Bugatti Or Rose"},"content":{"rendered":"","protected":false},"excerpt":{"rendered":"<h2 class=\"section-title\">STORY<\/h2>\n<div class=\"content-container\">\n<p><span lang=\"EN-GB\">Apr\u00e8s avoir sorti des montres superlatives comme la Chiron ou la Twin Turbo Furious Bugatti, toutes li\u00e9es \u00e0 l&#8217;histoire contemporaine de Bugatti, Jacob &amp; Co. a d\u00e9cid\u00e9 d&#8217;explorer une autre facette de l&#8217;h\u00e9ritage de la marque d&#8217;hypercars. L&#8217;\u00e9dition limit\u00e9e en or rose de la Jean Bugatti rend hommage \u00e0 un innovateur extraordinaire et \u00e0 ses interpr\u00e9tations automobiles avant-gardistes et artistiques.  <\/span><\/p>\n<p><span lang=\"EN-GB\">Jean Bugatti \u00e9tait le fils a\u00een\u00e9 du fondateur Ettore Bugatti. N\u00e9 en 1909, l&#8217;ann\u00e9e m\u00eame o\u00f9 Ettore a cr\u00e9\u00e9 sa nouvelle entreprise \u00e0 Molsheim, en Alsace, dans le nord-est de la France. Enfant, Jean aimait observer son p\u00e8re et les dessinateurs en train de concevoir et de d\u00e9velopper. Il courait souvent secr\u00e8tement dans les installations de production en regardant les dessins prendre vie. Jeune, curieux et exp\u00e9rimental comme il l&#8217;\u00e9tait, les &#8220;Ann\u00e9es folles&#8221; fran\u00e7aises de l&#8217;apr\u00e8s-guerre ont eu une \u00e9norme influence sur lui. Il rendait visite \u00e0 son grand-p\u00e8re Carlo, membre de l&#8217;Acad\u00e9mie des Beaux-Arts de Paris depuis 1875, aussi souvent qu&#8217;il le pouvait dans la capitale fran\u00e7aise. Carlo Bugatti aimait m\u00e9langer les mat\u00e9riaux, les cultures et les styles dans ses meubles et ses objets d\u00e9coratifs, inspirant Jean \u00e0 faire de m\u00eame dans ses cr\u00e9ations automobiles.  <\/span><\/p>\n<p><span lang=\"EN-GB\">Cela a donn\u00e9 lieu \u00e0 des chefs-d&#8217;\u0153uvre tels que la s\u00e9rie Type 50 bicolore, la Type 41 Royale avec l&#8217;empattement le plus long jamais r\u00e9alis\u00e9 et la Type 57SC Atlantic, la voiture de collection la plus ch\u00e8re du monde. L&#8217;Atlantic avait un capot extr\u00eamement long et une extr\u00e9mit\u00e9 arri\u00e8re de forme ovale s&#8217;\u00e9tendant presque jusqu&#8217;au sol, d&#8217;o\u00f9 sortaient six minces tuyaux d&#8217;\u00e9chappement. L&#8217;\u00e9l\u00e9ment de conception le plus remarquable \u00e9tait la couture en relief de l&#8217;Atlantic, qui s&#8217;\u00e9tendait verticalement de la charni\u00e8re du capot divis\u00e9 \u00e0 l&#8217;arri\u00e8re. Des proportions inconnues dans le monde automobile de l&#8217;\u00e9poque.<\/span><\/p>\n<\/div>\n<h2 class=\"section-title\">\u00c0 PROPOS DU PARTENARIAT<\/h2>\n<div class=\"content-container\">\n<p><span lang=\"EN-GB\">En 2019, Bugatti et Jacob &amp; Co ont sign\u00e9 un partenariat de plusieurs ann\u00e9es pour cr\u00e9er des pi\u00e8ces uniques et in\u00e9dites. Ces montres sont fid\u00e8les \u00e0 l&#8217;esprit des deux entreprises, tout en portant l&#8217;horlogerie \u00e0 des sommets impossibles \u00e0 atteindre.<\/span><\/p>\n<p><span lang=\"EN-GB\">Pour inaugurer ce partenariat plac\u00e9 sous le signe de la performance, deux garde-temps ont \u00e9t\u00e9 cr\u00e9\u00e9s. Ces montres, bas\u00e9es sur la Twin Turbo Furious et l&#8217;Epic X Chrono, ont \u00e9t\u00e9 directement inspir\u00e9es par le design et l&#8217;esprit uniques des hypercars Bugatti.<\/span><\/p>\n<p><span lang=\"EN-GB\">En 2020, Jacob &amp; Co. et Bugatti ont pr\u00e9sent\u00e9 de nouvelles montres dans la collection Twin Turbo Furious, et la Bugatti Chiron, une toute nouvelle ligne. En 2022, ce partenariat ajoute une facette historique, classique et toujours performante avec la Jean Bugatti.<\/span><\/p>\n<\/div>\n<h2 class=\"section-title\">DISPOSITION SINGULI\u00c8RE<\/h2>\n<div class=\"content-container\">\n<p><span lang=\"EN-GB\">Le sens de la conception automobile de Jean Bugatti \u00e9tait d\u00e9finitivement hors des sentiers battus. Tout comme l&#8217;apparence du garde-temps \u00e9ponyme. Il peut sembler classique, mais comme on pouvait s&#8217;y attendre de la part de Jacob &amp; Co, il ne l&#8217;est pas vraiment. Avec deux grandes ouvertures \u00e0 5 et 7 heures sous des disques de saphir fum\u00e9, avec des aiguilles orient\u00e9es dans une direction qui n&#8217;a pas de sens apparent, avec une grande ouverture verticale \u00e0 6 heures, la Jean Bugatti est d\u00e9routante, trompeuse peut-\u00eatre.  <\/span><\/p>\n<p><span lang=\"EN-GB\">Pointant vers l&#8217;int\u00e9rieur, situ\u00e9es sur le bord ext\u00e9rieur du cadran, deux courtes aiguilles rouges indiquent les heures et les minutes. La paire d&#8217;aiguilles courtes et bleuies ancr\u00e9es au milieu du cadran sont les aiguilles du chronographe. La premi\u00e8re, la plus longue, correspond aux unit\u00e9s de seconde du chronographe. L&#8217;autre est en charge des dizaines de secondes du chronographe. Les deux ouvertures du cadran, \u00e0 5 et 7 heures, abritent une paire de tourbillons volants \u00e0 une minute.  <\/span><\/p>\n<\/div>\n<h2 class=\"section-title\">DOUBLE R\u00c9TROGRADE ET CHRONOGRAPHE NUM\u00c9RIQUE<\/h2>\n<div class=\"content-container\">\n<p><span lang=\"EN-GB\">La Jean Bugatti dispose d&#8217;un chronographe dont la disposition, les fonctions et les performances sont sans aucun doute uniques. Ses secondes de chronographe sont doublement r\u00e9trogrades. Les minutes du chronographe sont num\u00e9riques et sautantes. Tous deux reposent sur un organe de r\u00e9gulation s\u00e9par\u00e9, \u00e0 haute fr\u00e9quence de 5 Hz, avec un barillet d\u00e9di\u00e9. Son action est coordonn\u00e9e par une roue \u00e0 colonnes avec embrayage horizontal.<\/span><\/p>\n<p><span lang=\"EN-GB\">Il s&#8217;appuie sur des aiguilles situ\u00e9es au centre de la montre. Lorsque le poussoir start\/stop est activ\u00e9, la premi\u00e8re aiguille commence \u00e0 se d\u00e9placer de 0 \u00e0 10. Lorsqu&#8217;il atteint 10, il recule jusqu&#8217;\u00e0 0 et recommence sa course. Pendant ce temps, l&#8217;autre main a fait un bond en avant, de 00 \u00e0 01. La s\u00e9quence se r\u00e9p\u00e8te tant que le chronographe est en fonctionnement. Apr\u00e8s 59 secondes, l&#8217;aiguille la plus courte atteint 60 et revient \u00e0 00. A ce moment-l\u00e0, dans le m\u00e9daillon ovale \u00e0 6 heures, un disque avec des chiffres dor\u00e9s est pass\u00e9 instantan\u00e9ment de 00 \u00e0 01.  <\/span><\/p>\n<p><span lang=\"EN-GB\">De plus, lorsque le chronographe est arr\u00eat\u00e9 et remis \u00e0 z\u00e9ro, les aiguilles des secondes ne sautent pas instantan\u00e9ment en arri\u00e8re. Elles poursuivent lentement leur course jusqu&#8217;\u00e0 leur position finale, et ce n&#8217;est qu&#8217;alors qu&#8217;elles peuvent faire leur dernier saut r\u00e9trograde. C&#8217;est l&#8217;une des nombreuses caract\u00e9ristiques uniques de la Jean Bugatti.<\/span><\/p>\n<\/div>\n<h2 class=\"section-title\">DEUX TOURBILLONS VOLANTS<\/h2>\n<div class=\"content-container\">\n<p><span lang=\"EN-GB\">Les deux ouvertures du cadran Jean Bugatti abritent une paire de tourbillons une minute. Sous un verre saphir fum\u00e9, ils int\u00e8grent un \u00e9l\u00e9ment de design qui renforce encore la nature Buatti-esque de ce garde-temps. Une cage de tourbillon Jacob &amp; Co. peut \u00eatre modifi\u00e9e de multiples fa\u00e7ons pour transmettre un message de design. Dans ce cas, il a re\u00e7u la forme du logo EB de Bugatti. Ce composant est fabriqu\u00e9 en acier parfaitement poli.  <\/span><\/p>\n<p><span lang=\"EN-GB\">Comme ils ne sont retenus que par leur soubassement, ces deux syst\u00e8mes de rotation sont des tourbillons volants. Leur p\u00e9riode de rotation est une minute classique, et la fr\u00e9quence du balancier qu&#8217;ils abritent est de 3 Hz.  <\/span><\/p>\n<\/div>\n<h2 class=\"section-title\">MOUVEMENT<\/h2>\n<div class=\"content-container\">\n<p><span lang=\"EN-GB\">Le calibre JCFM09 a \u00e9t\u00e9 d\u00e9velopp\u00e9 exclusivement pour la Jean Bugatti. Il est constitu\u00e9 d&#8217;un total de 470 composants. Ce nombre exceptionnellement \u00e9lev\u00e9 est une cons\u00e9quence directe des complications avanc\u00e9es et de la double structure du mouvement. Sur la m\u00eame plaque principale, deux syst\u00e8mes diff\u00e9rents et interconnect\u00e9s coexistent. L&#8217;une est la partie chronom\u00e9trage, avec un barillet d\u00e9di\u00e9, un train d&#8217;engrenages, des tourbillons jumeaux, le tout entra\u00eenant l&#8217;affichage du temps p\u00e9riph\u00e9rique.  <\/span><\/p>\n<p><span lang=\"EN-GB\">L&#8217;autre est la partie chronographe. Il poss\u00e8de son propre barillet, reli\u00e9 \u00e0 un organe r\u00e9gulateur d\u00e9di\u00e9, oscillant \u00e0 36&#8217;000 battements par heure, soit 5 Hz. Lorsqu&#8217;il est engag\u00e9 par les poussoirs, le balancier atteint imm\u00e9diatement son amplitude et sa fr\u00e9quence optimales pour entra\u00eener les aiguilles du chronographe avec une pr\u00e9cision maximale.<\/span><\/p>\n<p><span lang=\"EN-GB\">L&#8217;impression graphique laiss\u00e9e par le calibre JCFM09 est impressionnante. Les composants ajour\u00e9s sont hautement polis et biseaut\u00e9s. Ils se d\u00e9tachent sur la toile de fond d&#8217;une plaque principale \u00e0 grain circulaire, enti\u00e8rement noircie. Une for\u00eat de ressorts, de leviers, d&#8217;embrayages et d&#8217;impressionnants ponts polis miroir cr\u00e9ent un environnement technique dense. \u00c0 cet \u00e9gard, comme \u00e0 bien d&#8217;autres, le Jean Bugatti est un garde-temps \u00e0 contempler.  <\/span><\/p>\n<\/div>\n<h2 class=\"section-title\">DIAL ORNATE<\/h2>\n<div class=\"content-container\">\n<p><span lang=\"EN-GB\">La Jean Bugatti abrite un cadran in\u00e9dit dans les 20 ans d&#8217;horlogerie de Jacob &amp; Co. Une base laqu\u00e9e blanc cr\u00e8me est \u00e9quip\u00e9e d&#8217;une paire d&#8217;appliques plaqu\u00e9es or rose. Ils d\u00e9finissent un secteur de 225\u00b0 le long duquel se d\u00e9placent les aiguilles du chronographe. Ils sont compl\u00e9t\u00e9s par des chiffres arabes appliqu\u00e9s qui leur servent d&#8217;\u00e9chelle. L&#8217;\u00e9chelle la plus ext\u00e9rieure va de 0 \u00e0 10 et l&#8217;autre, int\u00e9rieure, va de 00 \u00e0 60.<\/span><\/p>\n<p><span lang=\"EN-GB\">La fronti\u00e8re entre la surface du cadran et les trois ouvertures entre 5 et 7 heures est marqu\u00e9e par une autre applique plaqu\u00e9e or rose. Il d\u00e9finit les zones o\u00f9 se trouvent les tourbillons et les minutes du chronographe num\u00e9rique.<\/span><\/p>\n<p><span lang=\"EN-GB\">Une applique plaqu\u00e9e or rose et laqu\u00e9e se trouve juste sous les aiguilles du chronographe, rappelant l&#8217;essence Bugatti du Jean Bugatti.<\/span><\/p>\n<\/div>\n<h2 class=\"section-title\">BO\u00ceTIER ET CRISTAL<\/h2>\n<div class=\"content-container\">\n<p><span lang=\"EN-GB\">Le Jean Bugatti est fabriqu\u00e9 en or rose 18 carats. Le m\u00e9tal pr\u00e9cieux est poli sur toute sa surface et fa\u00e7onn\u00e9 dans un bo\u00eetier rond, avec une lunette arrondie, des cornes courtes et \u00e9labor\u00e9es pour un confort de port optimal.  <\/span><\/p>\n<p><span lang=\"EN-GB\">Le bo\u00eetier Jean Bugatti mesure 46 mm de diam\u00e8tre et 16 mm d&#8217;\u00e9paisseur. Son verre saphir a la forme d&#8217;un d\u00f4me, dont les courbes sont le prolongement de celles de la lunette et du bo\u00eetier. Le fond du bo\u00eetier est \u00e9quip\u00e9 d&#8217;un verre saphir transparent et offre une vue imprenable sur le calibre JCFM09.<\/span><\/p>\n<\/div>\n","protected":false},"featured_media":25853,"comment_status":"open","ping_status":"closed","template":"","meta":{"om_disable_all_campaigns":false,"_monsterinsights_skip_tracking":false,"_monsterinsights_sitenote_active":false,"_monsterinsights_sitenote_note":"","_monsterinsights_sitenote_category":0},"product_brand":[],"product_cat":[412],"product_tag":[398,404],"giftcard-category":[],"class_list":{"0":"post-26287","1":"product","2":"type-product","3":"status-publish","4":"has-post-thumbnail","6":"product_cat-jacob-co-fr","7":"product_tag-montres-en-edition-limitee","8":"product_tag-montres-super-luxe","10":"first","11":"instock","12":"taxable","13":"shipping-taxable","14":"product-type-simple"},"aioseo_notices":[],"_links":{"self":[{"href":"https:\/\/luxurybased.com\/fr\/wp-json\/wp\/v2\/product\/26287","targetHints":{"allow":["GET"]}}],"collection":[{"href":"https:\/\/luxurybased.com\/fr\/wp-json\/wp\/v2\/product"}],"about":[{"href":"https:\/\/luxurybased.com\/fr\/wp-json\/wp\/v2\/types\/product"}],"replies":[{"embeddable":true,"href":"https:\/\/luxurybased.com\/fr\/wp-json\/wp\/v2\/comments?post=26287"}],"version-history":[{"count":1,"href":"https:\/\/luxurybased.com\/fr\/wp-json\/wp\/v2\/product\/26287\/revisions"}],"predecessor-version":[{"id":26620,"href":"https:\/\/luxurybased.com\/fr\/wp-json\/wp\/v2\/product\/26287\/revisions\/26620"}],"wp:featuredmedia":[{"embeddable":true,"href":"https:\/\/luxurybased.com\/fr\/wp-json\/wp\/v2\/media\/25853"}],"wp:attachment":[{"href":"https:\/\/luxurybased.com\/fr\/wp-json\/wp\/v2\/media?parent=26287"}],"wp:term":[{"taxonomy":"product_brand","embeddable":true,"href":"https:\/\/luxurybased.com\/fr\/wp-json\/wp\/v2\/product_brand?post=26287"},{"taxonomy":"product_cat","embeddable":true,"href":"https:\/\/luxurybased.com\/fr\/wp-json\/wp\/v2\/product_cat?post=26287"},{"taxonomy":"product_tag","embeddable":true,"href":"https:\/\/luxurybased.com\/fr\/wp-json\/wp\/v2\/product_tag?post=26287"},{"taxonomy":"giftcard-category","embeddable":true,"href":"https:\/\/luxurybased.com\/fr\/wp-json\/wp\/v2\/giftcard-category?post=26287"}],"curies":[{"name":"wp","href":"https:\/\/api.w.org\/{rel}","templated":true}]}}