{"id":26278,"date":"2023-01-03T13:15:00","date_gmt":"2023-01-03T13:15:00","guid":{"rendered":"https:\/\/luxurybased.com\/product\/epic-x-chrono-messi-baguette-complete\/"},"modified":"2023-01-29T11:13:08","modified_gmt":"2023-01-29T11:13:08","slug":"epic-x-chrono-messi-plein-baguette","status":"publish","type":"product","link":"https:\/\/luxurybased.com\/fr\/produit\/epic-x-chrono-messi-plein-baguette\/","title":{"rendered":"Jacob &amp; Co Epic X Chrono Messi Full Baguette"},"content":{"rendered":"","protected":false},"excerpt":{"rendered":"<h2 class=\"section-title\">Histoire<\/h2>\n<div class=\"content-container\">\n<p>Si votre objectif est de passer inaper\u00e7u au cours de la journ\u00e9e, la nouvelle Epic X Chrono Messi Full Baguette n&#8217;est certainement PAS faite pour vous.<\/p>\n<p>C&#8217;est la deuxi\u00e8me ann\u00e9e que Jacob &amp; Co. s&#8217;associe au footballeur Lionel Messi pour une collection exclusive de montres en \u00e9dition limit\u00e9e. Le GOAT est un cr\u00e9ateur de tendances, surtout en mati\u00e8re de montres, et cette nouvelle pi\u00e8ce unique est tout \u00e0 fait \u00e9tonnante.<\/p>\n<p>La collection actuelle comprend un Epic X Chrono Messi en titane, un mod\u00e8le en or rose, et une version en or blanc et baguette. Aujourd&#8217;hui, cette pi\u00e8ce unique met la barre plus haut, avec pratiquement toutes les surfaces disponibles serties de pierres pr\u00e9cieuses.<\/p>\n<p>Le bo\u00eetier et les cornes en or blanc 18 carats de 47 mm sont sertis d&#8217;un total de 141 carats de diamants baguettes, les couronnes \u00e9tant serties de diamants ronds simples. M\u00eame le cadran en cristal min\u00e9ral bleu est orn\u00e9 de diamants, de rubis et de saphirs, tandis que le fermoir du bracelet en caoutchouc ou en alligator ajour\u00e9 est \u00e9galement serti de diamants baguette.<\/p>\n<p>Les diamants, les rubis et les saphirs font de cette pi\u00e8ce un objet rare, car les experts sertisseurs de Jacob &amp; Co. n&#8217;ont pas leur pareil dans l&#8217;industrie horlog\u00e8re et joailli\u00e8re. Il s&#8217;agit d&#8217;un <em>tour de force<\/em> de l&#8217;art du sertissage, car les pierres pr\u00e9cieuses compl\u00e8tent plut\u00f4t qu&#8217;elles n&#8217;\u00e9crasent le style audacieux en forme de X de l&#8217;Epic X Chrono. La structure du bo\u00eetier en or blanc, unique en son genre, peut encore \u00eatre appr\u00e9ci\u00e9e, faisant une d\u00e9claration sur votre poignet.<\/p>\n<\/div>\n<h2 class=\"section-title\">Partenariat<\/h2>\n<div class=\"content-container\">\n<p>Lionel Messi, le buteur le plus prolifique du football et sans doute le meilleur joueur de football moderne, aurait pu choisir n&#8217;importe quelle entreprise horlog\u00e8re du monde pour travailler avec lui, et il a choisi Jacob &amp; Co, la marque la plus cr\u00e9ative de la haute horlogerie. Il a d\u00e9clar\u00e9 \u00e0 Jacob Arabo, le fondateur de Jacob &amp; Co, lorsque le partenariat a \u00e9t\u00e9 finalis\u00e9 : &#8220;Je continuerai \u00e0 essayer de faire de mon mieux sur le terrain et, ensemble, nous r\u00e9aliserons notre vision.&#8221;<\/p>\n<p>Ce partenariat \u00e0 long terme entre deux leaders dans leurs domaines respectifs a d\u00e9j\u00e0 donn\u00e9 naissance \u00e0 trois \u00e9ditions limit\u00e9es de l&#8217;Epic X Chrono Messi, reprenant les couleurs du drapeau argentin, le c\u00e9l\u00e8bre num\u00e9ro 10 de Messi, son logo &#8220;M&#8221; stylis\u00e9 et sa signature sur le fond du bo\u00eetier.<\/p>\n<p>Acclam\u00e9 dans le monde entier pour son incroyable pr\u00e9cision et sa vitesse dans le jeu et suivi pour son style de vie avant-gardiste, Messi a travaill\u00e9 en \u00e9troite collaboration avec Jacob &amp; Co, apportant sa contribution personnelle et ses marques uniques lors de la conception de l&#8217;\u00e9dition limit\u00e9e Epic X Chrono &#8220;Messi&#8221;.<\/p>\n<p>&#8220;Chez Jacob &amp; Co, nous nous assurons de nous associer avec les meilleurs au monde, ou nous ne nous associons pas du tout&#8221;, d\u00e9clare Jacob Arabo, fondateur de Jacob &amp; Co. &#8220;Avec Messi et l&#8217;Epic X Chrono, nous y sommes certainement parvenus&#8221;.<\/p>\n<\/div>\n<h2 class=\"section-title\">DES TOUCHES UNIQUES DE MESSI<\/h2>\n<div class=\"content-container\">\n<p>Ce partenariat \u00e0 long terme entre deux leaders dans leurs domaines respectifs a permis de cr\u00e9er des \u00e9ditions limit\u00e9es et des pi\u00e8ces uniques bas\u00e9es sur l&#8217;Epic X Chrono.<\/p>\n<p>Sur chaque montre figurent les couleurs bleu et blanc du drapeau de l&#8217;Argentine, pays d&#8217;origine de Messi.<\/p>\n<p>Le c\u00e9l\u00e8bre num\u00e9ro 10 de Messi est soulign\u00e9 en rouge sur la lunette, et son logo &#8220;M&#8221; stylis\u00e9 se trouve \u00e0 la position six heures sur le cadran. Et dans une touche extra-sp\u00e9ciale, la signature de Messi figure sur le fond du bo\u00eetier d&#8217;exposition.<\/p>\n<\/div>\n<p>&nbsp;<\/p>\n<h2 class=\"section-title\">L&#8217;\u00c9POP\u00c9E X CHRONO<\/h2>\n<div class=\"content-container\">\n<p>Jacob &amp; Co. a con\u00e7u l&#8217;Epic X pour qu&#8217;elle soit la v\u00e9ritable montre de sport de sa collection, alors quel meilleur garde-temps d\u00e9dier \u00e0 Lionel Messi ?<\/p>\n<p>Ce garde-temps est brut de d\u00e9coffrage, avec une r\u00e9sistance aux chocs int\u00e9gr\u00e9e, une \u00e9tanch\u00e9it\u00e9 \u00e0 200 m\u00e8tres et un mouvement chronographe \u00e0 roue \u00e0 colonnes de haute horlogerie. Le design bi-compax pr\u00e9sente deux cadrans secondaires de chronographe sur le cadran en cristal min\u00e9ral, qui met en valeur le mouvement semi-squelett\u00e9. Un verre saphir antireflet prot\u00e8ge le tout, \u00e0 l&#8217;avant comme \u00e0 l&#8217;arri\u00e8re.<\/p>\n<\/div>\n<h2 class=\"section-title\">PI\u00c8CE UNIQUE<\/h2>\n<div class=\"content-container\">\n<p>Ce garde-temps unique en son genre comporte les touches de Messi, notamment son logo &#8211; le M stylis\u00e9 &#8211; sur le cadran \u00e0 six heures, et sa signature sur le verre saphir au dos de la montre.<\/p>\n<p>Lionel Messi sait ce que c&#8217;est que de faire tourner les t\u00eates partout o\u00f9 il va. En portant cette montre, vous le pouvez aussi.<\/p>\n<\/div>\n<h2 class=\"section-title\">MOUVEMENT<\/h2>\n<div class=\"content-container\">\n<p>Le mouvement de haute qualit\u00e9 est un mouvement chronographe \u00e0 roue \u00e0 colonnes de fabrication suisse, partiellement squelett\u00e9. Contr\u00f4l\u00e9es par deux poussoirs (start\/stop et reset), les secondes sont compt\u00e9es par l&#8217;aiguille centrale du chronographe et les minutes par le cadran secondaire droit.<\/p>\n<\/div>\n<h2 class=\"section-title\">BO\u00ceTIER DIAMANT<\/h2>\n<div class=\"content-container\">\n<p>Le bo\u00eetier de 47 mm en titane et or blanc comporte un verre saphir antireflet, une lunette en c\u00e9ramique et des poussoirs en caoutchouc. \u00c9tanche \u00e0 200 m\u00e8tres, le bo\u00eetier est \u00e9galement dot\u00e9 d&#8217;une couronne viss\u00e9e et d&#8217;une lunette tournante int\u00e9rieure, contr\u00f4l\u00e9e par la couronne poussoir \u00e0 10 heures. Chaque surface disponible du bo\u00eetier et de la lunette est sertie \u00e0 la main de diamants blancs de taille baguette.<\/p>\n<\/div>\n<h2 class=\"section-title\">DIAL &amp; HANDS<\/h2>\n<div class=\"content-container\">\n<p>L&#8217;Epic X Chrono Messi Full Baguette pr\u00e9sente une disposition bi-compax, avec le sous-cadran droit pour les minutes du chronographe et le sous-cadran gauche pour les secondes courantes. Le cadran lui-m\u00eame est en cristal min\u00e9ral color\u00e9, ce qui permet d&#8217;apercevoir le mouvement chronographe \u00e0 roue \u00e0 colonnes situ\u00e9 en dessous.<\/p>\n<p>Les aiguilles squelettis\u00e9es compl\u00e8tent le caract\u00e8re transparent du cadran.<\/p>\n<p>La lunette int\u00e9rieure de l&#8217;Epic X Chrono Messi Full Baguette est sertie de diamants et de pierres pr\u00e9cieuses de couleur, et les lignes &#8220;X&#8221; du cadran sont serties de diamants taille baguette.<\/p>\n<\/div>\n<h2 class=\"section-title\">VUE D&#8217;ENSEMBLE<\/h2>\n<div class=\"content-container\">\n<p>Mouvement chronographe \u00e0 roue \u00e0 colonnes de fabrication suisse<\/p>\n<p>Couleurs bleu et blanc pour l&#8217;Argentine, pays d&#8217;origine de Messi<\/p>\n<p>Le c\u00e9l\u00e8bre num\u00e9ro 10 de Messi est soulign\u00e9 en rouge sur la lunette.<\/p>\n<p>Le logo &#8220;M&#8221; stylis\u00e9 de Messi \u00e0 la position de six heures<\/p>\n<p>Signature de Messi sur le fond du bo\u00eetier d&#8217;exposition<\/p>\n<p>Bo\u00eetier en titane de 47 mm<\/p>\n<p>Chaque surface disponible du bo\u00eetier, de la lunette int\u00e9rieure et du cadran est sertie \u00e0 la main de diamants blancs taille baguette et de pierres pr\u00e9cieuses de couleur.<\/p>\n<p>Double verre saphir anti-reflet<\/p>\n<p>R\u00e9sistant \u00e0 l&#8217;eau jusqu&#8217;\u00e0 200 m\u00e8tres<\/p>\n<\/div>\n","protected":false},"featured_media":25784,"comment_status":"open","ping_status":"closed","template":"","meta":{"om_disable_all_campaigns":false,"_monsterinsights_skip_tracking":false,"_monsterinsights_sitenote_active":false,"_monsterinsights_sitenote_note":"","_monsterinsights_sitenote_category":0},"product_brand":[],"product_cat":[412],"product_tag":[],"giftcard-category":[],"class_list":{"0":"post-26278","1":"product","2":"type-product","3":"status-publish","4":"has-post-thumbnail","6":"product_cat-jacob-co-fr","8":"first","9":"instock","10":"taxable","11":"shipping-taxable","12":"product-type-simple"},"aioseo_notices":[],"_links":{"self":[{"href":"https:\/\/luxurybased.com\/fr\/wp-json\/wp\/v2\/product\/26278","targetHints":{"allow":["GET"]}}],"collection":[{"href":"https:\/\/luxurybased.com\/fr\/wp-json\/wp\/v2\/product"}],"about":[{"href":"https:\/\/luxurybased.com\/fr\/wp-json\/wp\/v2\/types\/product"}],"replies":[{"embeddable":true,"href":"https:\/\/luxurybased.com\/fr\/wp-json\/wp\/v2\/comments?post=26278"}],"version-history":[{"count":2,"href":"https:\/\/luxurybased.com\/fr\/wp-json\/wp\/v2\/product\/26278\/revisions"}],"predecessor-version":[{"id":26963,"href":"https:\/\/luxurybased.com\/fr\/wp-json\/wp\/v2\/product\/26278\/revisions\/26963"}],"wp:featuredmedia":[{"embeddable":true,"href":"https:\/\/luxurybased.com\/fr\/wp-json\/wp\/v2\/media\/25784"}],"wp:attachment":[{"href":"https:\/\/luxurybased.com\/fr\/wp-json\/wp\/v2\/media?parent=26278"}],"wp:term":[{"taxonomy":"product_brand","embeddable":true,"href":"https:\/\/luxurybased.com\/fr\/wp-json\/wp\/v2\/product_brand?post=26278"},{"taxonomy":"product_cat","embeddable":true,"href":"https:\/\/luxurybased.com\/fr\/wp-json\/wp\/v2\/product_cat?post=26278"},{"taxonomy":"product_tag","embeddable":true,"href":"https:\/\/luxurybased.com\/fr\/wp-json\/wp\/v2\/product_tag?post=26278"},{"taxonomy":"giftcard-category","embeddable":true,"href":"https:\/\/luxurybased.com\/fr\/wp-json\/wp\/v2\/giftcard-category?post=26278"}],"curies":[{"name":"wp","href":"https:\/\/api.w.org\/{rel}","templated":true}]}}