{"id":26265,"date":"2023-01-03T13:02:27","date_gmt":"2023-01-03T13:02:27","guid":{"rendered":"https:\/\/luxurybased.com\/product\/epic-x-chrono-messi-titane-et-or-blanc\/"},"modified":"2023-01-29T11:13:26","modified_gmt":"2023-01-29T11:13:26","slug":"epic-x-chrono-messi-titane-et-or-blanc","status":"publish","type":"product","link":"https:\/\/luxurybased.com\/fr\/produit\/epic-x-chrono-messi-titane-et-or-blanc\/","title":{"rendered":"Jacob &amp; Co Epic X Chrono Messi Titane et or blanc"},"content":{"rendered":"","protected":false},"excerpt":{"rendered":"<p>Lionel Messi, le buteur le plus prolifique du football et sans doute le plus grand joueur de football moderne, aurait pu choisir n&#8217;importe quelle entreprise horlog\u00e8re du monde pour travailler avec lui, et il a choisi Jacob &amp; Co, l&#8217;une des marques les plus cr\u00e9atives de la haute horlogerie. Il a d\u00e9clar\u00e9 \u00e0 Jacob Arabo, le fondateur de Jacob &amp; Co, lorsque le partenariat a \u00e9t\u00e9 finalis\u00e9 : &#8220;Je continuerai \u00e0 essayer de faire de mon mieux sur le terrain et, ensemble, nous r\u00e9aliserons notre vision.&#8221;<\/p>\n<p>Acclam\u00e9 dans le monde entier pour son incroyable pr\u00e9cision et sa vitesse dans le jeu et suivi pour son style de vie avant-gardiste, Messi a travaill\u00e9 en \u00e9troite collaboration avec Jacob &amp; Co, apportant sa contribution personnelle et ses marques uniques lors de la conception des \u00e9ditions limit\u00e9es Epic X Chrono &#8220;Messi&#8221;.<\/p>\n<p>&#8220;Chez Jacob &amp; Co, nous nous assurons de nous associer avec les meilleurs au monde, ou nous ne nous associons pas du tout&#8221;, d\u00e9clare Jacob Arabo, fondateur de Jacob &amp; Co. &#8220;Avec Messi et l&#8217;Epic X Chrono, nous y sommes certainement parvenus&#8221;.<\/p>\n<p>Pour ce partenariat, Jacob &amp; Co. a choisi le garde-temps le plus sportif de notre gamme, l&#8217;Epic X Chrono, pour l&#8217;adapter \u00e0 l&#8217;un des athl\u00e8tes d&#8217;\u00e9lite les plus sportifs du monde.<\/p>\n","protected":false},"featured_media":25718,"comment_status":"open","ping_status":"closed","template":"","meta":{"om_disable_all_campaigns":false,"_monsterinsights_skip_tracking":false,"_monsterinsights_sitenote_active":false,"_monsterinsights_sitenote_note":"","_monsterinsights_sitenote_category":0},"product_brand":[],"product_cat":[412],"product_tag":[],"giftcard-category":[],"class_list":{"0":"post-26265","1":"product","2":"type-product","3":"status-publish","4":"has-post-thumbnail","6":"product_cat-jacob-co-fr","8":"first","9":"instock","10":"taxable","11":"shipping-taxable","12":"product-type-simple"},"aioseo_notices":[],"_links":{"self":[{"href":"https:\/\/luxurybased.com\/fr\/wp-json\/wp\/v2\/product\/26265","targetHints":{"allow":["GET"]}}],"collection":[{"href":"https:\/\/luxurybased.com\/fr\/wp-json\/wp\/v2\/product"}],"about":[{"href":"https:\/\/luxurybased.com\/fr\/wp-json\/wp\/v2\/types\/product"}],"replies":[{"embeddable":true,"href":"https:\/\/luxurybased.com\/fr\/wp-json\/wp\/v2\/comments?post=26265"}],"version-history":[{"count":2,"href":"https:\/\/luxurybased.com\/fr\/wp-json\/wp\/v2\/product\/26265\/revisions"}],"predecessor-version":[{"id":26992,"href":"https:\/\/luxurybased.com\/fr\/wp-json\/wp\/v2\/product\/26265\/revisions\/26992"}],"wp:featuredmedia":[{"embeddable":true,"href":"https:\/\/luxurybased.com\/fr\/wp-json\/wp\/v2\/media\/25718"}],"wp:attachment":[{"href":"https:\/\/luxurybased.com\/fr\/wp-json\/wp\/v2\/media?parent=26265"}],"wp:term":[{"taxonomy":"product_brand","embeddable":true,"href":"https:\/\/luxurybased.com\/fr\/wp-json\/wp\/v2\/product_brand?post=26265"},{"taxonomy":"product_cat","embeddable":true,"href":"https:\/\/luxurybased.com\/fr\/wp-json\/wp\/v2\/product_cat?post=26265"},{"taxonomy":"product_tag","embeddable":true,"href":"https:\/\/luxurybased.com\/fr\/wp-json\/wp\/v2\/product_tag?post=26265"},{"taxonomy":"giftcard-category","embeddable":true,"href":"https:\/\/luxurybased.com\/fr\/wp-json\/wp\/v2\/giftcard-category?post=26265"}],"curies":[{"name":"wp","href":"https:\/\/api.w.org\/{rel}","templated":true}]}}