{"id":26248,"date":"2023-01-03T13:06:22","date_gmt":"2023-01-03T12:06:22","guid":{"rendered":"https:\/\/luxurybased.com\/product\/epic-x-chrono-messi-or-blanc-titane-et-baguette\/"},"modified":"2023-02-10T20:01:16","modified_gmt":"2023-02-10T20:01:16","slug":"epic-x-chrono-messi-blanc-or-titane-et-baguette","status":"publish","type":"product","link":"https:\/\/luxurybased.com\/fr\/produit\/epic-x-chrono-messi-blanc-or-titane-et-baguette\/","title":{"rendered":"Jacob &amp; Co Epic X Chrono Messi Or blanc, Titane et Baguette"},"content":{"rendered":"","protected":false},"excerpt":{"rendered":"<h2 class=\"section-title\">Histoire<\/h2>\n<div class=\"content-container\">\n<p>Lionel Messi, le buteur le plus prolifique du football et sans doute le plus grand joueur de football moderne, aurait pu choisir n&#8217;importe quelle entreprise horlog\u00e8re du monde pour travailler avec lui, et il a choisi Jacob &amp; Co, l&#8217;une des marques les plus cr\u00e9atives de la haute horlogerie. Il a d\u00e9clar\u00e9 \u00e0 Jacob Arabo, le fondateur de Jacob &amp; Co, lorsque le partenariat a \u00e9t\u00e9 finalis\u00e9 : &#8220;Je continuerai \u00e0 essayer de faire de mon mieux sur le terrain et, ensemble, nous r\u00e9aliserons notre vision.&#8221;<\/p>\n<p>Acclam\u00e9 dans le monde entier pour son incroyable pr\u00e9cision et sa vitesse dans le jeu et suivi pour son style de vie avant-gardiste, Messi a travaill\u00e9 en \u00e9troite collaboration avec Jacob &amp; Co, apportant sa contribution personnelle et ses marques uniques lors de la conception des \u00e9ditions limit\u00e9es Epic X Chrono &#8220;Messi&#8221;.<\/p>\n<p>&#8220;Chez Jacob &amp; Co, nous nous assurons de nous associer avec les meilleurs au monde, ou nous ne nous associons pas du tout&#8221;, d\u00e9clare Jacob Arabo, fondateur de Jacob &amp; Co. &#8220;Avec Messi et l&#8217;Epic X Chrono, nous y sommes certainement parvenus&#8221;.<\/p>\n<p>Pour ce partenariat, Jacob &amp; Co. a choisi le garde-temps le plus sportif de notre gamme, l&#8217;Epic X Chrono, pour l&#8217;adapter \u00e0 l&#8217;un des athl\u00e8tes d&#8217;\u00e9lite les plus sportifs du monde.<\/p>\n<\/div>\n<h2 class=\"section-title\">Partenariat<\/h2>\n<div class=\"content-container\">\n<p>Lionel Messi, le buteur le plus prolifique du football et sans doute le meilleur joueur de football moderne, aurait pu choisir n&#8217;importe quelle entreprise horlog\u00e8re du monde pour travailler avec lui, et il a choisi Jacob &amp; Co, la marque la plus cr\u00e9ative de la haute horlogerie. Il a d\u00e9clar\u00e9 \u00e0 Jacob Arabo, le fondateur de Jacob &amp; Co, lorsque le partenariat a \u00e9t\u00e9 finalis\u00e9 : &#8220;Je continuerai \u00e0 essayer de faire de mon mieux sur le terrain et, ensemble, nous r\u00e9aliserons notre vision.&#8221;<\/p>\n<p>Ce partenariat \u00e0 long terme entre deux leaders dans leurs domaines respectifs a d\u00e9j\u00e0 donn\u00e9 naissance \u00e0 trois \u00e9ditions limit\u00e9es de l&#8217;Epic X Chrono Messi, reprenant les couleurs du drapeau argentin, le c\u00e9l\u00e8bre num\u00e9ro 10 de Messi, son logo &#8220;M&#8221; stylis\u00e9 et sa signature sur le fond du bo\u00eetier.<\/p>\n<p>Acclam\u00e9 dans le monde entier pour son incroyable pr\u00e9cision et sa vitesse dans le jeu et suivi pour son style de vie avant-gardiste, Messi a travaill\u00e9 en \u00e9troite collaboration avec Jacob &amp; Co, apportant sa contribution personnelle et ses marques uniques lors de la conception de l&#8217;\u00e9dition limit\u00e9e Epic X Chrono &#8220;Messi&#8221;.<\/p>\n<p>&#8220;Chez Jacob &amp; Co, nous nous assurons de nous associer avec les meilleurs au monde, ou nous ne nous associons pas du tout&#8221;, d\u00e9clare Jacob Arabo, fondateur de Jacob &amp; Co. &#8220;Avec Messi et l&#8217;Epic X Chrono, nous y sommes certainement parvenus&#8221;.<\/p>\n<\/div>\n<h2 class=\"section-title\">DES TOUCHES UNIQUES DE MESSI<\/h2>\n<div class=\"content-container\">\n<p>Ce partenariat \u00e0 long terme entre deux leaders dans leurs domaines respectifs a permis de cr\u00e9er des \u00e9ditions limit\u00e9es et des pi\u00e8ces uniques bas\u00e9es sur l&#8217;Epic X Chrono.<\/p>\n<p>Sur chaque montre figurent les couleurs bleu et blanc du drapeau de l&#8217;Argentine, pays d&#8217;origine de Messi.<\/p>\n<p>Le c\u00e9l\u00e8bre num\u00e9ro 10 de Messi est soulign\u00e9 en rouge sur la lunette, et son logo &#8220;M&#8221; stylis\u00e9 se trouve \u00e0 la position six heures sur le cadran. Et dans une touche extra-sp\u00e9ciale, la signature de Messi figure sur le fond du bo\u00eetier d&#8217;exposition.<\/p>\n<\/div>\n<h2 class=\"section-title\">LE MOUVEMENT<\/h2>\n<div class=\"content-container\">\n<p>Le mouvement de haute qualit\u00e9 est un mouvement chronographe \u00e0 roue \u00e0 colonnes de fabrication suisse, partiellement squelett\u00e9. Contr\u00f4l\u00e9es par deux poussoirs (start\/stop et reset), les secondes sont compt\u00e9es par l&#8217;aiguille centrale du chronographe et les minutes par le cadran secondaire droit.<\/p>\n<\/div>\n<h2 class=\"section-title\">L&#8217;AFFAIRE<\/h2>\n<div class=\"content-container\">\n<p>Le bo\u00eetier de 47 mm en or blanc et titane est dot\u00e9 d&#8217;un verre saphir antireflet, d&#8217;une lunette en c\u00e9ramique et de poussoirs en caoutchouc. \u00c9tanche \u00e0 200 m\u00e8tres, le bo\u00eetier est \u00e9galement dot\u00e9 d&#8217;une couronne viss\u00e9e et d&#8217;une lunette tournante int\u00e9rieure, contr\u00f4l\u00e9e par la couronne poussoir \u00e0 10 heures.<\/p>\n<\/div>\n<h2 class=\"section-title\">LE DIAL<\/h2>\n<div class=\"content-container\">\n<p>L&#8217;Epic X Chrono Messi a une disposition bi-compax, avec le sous-cadran droit pour les minutes du chronographe et le sous-cadran gauche pour les secondes courantes. Le cadran lui-m\u00eame est en cristal min\u00e9ral bleui, laissant entrevoir le mouvement chronographe \u00e0 roue \u00e0 colonnes situ\u00e9 en dessous.<\/p>\n<\/div>\n<h2 class=\"section-title\">En un coup d&#8217;\u0153il<\/h2>\n<div class=\"content-container\">\n<p>Chronographe \u00e0 roue \u00e0 colonnes de fabrication suisse.<\/p>\n<p>Couleurs bleu et blanc pour l&#8217;Argentine, le pays d&#8217;origine de Messi.<\/p>\n<p>Le c\u00e9l\u00e8bre num\u00e9ro 10 de Messi est soulign\u00e9 en rouge sur la lunette.<\/p>\n<p>Le logo &#8220;M&#8221; stylis\u00e9 de Messi \u00e0 la position six heures.<\/p>\n<p>Signature de Messi sur le fond du bo\u00eetier d&#8217;exposition.<\/p>\n<p>Bo\u00eetier de 47 mm en or blanc et titane.<\/p>\n<p>Double verre saphir anti-reflet.<\/p>\n<p>R\u00e9sistant \u00e0 l&#8217;eau jusqu&#8217;\u00e0 200 m\u00e8tres.<\/p>\n<\/div>\n","protected":false},"featured_media":25712,"comment_status":"open","ping_status":"closed","template":"","meta":{"om_disable_all_campaigns":false,"_monsterinsights_skip_tracking":false,"_monsterinsights_sitenote_active":false,"_monsterinsights_sitenote_note":"","_monsterinsights_sitenote_category":0},"product_brand":[],"product_cat":[412],"product_tag":[],"giftcard-category":[],"class_list":{"0":"post-26248","1":"product","2":"type-product","3":"status-publish","4":"has-post-thumbnail","6":"product_cat-jacob-co-fr","8":"first","9":"instock","10":"taxable","11":"shipping-taxable","12":"product-type-simple"},"aioseo_notices":[],"_links":{"self":[{"href":"https:\/\/luxurybased.com\/fr\/wp-json\/wp\/v2\/product\/26248","targetHints":{"allow":["GET"]}}],"collection":[{"href":"https:\/\/luxurybased.com\/fr\/wp-json\/wp\/v2\/product"}],"about":[{"href":"https:\/\/luxurybased.com\/fr\/wp-json\/wp\/v2\/types\/product"}],"replies":[{"embeddable":true,"href":"https:\/\/luxurybased.com\/fr\/wp-json\/wp\/v2\/comments?post=26248"}],"version-history":[{"count":5,"href":"https:\/\/luxurybased.com\/fr\/wp-json\/wp\/v2\/product\/26248\/revisions"}],"predecessor-version":[{"id":28053,"href":"https:\/\/luxurybased.com\/fr\/wp-json\/wp\/v2\/product\/26248\/revisions\/28053"}],"wp:featuredmedia":[{"embeddable":true,"href":"https:\/\/luxurybased.com\/fr\/wp-json\/wp\/v2\/media\/25712"}],"wp:attachment":[{"href":"https:\/\/luxurybased.com\/fr\/wp-json\/wp\/v2\/media?parent=26248"}],"wp:term":[{"taxonomy":"product_brand","embeddable":true,"href":"https:\/\/luxurybased.com\/fr\/wp-json\/wp\/v2\/product_brand?post=26248"},{"taxonomy":"product_cat","embeddable":true,"href":"https:\/\/luxurybased.com\/fr\/wp-json\/wp\/v2\/product_cat?post=26248"},{"taxonomy":"product_tag","embeddable":true,"href":"https:\/\/luxurybased.com\/fr\/wp-json\/wp\/v2\/product_tag?post=26248"},{"taxonomy":"giftcard-category","embeddable":true,"href":"https:\/\/luxurybased.com\/fr\/wp-json\/wp\/v2\/giftcard-category?post=26248"}],"curies":[{"name":"wp","href":"https:\/\/api.w.org\/{rel}","templated":true}]}}