{"id":30076,"date":"2023-06-21T11:57:36","date_gmt":"2023-06-21T10:57:36","guid":{"rendered":"https:\/\/luxurybased.com\/epos\/"},"modified":"2023-07-10T17:22:21","modified_gmt":"2023-07-10T16:22:21","slug":"epos","status":"publish","type":"page","link":"https:\/\/luxurybased.com\/fr\/marques\/epos\/","title":{"rendered":"EPOS"},"content":{"rendered":"\n<figure class=\"wp-block-image size-medium\"><img decoding=\"async\" width=\"300\" height=\"158\" data-src=\"https:\/\/luxurybased.com\/wp-content\/uploads\/2023\/07\/epos_logo-300x158.jpg\" alt=\"\" class=\"wp-image-29969 lazyload\" data-srcset=\"https:\/\/luxurybased.com\/wp-content\/uploads\/2023\/07\/epos_logo-300x158.jpg 300w, https:\/\/luxurybased.com\/wp-content\/uploads\/2023\/07\/epos_logo-1024x539.jpg 1024w, https:\/\/luxurybased.com\/wp-content\/uploads\/2023\/07\/epos_logo-768x405.jpg 768w, https:\/\/luxurybased.com\/wp-content\/uploads\/2023\/07\/epos_logo-370x195.jpg 370w, https:\/\/luxurybased.com\/wp-content\/uploads\/2023\/07\/epos_logo-850x448.jpg 850w, https:\/\/luxurybased.com\/wp-content\/uploads\/2023\/07\/epos_logo-410x216.jpg 410w, https:\/\/luxurybased.com\/wp-content\/uploads\/2023\/07\/epos_logo-600x316.jpg 600w, https:\/\/luxurybased.com\/wp-content\/uploads\/2023\/07\/epos_logo.jpg 1122w\" data-sizes=\"(max-width: 300px) 100vw, 300px\" src=\"data:image\/gif;base64,R0lGODlhAQABAAAAACH5BAEKAAEALAAAAAABAAEAAAICTAEAOw==\" style=\"--smush-placeholder-width: 300px; --smush-placeholder-aspect-ratio: 300\/158;\" \/><noscript><img decoding=\"async\" width=\"300\" height=\"158\" src=\"https:\/\/luxurybased.com\/wp-content\/uploads\/2023\/07\/epos_logo-300x158.jpg\" alt=\"\" class=\"wp-image-29969\" srcset=\"https:\/\/luxurybased.com\/wp-content\/uploads\/2023\/07\/epos_logo-300x158.jpg 300w, https:\/\/luxurybased.com\/wp-content\/uploads\/2023\/07\/epos_logo-1024x539.jpg 1024w, https:\/\/luxurybased.com\/wp-content\/uploads\/2023\/07\/epos_logo-768x405.jpg 768w, https:\/\/luxurybased.com\/wp-content\/uploads\/2023\/07\/epos_logo-370x195.jpg 370w, https:\/\/luxurybased.com\/wp-content\/uploads\/2023\/07\/epos_logo-850x448.jpg 850w, https:\/\/luxurybased.com\/wp-content\/uploads\/2023\/07\/epos_logo-410x216.jpg 410w, https:\/\/luxurybased.com\/wp-content\/uploads\/2023\/07\/epos_logo-600x316.jpg 600w, https:\/\/luxurybased.com\/wp-content\/uploads\/2023\/07\/epos_logo.jpg 1122w\" sizes=\"(max-width: 300px) 100vw, 300px\" \/><\/noscript><\/figure>\n\n<div style=\"height:62px\" aria-hidden=\"true\" class=\"wp-block-spacer\"><\/div>\n<p>Au d\u00e9but du XXe si\u00e8cle, un petit horloger suisse nomm\u00e9 <strong>EPOS<\/strong> est devenu une marque de premier plan dans l&#8217;industrie horlog\u00e8re. Fond\u00e9e en 1925 par un groupe de passionn\u00e9s de montres visionnaires, Epos s&#8217;est lanc\u00e9e dans un voyage pour red\u00e9finir les traditions horlog\u00e8res et \u00e9tablir un h\u00e9ritage d&#8217;innovation et d&#8217;excellence. <\/p>\n<p>Depuis ses humbles d\u00e9buts dans un modeste atelier en Suisse, Epos a rapidement \u00e9t\u00e9 reconnu pour son savoir-faire m\u00e9ticuleux et son souci du d\u00e9tail. Les fondateurs de la marque, anim\u00e9s par leur passion pour l&#8217;horlogerie, ont r\u00e9uni une \u00e9quipe d&#8217;artisans et d&#8217;horlogers qualifi\u00e9s qui ont partag\u00e9 leur vision. Les fondateurs de la marque, anim\u00e9s par leur passion pour l&#8217;horlogerie, ont r\u00e9uni une \u00e9quipe d&#8217;artisans et d&#8217;horlogers qualifi\u00e9s qui ont partag\u00e9 leur vision. <\/p>\n<p>Epos a adopt\u00e9 une philosophie ancr\u00e9e dans l&#8217;\u00e9l\u00e9gance intemporelle, combinant les techniques horlog\u00e8res suisses traditionnelles avec une touche contemporaine. Leurs montres sont devenues synonymes de pr\u00e9cision et de fiabilit\u00e9, captivant les amateurs de montres du monde entier. <\/p>\n<p>Au fil des d\u00e9cennies, Epos a continu\u00e9 \u00e0 repousser les limites et \u00e0 introduire des avanc\u00e9es r\u00e9volutionnaires dans l&#8217;horlogerie. L&#8217;engagement de la marque envers l&#8217;innovation a conduit au d\u00e9veloppement de complications complexes, telles que des calendriers perp\u00e9tuels, des tourbillons et des affichages de phase de lune, tous m\u00e9ticuleusement int\u00e9gr\u00e9s dans leurs garde-temps. <\/p>\n<p>Les montres Epos sont devenues l&#8217;incarnation de la pr\u00e9cision et de l&#8217;art suisses, ornant les poignets des collectionneurs et des passionn\u00e9s exigeants. L&#8217;engagement de la marque envers la qualit\u00e9 garantit que chaque montre a \u00e9t\u00e9 fabriqu\u00e9e avec le plus grand soin, en utilisant uniquement les meilleurs mat\u00e9riaux et mouvements. <\/p>\n<p>Au fil des ann\u00e9es, Epos s&#8217;est impos\u00e9 comme un symbole de luxe et de sophistication. Ses montres \u00e9taient recherch\u00e9es pour leurs designs \u00e9l\u00e9gants, leur pr\u00e9cision exceptionnelle et leur valeur durable. Les boutiques Epos et les d\u00e9taillants agr\u00e9\u00e9s sont devenus des paradis pour les connaisseurs de montres, qui attendaient avec impatience le d\u00e9voilement de chaque nouveau chef-d&#8217;\u0153uvre.  <\/p>\n<p>\u00c0 l&#8217;\u00e8re moderne, Epos continue d&#8217;\u00e9voluer, alliant son riche patrimoine \u00e0 une esth\u00e9tique contemporaine. La marque reste attach\u00e9e aux principes qui ont guid\u00e9 ses fondateurs, fabriquant des montres qui incarnent l&#8217;essence intemporelle de l&#8217;horlogerie suisse tout en embrassant les possibilit\u00e9s de l&#8217;avenir. <\/p>\n<p>Aujourd&#8217;hui, Epos est une marque horlog\u00e8re suisse de renomm\u00e9e internationale, admir\u00e9e pour son d\u00e9vouement ind\u00e9fectible \u00e0 la qualit\u00e9, \u00e0 l&#8217;innovation et \u00e0 l&#8217;art de l&#8217;horlogerie. Ses montres t\u00e9moignent de l&#8217;h\u00e9ritage durable de la marque, captivant le c\u0153ur des amateurs de montres et des collectionneurs du monde entier. <\/p>\n\n<div style=\"height:62px\" aria-hidden=\"true\" class=\"wp-block-spacer\"><\/div>\n","protected":false},"excerpt":{"rendered":"<p>Au d\u00e9but du XXe si\u00e8cle, un petit horloger suisse nomm\u00e9 EPOS est devenu une marque de premier plan dans l&#8217;industrie horlog\u00e8re. Fond\u00e9e en 1925 par un groupe de passionn\u00e9s de&hellip;<\/p>\n","protected":false},"author":1,"featured_media":0,"parent":30050,"menu_order":0,"comment_status":"closed","ping_status":"closed","template":"","meta":{"om_disable_all_campaigns":false,"_monsterinsights_skip_tracking":false,"_monsterinsights_sitenote_active":false,"_monsterinsights_sitenote_note":"","_monsterinsights_sitenote_category":0,"footnotes":""},"class_list":["post-30076","page","type-page","status-publish","hentry"],"aioseo_notices":[],"_links":{"self":[{"href":"https:\/\/luxurybased.com\/fr\/wp-json\/wp\/v2\/pages\/30076","targetHints":{"allow":["GET"]}}],"collection":[{"href":"https:\/\/luxurybased.com\/fr\/wp-json\/wp\/v2\/pages"}],"about":[{"href":"https:\/\/luxurybased.com\/fr\/wp-json\/wp\/v2\/types\/page"}],"author":[{"embeddable":true,"href":"https:\/\/luxurybased.com\/fr\/wp-json\/wp\/v2\/users\/1"}],"replies":[{"embeddable":true,"href":"https:\/\/luxurybased.com\/fr\/wp-json\/wp\/v2\/comments?post=30076"}],"version-history":[{"count":1,"href":"https:\/\/luxurybased.com\/fr\/wp-json\/wp\/v2\/pages\/30076\/revisions"}],"predecessor-version":[{"id":30077,"href":"https:\/\/luxurybased.com\/fr\/wp-json\/wp\/v2\/pages\/30076\/revisions\/30077"}],"up":[{"embeddable":true,"href":"https:\/\/luxurybased.com\/fr\/wp-json\/wp\/v2\/pages\/30050"}],"wp:attachment":[{"href":"https:\/\/luxurybased.com\/fr\/wp-json\/wp\/v2\/media?parent=30076"}],"curies":[{"name":"wp","href":"https:\/\/api.w.org\/{rel}","templated":true}]}}