{"id":27683,"date":"2023-02-09T10:27:51","date_gmt":"2023-02-09T10:27:51","guid":{"rendered":"https:\/\/luxurybased.com\/product\/jacobco-epic-x-titanio-khabib\/"},"modified":"2023-02-09T10:34:37","modified_gmt":"2023-02-09T10:34:37","slug":"jacobco-epic-x-titanium-khabib","status":"publish","type":"product","link":"https:\/\/luxurybased.com\/es\/producto\/jacobco-epic-x-titanium-khabib\/","title":{"rendered":"Jacob&amp;Co Epic X Titanio Khabib"},"content":{"rendered":"","protected":false},"excerpt":{"rendered":"<section id=\"hero---image-with-callouts-324303\" class=\"layout-hero-image-callouts\" data-page-id=\"324303\" data-theme=\"\" data-layout-id=\"6600\" data-title=\"Hero - Image with Callouts\">\n<div class=\"width-container\">\n<div class=\"callout-container\">\n<h1 class=\"page-title\">Epic X Titanium Khabib<\/h1>\n<h2 class=\"section-title\">CUENTO<\/h2>\n<div class=\"content-container\">\n<p>El oct\u00e1gono de la Ultimate Fighting Championship (UFC), a menudo llamado &#8220;jaula&#8221;, es uno de los lugares m\u00e1s peligrosos del planeta. Hace falta un coraje especial para entrar en esta arena, y algo a\u00fan m\u00e1s especial para salir vencedor. Khabib Nurmagomedov ha salido triunfante del oct\u00e1gono en 29 ocasiones, y nunca ha perdido.<\/p>\n<p>Jacob &amp; Co. s\u00f3lo se asocia con lo mejor de lo mejor, como Bugatti, Lionel Messi, Supreme y otros. Estamos orgullosos de asociarnos con Khabib, campe\u00f3n del mundo de peso ligero de la UFC y ampliamente considerado como el mejor luchador libra por libra de las Artes Marciales Mixtas (MMA). Conocido como &#8220;El \u00c1guila&#8221;, Khabib colabor\u00f3 estrechamente con Jacob &amp; Co. para crear cuatro relojes de edici\u00f3n limitada<\/p>\n<\/div>\n<\/div>\n<\/div>\n<\/section>\n<section id=\"story-324304\" class=\"layout-single-content-image\" data-page-id=\"324304\" data-theme=\"\" data-layout-id=\"6596\" data-title=\"STORY\">\n<div class=\"width-container\">\n<div class=\"image-column\"><img decoding=\"async\" class=\"content-image lazyload\" data-src=\"https:\/\/transform.octanecdn.com\/crop\/700x650\/https:\/\/dynamix-cdn.s3.amazonaws.com\/jacobandcocom\/jacobandcocom_934495670.jpg\" alt=\"un primer plano de un reloj\" src=\"data:image\/gif;base64,R0lGODlhAQABAAAAACH5BAEKAAEALAAAAAABAAEAAAICTAEAOw==\"><noscript><img decoding=\"async\" class=\"content-image\" src=\"https:\/\/transform.octanecdn.com\/crop\/700x650\/https:\/\/dynamix-cdn.s3.amazonaws.com\/jacobandcocom\/jacobandcocom_934495670.jpg\" alt=\"un primer plano de un reloj\"><\/noscript><\/div>\n<div class=\"content-column inview-cascade-fade-up inview\">\n<div class=\"content-container\">\n<p>s.<\/p>\n<\/div>\n<div class=\"buttons-container\"><\/div>\n<\/div>\n<\/div>\n<\/section>\n<section id=\"the-partnership-324307\" class=\"layout-single-content-image\" data-page-id=\"324307\" data-theme=\"\" data-layout-id=\"6596\" data-title=\"THE PARTNERSHIP\">\n<div class=\"width-container\">\n<div class=\"image-column\"><img decoding=\"async\" class=\"content-image lazyload\" data-src=\"https:\/\/transform.octanecdn.com\/crop\/700x650\/https:\/\/dynamix-cdn.s3.amazonaws.com\/jacobandcocom\/jacobandcocom_990163808.jpg\" alt=\"\" src=\"data:image\/gif;base64,R0lGODlhAQABAAAAACH5BAEKAAEALAAAAAABAAEAAAICTAEAOw==\"><noscript><img decoding=\"async\" class=\"content-image\" src=\"https:\/\/transform.octanecdn.com\/crop\/700x650\/https:\/\/dynamix-cdn.s3.amazonaws.com\/jacobandcocom\/jacobandcocom_990163808.jpg\" alt=\"\"><\/noscript><\/div>\n<div class=\"content-column inview-cascade-fade-up inview\">\n<h2 class=\"section-title\">LA ASOCIACI\u00d3N<\/h2>\n<div class=\"content-container\">\n<p>El fundador y presidente de Jacob &amp; Co., Jacob Arabo, es un amante de la lucha y ha asistido a muchos combates de MMA a lo largo de los a\u00f1os.<\/p>\n<p>&#8220;Soy un gran admirador de Khabib&#8221;, dice el Sr. Arabo. &#8220;He seguido su carrera durante mucho tiempo y cuando su equipo se acerc\u00f3 a nosotros para trabajar juntos en la creaci\u00f3n de algunos relojes de edici\u00f3n limitada, estaba muy emocionado. Para m\u00ed, Khabib es el mejor luchador libra por libra del planeta y encaja a la perfecci\u00f3n con la marca.<\/p>\n<p>Para Khabib, la asociaci\u00f3n tiene todo el sentido. &#8220;Soy diferente a cualquier otro luchador actual y Jacob &amp; Co. es igual, diferente a cualquier otra marca&#8221;, afirma. &#8220;Encajamos perfectamente&#8221;.<\/p>\n<p>La colaboraci\u00f3n incluye cuatro relojes Epic X: dos versiones Epic X Chrono, una Epic X Skeleton y una Epic X Tourbillon Skeleton.<\/p>\n<\/div>\n<div class=\"buttons-container\"><\/div>\n<\/div>\n<\/div>\n<\/section>\n<section id=\"29-0-324306\" class=\"layout-single-content-image\" data-page-id=\"324306\" data-theme=\"\" data-layout-id=\"6596\" data-title=\"29-0\">\n<div class=\"width-container\">\n<div class=\"image-column\"><img decoding=\"async\" class=\"content-image lazyload\" data-src=\"https:\/\/transform.octanecdn.com\/crop\/700x650\/https:\/\/dynamix-cdn.s3.amazonaws.com\/jacobandcocom\/jacobandcocom_508332885.jpg\" alt=\"un primer plano de un reloj\" src=\"data:image\/gif;base64,R0lGODlhAQABAAAAACH5BAEKAAEALAAAAAABAAEAAAICTAEAOw==\"><noscript><img decoding=\"async\" class=\"content-image\" src=\"https:\/\/transform.octanecdn.com\/crop\/700x650\/https:\/\/dynamix-cdn.s3.amazonaws.com\/jacobandcocom\/jacobandcocom_508332885.jpg\" alt=\"un primer plano de un reloj\"><\/noscript><\/div>\n<div class=\"content-column inview-cascade-fade-up inview\">\n<h2 class=\"section-title\">29-0<\/h2>\n<div class=\"content-container\">\n<p>Khabib Nurmagomedov nunca ha perdido en su carrera en la Ultimate Fighting Championship (UFC). Como resultado, este reloj Epic X lleva la leyenda &#8220;29-0&#8221; en el lado derecho del movimiento esqueleto, que es el r\u00e9cord de Khabib en la UFC. Ahora que Khabib se ha retirado, este r\u00e9cord quedar\u00e1 consagrado en la historia de las Artes Marciales Mixtas.<\/p>\n<\/div>\n<div class=\"buttons-container\"><\/div>\n<\/div>\n<\/div>\n<\/section>\n<section id=\"the-eagle-engraving-324305\" class=\"layout-single-content-image\" data-page-id=\"324305\" data-theme=\"\" data-layout-id=\"6596\" data-title=\"THE EAGLE ENGRAVING\">\n<div class=\"width-container\">\n<div class=\"image-column\"><img decoding=\"async\" class=\"content-image lazyload\" data-src=\"https:\/\/transform.octanecdn.com\/crop\/700x650\/https:\/\/dynamix-cdn.s3.amazonaws.com\/jacobandcocom\/jacobandcocom_336577124.jpg\" alt=\"un primer plano de un reloj\" src=\"data:image\/gif;base64,R0lGODlhAQABAAAAACH5BAEKAAEALAAAAAABAAEAAAICTAEAOw==\"><noscript><img decoding=\"async\" class=\"content-image\" src=\"https:\/\/transform.octanecdn.com\/crop\/700x650\/https:\/\/dynamix-cdn.s3.amazonaws.com\/jacobandcocom\/jacobandcocom_336577124.jpg\" alt=\"un primer plano de un reloj\"><\/noscript><\/div>\n<div class=\"content-column inview-cascade-fade-up inview\">\n<h2 class=\"section-title\">EL GRABADO DEL \u00c1GUILA<\/h2>\n<div class=\"content-container\">\n<p>De joven, Khabib empez\u00f3 a entrenarse en Sambo, la forma tradicional rusa de lucha libre. Tambi\u00e9n fue entrenado por su padre en diversas artes marciales. Tras ganar el campeonato mundial de Combat Sambo, Khabib pas\u00f3 a las MMA, donde se retir\u00f3 sin haber sido derrotado nunca (\u00a1ni siquiera derribado!). &#8211; como campe\u00f3n mundial de peso ligero de la UFC. \u00bfSu historial? 29-0.<\/p>\n<p>El apodo de Khabib es &#8220;El \u00c1guila&#8221;, por lo que este apodo est\u00e1 grabado en el interior de la funda en honor a este incre\u00edble luchador<\/p>\n<\/div>\n<div class=\"buttons-container\"><\/div>\n<\/div>\n<\/div>\n<\/section>\n<section id=\"movement-324308\" class=\"layout-single-content-image\" data-page-id=\"324308\" data-theme=\"\" data-layout-id=\"6596\" data-title=\"MOVEMENT\">\n<div class=\"width-container\">\n<div class=\"image-column\"><img decoding=\"async\" class=\"content-image lazyload\" data-src=\"https:\/\/transform.octanecdn.com\/crop\/700x650\/https:\/\/dynamix-cdn.s3.amazonaws.com\/jacobandcocom\/jacobandcocom_594662986.jpg\" alt=\"un primer plano de un reloj\" src=\"data:image\/gif;base64,R0lGODlhAQABAAAAACH5BAEKAAEALAAAAAABAAEAAAICTAEAOw==\"><noscript><img decoding=\"async\" class=\"content-image\" src=\"https:\/\/transform.octanecdn.com\/crop\/700x650\/https:\/\/dynamix-cdn.s3.amazonaws.com\/jacobandcocom\/jacobandcocom_594662986.jpg\" alt=\"un primer plano de un reloj\"><\/noscript><\/div>\n<div class=\"content-column inview-cascade-fade-up inview\">\n<h2 class=\"section-title\">MOVIMIENTO<\/h2>\n<div class=\"content-container\">\n<p>El esqueletizado es una antigua tradici\u00f3n relojera. El reto consiste en eliminar suficiente material del movimiento para hacerlo casi transparente, sin que ello afecte a su rendimiento, precisi\u00f3n o robustez.<\/p>\n<p>Los relojeros de Jacob &amp; Co. llevan d\u00e9cadas esqueletando movimientos, por lo que saben exactamente d\u00f3nde y cu\u00e1nto quitar, y el resultado es un movimiento casi transparente, configurado verticalmente para maximizar la belleza de este peque\u00f1o motor en la mu\u00f1eca.<\/p>\n<p>El movimiento JCAM02 tiene una reserva de marcha de 48 horas y exhibe el arte tradicional del esqueletizado.<\/p>\n<\/div>\n<div class=\"buttons-container\"><\/div>\n<\/div>\n<\/div>\n<\/section>\n<section id=\"video-377374\" class=\"layout-single-content-image\" data-page-id=\"377374\" data-theme=\"\" data-layout-id=\"6596\" data-title=\"Video\">\n<div class=\"width-container\">\n<div class=\"image-column\">\n<div class=\"play-btn js-modal-controller\" data-channel=\"vimeo\" data-video-id=\"542242689\"><\/div>\n<\/div>\n<div class=\"content-column inview-cascade-fade-up inview\">\n<div class=\"content-container\"><\/div>\n<div class=\"buttons-container\"><\/div>\n<\/div>\n<\/div>\n<\/section>\n<section id=\"strap-324310\" class=\"layout-single-content-image\" data-page-id=\"324310\" data-theme=\"\" data-layout-id=\"6596\" data-title=\"STRAP\">\n<div class=\"width-container\">\n<div class=\"image-column\"><img decoding=\"async\" class=\"content-image lazyload\" data-src=\"https:\/\/transform.octanecdn.com\/crop\/700x650\/https:\/\/dynamix-cdn.s3.amazonaws.com\/jacobandcocom\/jacobandcocom_793372863.jpg\" alt=\"\" src=\"data:image\/gif;base64,R0lGODlhAQABAAAAACH5BAEKAAEALAAAAAABAAEAAAICTAEAOw==\"><noscript><img decoding=\"async\" class=\"content-image\" src=\"https:\/\/transform.octanecdn.com\/crop\/700x650\/https:\/\/dynamix-cdn.s3.amazonaws.com\/jacobandcocom\/jacobandcocom_793372863.jpg\" alt=\"\"><\/noscript><\/div>\n<div class=\"content-column inview-cascade-fade-up inview\">\n<h2 class=\"section-title\">CORREA<\/h2>\n<div class=\"content-container\">\n<p>Este reloj se presenta con una correa de caucho negro o Cordura, con hebilla de titanio y PVD negro.<\/p>\n<\/div>\n<div class=\"buttons-container\"><\/div>\n<\/div>\n<\/div>\n<\/section>\n<section id=\"dial-and-hands-324309\" class=\"layout-single-content-image\" data-page-id=\"324309\" data-theme=\"\" data-layout-id=\"6596\" data-title=\"DIAL AND HANDS\">\n<div class=\"width-container\">\n<div class=\"image-column\"><img decoding=\"async\" class=\"content-image lazyload\" data-src=\"https:\/\/transform.octanecdn.com\/crop\/700x650\/https:\/\/dynamix-cdn.s3.amazonaws.com\/jacobandcocom\/jacobandcocom_144645623.jpg\" alt=\"un primer plano de un reloj\" src=\"data:image\/gif;base64,R0lGODlhAQABAAAAACH5BAEKAAEALAAAAAABAAEAAAICTAEAOw==\"><noscript><img decoding=\"async\" class=\"content-image\" src=\"https:\/\/transform.octanecdn.com\/crop\/700x650\/https:\/\/dynamix-cdn.s3.amazonaws.com\/jacobandcocom\/jacobandcocom_144645623.jpg\" alt=\"un primer plano de un reloj\"><\/noscript><\/div>\n<div class=\"content-column inview-cascade-fade-up inview\">\n<h2 class=\"section-title\">DIAL Y MANOS<\/h2>\n<div class=\"content-container\">\n<p>La belleza de los relojes esqueletados es que no tienen esfera, sino que los cristales de zafiro de la m\u00e1s alta calidad dejan al descubierto los detalles del movimiento, incluidas las ruedas, los engranajes, el volante, los puentes y el barrilete del muelle real. Las agujas esqueletadas del centro, que indican las horas y los minutos, flotan sobre el esplendor mec\u00e1nico. El minutero es de Neoralithe verde y la leyenda &#8220;The Eagle&#8221; est\u00e1 grabada en el interior de la caja.<\/p>\n<\/div>\n<\/div>\n<\/div>\n<\/section>\n","protected":false},"featured_media":27719,"comment_status":"open","ping_status":"closed","template":"","meta":{"om_disable_all_campaigns":false,"_monsterinsights_skip_tracking":false,"_monsterinsights_sitenote_active":false,"_monsterinsights_sitenote_note":"","_monsterinsights_sitenote_category":0},"product_brand":[],"product_cat":[414],"product_tag":[418,435],"giftcard-category":[],"class_list":{"0":"post-27683","1":"product","2":"type-product","3":"status-publish","4":"has-post-thumbnail","6":"product_cat-jacob-co-es","7":"product_tag-relojes-de-edicion-limitada","8":"product_tag-relojes-esqueleto","10":"first","11":"instock","12":"taxable","13":"shipping-taxable","14":"product-type-simple"},"aioseo_notices":[],"_links":{"self":[{"href":"https:\/\/luxurybased.com\/es\/wp-json\/wp\/v2\/product\/27683","targetHints":{"allow":["GET"]}}],"collection":[{"href":"https:\/\/luxurybased.com\/es\/wp-json\/wp\/v2\/product"}],"about":[{"href":"https:\/\/luxurybased.com\/es\/wp-json\/wp\/v2\/types\/product"}],"replies":[{"embeddable":true,"href":"https:\/\/luxurybased.com\/es\/wp-json\/wp\/v2\/comments?post=27683"}],"version-history":[{"count":1,"href":"https:\/\/luxurybased.com\/es\/wp-json\/wp\/v2\/product\/27683\/revisions"}],"predecessor-version":[{"id":27724,"href":"https:\/\/luxurybased.com\/es\/wp-json\/wp\/v2\/product\/27683\/revisions\/27724"}],"wp:featuredmedia":[{"embeddable":true,"href":"https:\/\/luxurybased.com\/es\/wp-json\/wp\/v2\/media\/27719"}],"wp:attachment":[{"href":"https:\/\/luxurybased.com\/es\/wp-json\/wp\/v2\/media?parent=27683"}],"wp:term":[{"taxonomy":"product_brand","embeddable":true,"href":"https:\/\/luxurybased.com\/es\/wp-json\/wp\/v2\/product_brand?post=27683"},{"taxonomy":"product_cat","embeddable":true,"href":"https:\/\/luxurybased.com\/es\/wp-json\/wp\/v2\/product_cat?post=27683"},{"taxonomy":"product_tag","embeddable":true,"href":"https:\/\/luxurybased.com\/es\/wp-json\/wp\/v2\/product_tag?post=27683"},{"taxonomy":"giftcard-category","embeddable":true,"href":"https:\/\/luxurybased.com\/es\/wp-json\/wp\/v2\/giftcard-category?post=27683"}],"curies":[{"name":"wp","href":"https:\/\/api.w.org\/{rel}","templated":true}]}}