{"id":27575,"date":"2023-02-09T09:46:40","date_gmt":"2023-02-09T09:46:40","guid":{"rendered":"https:\/\/luxurybased.com\/product\/jacobco-epic-x-chrono-negro-khabib\/"},"modified":"2023-02-09T10:02:40","modified_gmt":"2023-02-09T10:02:40","slug":"jacobco-epic-x-chrono-negro-khabib","status":"publish","type":"product","link":"https:\/\/luxurybased.com\/es\/producto\/jacobco-epic-x-chrono-negro-khabib\/","title":{"rendered":"Jacob&amp;Co Epic X Chrono Negro Khabib"},"content":{"rendered":"","protected":false},"excerpt":{"rendered":"<section id=\"epic-chrono-titanium-khabib-321508\" class=\"layout-hero-image-callouts\" data-page-id=\"321508\" data-theme=\"\" data-layout-id=\"6600\" data-title=\"Epic Chrono Titanium Khabib\">\n<div class=\"width-container\">\n<div class=\"callout-container\">\n<h1 class=\"page-title\">Epic X Chrono Negro Khabib<\/h1>\n<h2 class=\"section-title\">CUENTO<\/h2>\n<div class=\"content-container\">\n<p>El oct\u00e1gono de la Ultimate Fighting Championship (UFC), a menudo llamado &#8220;jaula&#8221;, es uno de los lugares m\u00e1s peligrosos del planeta. Hace falta un coraje especial para entrar en esta arena, y algo a\u00fan m\u00e1s especial para salir vencedor. Khabib Nurmagomedov ha salido triunfante del oct\u00e1gono en 29 ocasiones, y nunca ha perdido.<\/p>\n<p>Jacob &amp; Co. s\u00f3lo se asocia con lo mejor de lo mejor, como Bugatti, Lionel Messi, Supreme y otros. Estamos orgullosos de asociarnos con Khabib, campe\u00f3n del mundo de peso ligero de la UFC y ampliamente considerado como el mejor luchador libra por libra de las Artes Marciales Mixtas (MMA). Conocido como &#8220;El \u00c1guila&#8221;, Khabib colabor\u00f3 estrechamente con Jacob &amp; Co. para crear cuatro relojes de edici\u00f3n limitada.<\/p>\n<\/div>\n<div class=\"buttons-container\"><\/div>\n<\/div>\n<\/div>\n<\/section>\n<section id=\"story-321509\" class=\"layout-single-content-image\" data-page-id=\"321509\" data-theme=\"\" data-layout-id=\"6596\" data-title=\"STORY\">\n<div class=\"width-container\">\n<div class=\"image-column\"><img decoding=\"async\" class=\"content-image lazyload\" data-src=\"https:\/\/transform.octanecdn.com\/crop\/700x650\/https:\/\/dynamix-cdn.s3.amazonaws.com\/jacobandcocom\/jacobandcocom_288553792.jpg\" alt=\"una mano sosteniendo un reloj\" src=\"data:image\/gif;base64,R0lGODlhAQABAAAAACH5BAEKAAEALAAAAAABAAEAAAICTAEAOw==\"><noscript><img decoding=\"async\" class=\"content-image\" src=\"https:\/\/transform.octanecdn.com\/crop\/700x650\/https:\/\/dynamix-cdn.s3.amazonaws.com\/jacobandcocom\/jacobandcocom_288553792.jpg\" alt=\"una mano sosteniendo un reloj\"><\/noscript><\/div>\n<\/div>\n<div><\/div>\n<div class=\"width-container\">\n<div class=\"content-column inview-cascade-fade-up inview\">\n<div class=\"buttons-container\"><\/div>\n<\/div>\n<\/div>\n<\/section>\n<section id=\"the-partnership-324324\" class=\"layout-single-content-image\" data-page-id=\"324324\" data-theme=\"\" data-layout-id=\"6596\" data-title=\"THE PARTNERSHIP\">\n<div class=\"width-container\">\n<div class=\"image-column\"><img decoding=\"async\" class=\"content-image lazyload\" data-src=\"https:\/\/transform.octanecdn.com\/crop\/700x650\/https:\/\/dynamix-cdn.s3.amazonaws.com\/jacobandcocom\/jacobandcocom_107092520.jpg\" alt=\"logotipo\" src=\"data:image\/gif;base64,R0lGODlhAQABAAAAACH5BAEKAAEALAAAAAABAAEAAAICTAEAOw==\"><noscript><img decoding=\"async\" class=\"content-image\" src=\"https:\/\/transform.octanecdn.com\/crop\/700x650\/https:\/\/dynamix-cdn.s3.amazonaws.com\/jacobandcocom\/jacobandcocom_107092520.jpg\" alt=\"logotipo\"><\/noscript><\/div>\n<div class=\"content-column inview-cascade-fade-up inview\">\n<h2 class=\"section-title\">LA ASOCIACI\u00d3N<\/h2>\n<div class=\"content-container\">\n<p>El fundador y presidente de Jacob &amp; Co., Jacob Arabo, es un amante de la lucha y ha asistido a muchos combates de MMA a lo largo de los a\u00f1os.<\/p>\n<p>&#8220;Soy un gran admirador de Khabib&#8221;, dice el Sr. Arabo. &#8220;He seguido su carrera durante mucho tiempo y cuando su equipo se acerc\u00f3 a nosotros para trabajar juntos en la creaci\u00f3n de algunos relojes de edici\u00f3n limitada, estaba muy emocionado. Para m\u00ed, Khabib es el mejor luchador libra por libra del planeta y encaja a la perfecci\u00f3n con la marca.<\/p>\n<p>Para Khabib, la asociaci\u00f3n tiene todo el sentido. &#8220;Soy diferente a cualquier otro luchador actual y Jacob &amp; Co. es igual, diferente a cualquier otra marca&#8221;, afirma. &#8220;Encajamos perfectamente&#8221;.<\/p>\n<p>La colaboraci\u00f3n incluye cuatro relojes Epic X: dos versiones Epic X Chrono, una Epic X Skeleton y una Epic X Tourbillon Skeleton.<\/p>\n<\/div>\n<div class=\"buttons-container\"><\/div>\n<\/div>\n<\/div>\n<\/section>\n<section id=\"29-0-324323\" class=\"layout-single-content-image\" data-page-id=\"324323\" data-theme=\"\" data-layout-id=\"6596\" data-title=\"29-0\">\n<div class=\"width-container\">\n<div class=\"image-column\"><img decoding=\"async\" class=\"content-image lazyload\" data-src=\"https:\/\/transform.octanecdn.com\/crop\/700x650\/https:\/\/dynamix-cdn.s3.amazonaws.com\/jacobandcocom\/jacobandcocom_529107399.jpg\" alt=\"un primer plano de un reloj\" src=\"data:image\/gif;base64,R0lGODlhAQABAAAAACH5BAEKAAEALAAAAAABAAEAAAICTAEAOw==\"><noscript><img decoding=\"async\" class=\"content-image\" src=\"https:\/\/transform.octanecdn.com\/crop\/700x650\/https:\/\/dynamix-cdn.s3.amazonaws.com\/jacobandcocom\/jacobandcocom_529107399.jpg\" alt=\"un primer plano de un reloj\"><\/noscript><\/div>\n<div class=\"content-column inview-cascade-fade-up inview\">\n<h2 class=\"section-title\">29-0<\/h2>\n<div class=\"content-container\">\n<p>Khabib Nurmagomedov nunca ha perdido en su carrera en la Ultimate Fighting Championship (UFC). Como resultado, este reloj Epic X lleva la leyenda &#8220;29-0&#8221; en la posici\u00f3n de las 6, que es el r\u00e9cord de Khabib en la UFC. Ahora que Khabib se ha retirado, este r\u00e9cord quedar\u00e1 consagrado en la historia de las Artes Marciales Mixtas<\/p>\n<\/div>\n<div class=\"buttons-container\"><\/div>\n<\/div>\n<\/div>\n<\/section>\n<section id=\"video-349975\" class=\"layout-single-content-image\" data-page-id=\"349975\" data-theme=\"\" data-layout-id=\"6596\" data-title=\"Video\">\n<div class=\"width-container\">\n<div class=\"image-column\">\n<div class=\"play-btn js-modal-controller\" data-channel=\"vimeo\" data-video-id=\"513010204\"><\/div>\n<p><img decoding=\"async\" class=\"content-image lazyload\" data-src=\"https:\/\/transform.octanecdn.com\/crop\/700x650\/https:\/\/dynamix-cdn.s3.amazonaws.com\/jacobandcocom\/jacobandcocom_403831900.jpg\" alt=\"una mano sosteniendo un reloj\" src=\"data:image\/gif;base64,R0lGODlhAQABAAAAACH5BAEKAAEALAAAAAABAAEAAAICTAEAOw==\"><noscript><img decoding=\"async\" class=\"content-image\" src=\"https:\/\/transform.octanecdn.com\/crop\/700x650\/https:\/\/dynamix-cdn.s3.amazonaws.com\/jacobandcocom\/jacobandcocom_403831900.jpg\" alt=\"una mano sosteniendo un reloj\"><\/noscript><\/p>\n<\/div>\n<p>&nbsp;<\/p>\n<\/div>\n<\/section>\n<section id=\"the-appeal-of-the-chronograph-321510\" class=\"layout-single-content-image\" data-page-id=\"321510\" data-theme=\"\" data-layout-id=\"6596\" data-title=\"THE APPEAL OF THE CHRONOGRAPH\">\n<div class=\"width-container\">\n<div class=\"image-column\"><img decoding=\"async\" class=\"content-image lazyload\" data-src=\"https:\/\/transform.octanecdn.com\/crop\/700x650\/https:\/\/dynamix-cdn.s3.amazonaws.com\/jacobandcocom\/jacobandcocom_613909083.jpg\" alt=\"\" src=\"data:image\/gif;base64,R0lGODlhAQABAAAAACH5BAEKAAEALAAAAAABAAEAAAICTAEAOw==\"><noscript><img decoding=\"async\" class=\"content-image\" src=\"https:\/\/transform.octanecdn.com\/crop\/700x650\/https:\/\/dynamix-cdn.s3.amazonaws.com\/jacobandcocom\/jacobandcocom_613909083.jpg\" alt=\"\"><\/noscript><\/div>\n<div class=\"content-column inview-cascade-fade-up inview\">\n<h2 class=\"section-title\">EL ATRACTIVO DEL CRON\u00d3GRAFO<\/h2>\n<div class=\"content-container\">\n<p>Los cron\u00f3grafos son una de las complicaciones m\u00e1s populares en relojer\u00eda y se utilizan en relojes tanto para hombre como para mujer. Hay algo en el cron\u00f3grafo que cautiva la imaginaci\u00f3n de la gente y, como tal, esta complicaci\u00f3n est\u00e1 ciertamente muy solicitada.<\/p>\n<p>Utilizar un cron\u00f3grafo es f\u00e1cil y divertido, y muy funcional. El cron\u00f3grafo es algo que se puede utilizar para medir el tiempo, no s\u00f3lo para leer la hora. Gracias a ello, se produce una interacci\u00f3n con el reloj. La interactividad hace que las cosas sean completamente diferentes, ya que est\u00e1s haciendo algo, no s\u00f3lo leyendo algo. Haciendo esto, no puedes controlar el tiempo, pero vas en esa direcci\u00f3n.<\/p>\n<p>Los cron\u00f3grafos son muy populares porque ofrecen una complicaci\u00f3n muy accesible y cuyo dise\u00f1o est\u00e1ndar es muy atractivo.<\/p>\n<p>El Epic X Chrono se ha fabricado expresamente, por lo que tiene un estilo t\u00e9cnico y deportivo con los pulsadores del cron\u00f3grafo en el lateral de la caja, la equilibrada esfera bicompax y la visi\u00f3n del movimiento a trav\u00e9s del cristal mineral de la esfera.<\/p>\n<\/div>\n<div class=\"buttons-container\"><\/div>\n<\/div>\n<\/div>\n<\/section>\n<section id=\"movement-321511\" class=\"layout-single-content-image\" data-page-id=\"321511\" data-theme=\"\" data-layout-id=\"6596\" data-title=\"MOVEMENT\">\n<div class=\"width-container\">\n<div class=\"image-column\"><img decoding=\"async\" class=\"content-image lazyload\" data-src=\"https:\/\/transform.octanecdn.com\/crop\/700x650\/https:\/\/dynamix-cdn.s3.amazonaws.com\/jacobandcocom\/jacobandcocom_420400757.jpg\" alt=\"un primer plano de un reloj\" src=\"data:image\/gif;base64,R0lGODlhAQABAAAAACH5BAEKAAEALAAAAAABAAEAAAICTAEAOw==\"><noscript><img decoding=\"async\" class=\"content-image\" src=\"https:\/\/transform.octanecdn.com\/crop\/700x650\/https:\/\/dynamix-cdn.s3.amazonaws.com\/jacobandcocom\/jacobandcocom_420400757.jpg\" alt=\"un primer plano de un reloj\"><\/noscript><\/div>\n<div class=\"content-column inview-cascade-fade-up inview\">\n<h2 class=\"section-title\">MOVIMIENTO<\/h2>\n<div class=\"content-container\">\n<p>El movimiento cron\u00f3grafo de rueda de pilares de fabricaci\u00f3n suiza se considera el mejor de la gama, ya que es sofisticado y muy fiable. El movimiento autom\u00e1tico del Epic X Chrono est\u00e1 semiesqueletado, mostrando su naturaleza t\u00e9cnica a trav\u00e9s de la esfera de cristal mineral que lo cubre.<\/p>\n<p>Controlado por dos pulsadores (arranque\/parada y puesta a cero), la aguja central del cron\u00f3grafo cuenta los segundos y la subesfera de la derecha los minutos.<\/p>\n<\/div>\n<div class=\"buttons-container\"><\/div>\n<\/div>\n<\/div>\n<\/section>\n<section id=\"strap-324325\" class=\"layout-single-content-image\" data-page-id=\"324325\" data-theme=\"\" data-layout-id=\"6596\" data-title=\"Strap\">\n<div class=\"width-container\">\n<div class=\"image-column\"><img decoding=\"async\" class=\"content-image lazyload\" data-src=\"https:\/\/transform.octanecdn.com\/crop\/700x650\/https:\/\/dynamix-cdn.s3.amazonaws.com\/jacobandcocom\/jacobandcocom_596761425.jpg\" alt=\"un primer plano de un reloj\" src=\"data:image\/gif;base64,R0lGODlhAQABAAAAACH5BAEKAAEALAAAAAABAAEAAAICTAEAOw==\"><noscript><img decoding=\"async\" class=\"content-image\" src=\"https:\/\/transform.octanecdn.com\/crop\/700x650\/https:\/\/dynamix-cdn.s3.amazonaws.com\/jacobandcocom\/jacobandcocom_596761425.jpg\" alt=\"un primer plano de un reloj\"><\/noscript><\/div>\n<div class=\"content-column inview-cascade-fade-up inview\">\n<h2 class=\"section-title\">Correa<\/h2>\n<div class=\"content-container\">\n<p>Este reloj se entrega con una correa de caucho negro o Cordura y un cierre desplegable de titanio y PVD negro.<\/p>\n<\/div>\n<div class=\"buttons-container\"><\/div>\n<\/div>\n<\/div>\n<\/section>\n<section id=\"case-321512\" class=\"layout-single-content-image\" data-page-id=\"321512\" data-theme=\"\" data-layout-id=\"6596\" data-title=\"CASE\">\n<div class=\"width-container\">\n<div class=\"image-column\"><img decoding=\"async\" class=\"content-image lazyload\" data-src=\"https:\/\/transform.octanecdn.com\/crop\/700x650\/https:\/\/dynamix-cdn.s3.amazonaws.com\/jacobandcocom\/jacobandcocom_591646139.jpg\" alt=\"\" src=\"data:image\/gif;base64,R0lGODlhAQABAAAAACH5BAEKAAEALAAAAAABAAEAAAICTAEAOw==\"><noscript><img decoding=\"async\" class=\"content-image\" src=\"https:\/\/transform.octanecdn.com\/crop\/700x650\/https:\/\/dynamix-cdn.s3.amazonaws.com\/jacobandcocom\/jacobandcocom_591646139.jpg\" alt=\"\"><\/noscript><\/div>\n<div class=\"content-column inview-cascade-fade-up inview\">\n<h2 class=\"section-title\">CASO<\/h2>\n<div class=\"content-container\">\n<p>La caja de 47 mm del Epic X Chrono tiene un dise\u00f1o atrevido, creando una forma de &#8220;X&#8221; con las prominentes asas y recorriendo despu\u00e9s la caja y las estructuras arquitect\u00f3nicas del movimiento.<\/p>\n<p>La caja presenta un cristal de zafiro antirreflejos, un bisel de cer\u00e1mica y pulsadores de caucho, una corona atornillada y un bisel giratorio interior, controlado por la corona a presi\u00f3n situada a las 10 horas.<\/p>\n<p>Resistente al agua hasta 200 metros, el Epic X Chrono es un aut\u00e9ntico reloj deportivo que marca la diferencia y est\u00e1 dise\u00f1ado para aguantar todo lo que le eches.<\/p>\n<\/div>\n<div class=\"buttons-container\"><\/div>\n<\/div>\n<\/div>\n<\/section>\n<section id=\"the-dial-321513\" class=\"layout-single-content-image\" data-page-id=\"321513\" data-theme=\"\" data-layout-id=\"6596\" data-title=\"THE DIAL\">\n<div class=\"width-container\">\n<div class=\"image-column\"><img decoding=\"async\" class=\"content-image lazyload\" data-src=\"https:\/\/transform.octanecdn.com\/crop\/700x650\/https:\/\/dynamix-cdn.s3.amazonaws.com\/jacobandcocom\/jacobandcocom_281268772.jpg\" alt=\"\" src=\"data:image\/gif;base64,R0lGODlhAQABAAAAACH5BAEKAAEALAAAAAABAAEAAAICTAEAOw==\"><noscript><img decoding=\"async\" class=\"content-image\" src=\"https:\/\/transform.octanecdn.com\/crop\/700x650\/https:\/\/dynamix-cdn.s3.amazonaws.com\/jacobandcocom\/jacobandcocom_281268772.jpg\" alt=\"\"><\/noscript><\/div>\n<div class=\"content-column inview-cascade-fade-up inview\">\n<h2 class=\"section-title\">EL DIAL<\/h2>\n<div class=\"content-container\">\n<p>El Epic X Chrono tiene una disposici\u00f3n bi-compax, con la subesfera derecha para los minutos del cron\u00f3grafo y la subesfera izquierda para los segundos.<\/p>\n<p>&nbsp;<\/p>\n<p>Las manecillas esqueletadas con puntas luminiscentes Super-LumiNova indican la hora junto con un bisel giratorio de cronometraje interior en el Epic X Chrono, que se ajusta mediante la corona situada en la posici\u00f3n de las 10. Las fascinantes soluciones de ingenier\u00eda y la aut\u00e9ntica dedicaci\u00f3n a los m\u00e1s altos niveles de funcionalidad y comodidad de uso se reflejan en estos peque\u00f1os detalles.<\/p>\n<\/div>\n<div class=\"buttons-container\"><\/div>\n<\/div>\n<\/div>\n<\/section>\n<section id=\"at-a-glance--321514\" class=\"layout-single-content-image\" data-page-id=\"321514\" data-theme=\"\" data-layout-id=\"6596\" data-title=\"AT A GLANCE:\">\n<div class=\"width-container\">\n<div class=\"image-column\"><img decoding=\"async\" class=\"content-image lazyload\" data-src=\"https:\/\/transform.octanecdn.com\/crop\/700x650\/https:\/\/dynamix-cdn.s3.amazonaws.com\/jacobandcocom\/jacobandcocom_360854074.jpg\" alt=\"una mano sosteniendo un reloj\" src=\"data:image\/gif;base64,R0lGODlhAQABAAAAACH5BAEKAAEALAAAAAABAAEAAAICTAEAOw==\"><noscript><img decoding=\"async\" class=\"content-image\" src=\"https:\/\/transform.octanecdn.com\/crop\/700x650\/https:\/\/dynamix-cdn.s3.amazonaws.com\/jacobandcocom\/jacobandcocom_360854074.jpg\" alt=\"una mano sosteniendo un reloj\"><\/noscript><\/div>\n<div class=\"content-column inview-cascade-fade-up inview\">\n<h2 class=\"section-title\">DE UN VISTAZO:<\/h2>\n<div class=\"content-container\">\n<p>Movimiento cron\u00f3grafo autom\u00e1tico de rueda de pilares semiesqueletado<\/p>\n<p>Acabado detallado de alta gama en todo el movimiento<\/p>\n<p>Esfera de cristal mineral coloreado, que deja al descubierto el movimiento autom\u00e1tico que hay debajo<\/p>\n<p>Cristal de zafiro antirreflejos en la parte delantera y trasera, para que el movimiento de alta relojer\u00eda est\u00e9 completamente a la vista<\/p>\n<p>Atrevida caja de 47 mm en forma de X<\/p>\n<p>Banda el\u00e1stica perforada exclusiva<\/p>\n<p>Disposici\u00f3n del cron\u00f3grafo Bi-compax<\/p>\n<p>Exclusivo bisel giratorio interno<\/p>\n<\/div>\n<\/div>\n<\/div>\n<\/section>\n","protected":false},"featured_media":27580,"comment_status":"open","ping_status":"closed","template":"","meta":{"om_disable_all_campaigns":false,"_monsterinsights_skip_tracking":false,"_monsterinsights_sitenote_active":false,"_monsterinsights_sitenote_note":"","_monsterinsights_sitenote_category":0},"product_brand":[],"product_cat":[414],"product_tag":[418,419,424],"giftcard-category":[],"class_list":{"0":"post-27575","1":"product","2":"type-product","3":"status-publish","4":"has-post-thumbnail","6":"product_cat-jacob-co-es","7":"product_tag-relojes-de-edicion-limitada","8":"product_tag-relojes-de-superlujo","9":"product_tag-relojes-deportivos","11":"first","12":"instock","13":"taxable","14":"shipping-taxable","15":"product-type-simple"},"aioseo_notices":[],"_links":{"self":[{"href":"https:\/\/luxurybased.com\/es\/wp-json\/wp\/v2\/product\/27575","targetHints":{"allow":["GET"]}}],"collection":[{"href":"https:\/\/luxurybased.com\/es\/wp-json\/wp\/v2\/product"}],"about":[{"href":"https:\/\/luxurybased.com\/es\/wp-json\/wp\/v2\/types\/product"}],"replies":[{"embeddable":true,"href":"https:\/\/luxurybased.com\/es\/wp-json\/wp\/v2\/comments?post=27575"}],"version-history":[{"count":3,"href":"https:\/\/luxurybased.com\/es\/wp-json\/wp\/v2\/product\/27575\/revisions"}],"predecessor-version":[{"id":27629,"href":"https:\/\/luxurybased.com\/es\/wp-json\/wp\/v2\/product\/27575\/revisions\/27629"}],"wp:featuredmedia":[{"embeddable":true,"href":"https:\/\/luxurybased.com\/es\/wp-json\/wp\/v2\/media\/27580"}],"wp:attachment":[{"href":"https:\/\/luxurybased.com\/es\/wp-json\/wp\/v2\/media?parent=27575"}],"wp:term":[{"taxonomy":"product_brand","embeddable":true,"href":"https:\/\/luxurybased.com\/es\/wp-json\/wp\/v2\/product_brand?post=27575"},{"taxonomy":"product_cat","embeddable":true,"href":"https:\/\/luxurybased.com\/es\/wp-json\/wp\/v2\/product_cat?post=27575"},{"taxonomy":"product_tag","embeddable":true,"href":"https:\/\/luxurybased.com\/es\/wp-json\/wp\/v2\/product_tag?post=27575"},{"taxonomy":"giftcard-category","embeddable":true,"href":"https:\/\/luxurybased.com\/es\/wp-json\/wp\/v2\/giftcard-category?post=27575"}],"curies":[{"name":"wp","href":"https:\/\/api.w.org\/{rel}","templated":true}]}}