{"id":27018,"date":"2023-01-26T20:53:44","date_gmt":"2023-01-26T19:53:44","guid":{"rendered":"https:\/\/luxurybased.com\/product\/jacob-co-epic-x-titanium-azul-cielo\/"},"modified":"2023-02-08T12:44:44","modified_gmt":"2023-02-08T12:44:44","slug":"jacob-co-epic-x-titanio-sky-azul","status":"publish","type":"product","link":"https:\/\/luxurybased.com\/es\/producto\/jacob-co-epic-x-titanio-sky-azul\/","title":{"rendered":"Jacob &amp; Co EPIC X Titanium Azul cielo"},"content":{"rendered":"","protected":false},"excerpt":{"rendered":"<h2 class=\"section-title\">CUENTO<\/h2>\n<div class=\"content-container\">\n<p>El Epic X es una evoluci\u00f3n moderna de una de las formas m\u00e1s tradicionales de la relojer\u00eda. El reloj abierto, o &#8220;esqueletado&#8221;, permite que el movimiento sea visible tanto a trav\u00e9s de la esfera como del fondo del reloj, eliminando la mayor cantidad posible de metal sin comprometer la funcionalidad. El objetivo del relojero que elabora un reloj calado es lograr el m\u00e1ximo nivel de transparencia posible; la dif\u00edcil combinaci\u00f3n de ligereza visual con integridad estructural.<\/p>\n<p>La funda Epic X es atrevida y elegante, a la vez que robusta, por lo que realmente puede acompa\u00f1arte a lo largo del d\u00eda, a la oficina, a una cena informal o incluso a una fiesta elegante.<\/p>\n<\/div>\n<h2 class=\"section-title\">MOVIMIENTO ESQUEL\u00c9TICO<\/h2>\n<div class=\"content-container\">\n<p>El esqueletizado es una antigua tradici\u00f3n relojera. El reto consiste en eliminar suficiente material del movimiento para hacerlo casi transparente, sin que ello afecte a su rendimiento, precisi\u00f3n o robustez.<\/p>\n<p>Los relojeros de Jacob &amp; Co. llevan d\u00e9cadas esqueletando movimientos, por lo que saben exactamente d\u00f3nde y cu\u00e1nto quitar, y el resultado es un movimiento casi transparente, configurado verticalmente para maximizar la belleza de este peque\u00f1o motor en la mu\u00f1eca.<\/p>\n<p>El movimiento de cuerda manual del Epic X est\u00e1 colocado en posici\u00f3n vertical y esqueletado y, a continuaci\u00f3n, finamente acabado, por lo que es casi transparente.<\/p>\n<\/div>\n<h2 class=\"section-title\">ESTUCHE Y CRISTAL<\/h2>\n<div class=\"content-container\">\n<p>El dise\u00f1o de esta caja de 44 mm es audaz y distintivo, con su poderosa forma de &#8220;X&#8221;. El movimiento de cuerda manual se muestra a trav\u00e9s de los cristales de zafiro antirreflejos del anverso y el reverso.<\/p>\n<\/div>\n<h2 class=\"section-title\">DIAL Y MANOS<\/h2>\n<div class=\"content-container\">\n<p>La belleza de los relojes esqueleto es que no tienen esfera, sino que los cristales de zafiro de la m\u00e1s alta calidad dejan al descubierto los detalles del movimiento, las ruedas, los engranajes, el volante, los puentes y el barrilete. Las agujas esqueletadas en forma de hoja del centro, que indican las horas y los minutos, flotan sobre el esplendor mec\u00e1nico.<\/p>\n<\/div>\n<p>&nbsp;<\/p>\n","protected":false},"featured_media":29020,"comment_status":"open","ping_status":"closed","template":"","meta":{"om_disable_all_campaigns":false,"_monsterinsights_skip_tracking":false,"_monsterinsights_sitenote_active":false,"_monsterinsights_sitenote_note":"","_monsterinsights_sitenote_category":0},"product_brand":[],"product_cat":[414],"product_tag":[419,433,435],"giftcard-category":[],"class_list":{"0":"post-27018","1":"product","2":"type-product","3":"status-publish","4":"has-post-thumbnail","6":"product_cat-jacob-co-es","7":"product_tag-relojes-de-superlujo","8":"product_tag-relojes-de-vestir","9":"product_tag-relojes-esqueleto","11":"first","12":"instock","13":"taxable","14":"shipping-taxable","15":"purchasable","16":"product-type-simple"},"aioseo_notices":[],"_links":{"self":[{"href":"https:\/\/luxurybased.com\/es\/wp-json\/wp\/v2\/product\/27018","targetHints":{"allow":["GET"]}}],"collection":[{"href":"https:\/\/luxurybased.com\/es\/wp-json\/wp\/v2\/product"}],"about":[{"href":"https:\/\/luxurybased.com\/es\/wp-json\/wp\/v2\/types\/product"}],"replies":[{"embeddable":true,"href":"https:\/\/luxurybased.com\/es\/wp-json\/wp\/v2\/comments?post=27018"}],"version-history":[{"count":1,"href":"https:\/\/luxurybased.com\/es\/wp-json\/wp\/v2\/product\/27018\/revisions"}],"predecessor-version":[{"id":27564,"href":"https:\/\/luxurybased.com\/es\/wp-json\/wp\/v2\/product\/27018\/revisions\/27564"}],"wp:featuredmedia":[{"embeddable":true,"href":"https:\/\/luxurybased.com\/es\/wp-json\/wp\/v2\/media\/29020"}],"wp:attachment":[{"href":"https:\/\/luxurybased.com\/es\/wp-json\/wp\/v2\/media?parent=27018"}],"wp:term":[{"taxonomy":"product_brand","embeddable":true,"href":"https:\/\/luxurybased.com\/es\/wp-json\/wp\/v2\/product_brand?post=27018"},{"taxonomy":"product_cat","embeddable":true,"href":"https:\/\/luxurybased.com\/es\/wp-json\/wp\/v2\/product_cat?post=27018"},{"taxonomy":"product_tag","embeddable":true,"href":"https:\/\/luxurybased.com\/es\/wp-json\/wp\/v2\/product_tag?post=27018"},{"taxonomy":"giftcard-category","embeddable":true,"href":"https:\/\/luxurybased.com\/es\/wp-json\/wp\/v2\/giftcard-category?post=27018"}],"curies":[{"name":"wp","href":"https:\/\/api.w.org\/{rel}","templated":true}]}}