{"id":26270,"date":"2023-01-03T13:15:00","date_gmt":"2023-01-03T13:15:00","guid":{"rendered":"https:\/\/luxurybased.com\/product\/epic-x-chrono-messi-full-baguette\/"},"modified":"2023-01-29T11:13:28","modified_gmt":"2023-01-29T11:13:28","slug":"epic-x-chrono-messi-full-baguette","status":"publish","type":"product","link":"https:\/\/luxurybased.com\/es\/producto\/epic-x-chrono-messi-full-baguette\/","title":{"rendered":"Jacob &amp; Co Epic X Chrono Messi Full Baguette"},"content":{"rendered":"","protected":false},"excerpt":{"rendered":"<h2 class=\"section-title\">Historia<\/h2>\n<div class=\"content-container\">\n<p>Si tu objetivo es pasar desapercibido a lo largo del d\u00eda, el nuevo Epic X Chrono Messi Full Baguette definitivamente NO es para ti.<\/p>\n<p>Este es el segundo a\u00f1o que Jacob &amp; Co. colabora con el futbolista Lionel Messi en una colecci\u00f3n exclusiva de relojes de edici\u00f3n limitada. El GOAT es un creador de tendencias, especialmente en lo que se refiere a relojes, y esta nueva pieza \u00fanica es toda una maravilla.<\/p>\n<p>La colecci\u00f3n actual incluye un Epic X Chrono Messi de titanio, un modelo en oro rosa y una versi\u00f3n en oro blanco y baguette. Ahora, esta pieza \u00fanica sube el list\u00f3n, con casi todas las superficies disponibles engastadas con piedras preciosas.<\/p>\n<p>La caja y las asas de 47 mm de oro blanco de 18 quilates est\u00e1n engastadas con un total de 141 quilates de diamantes baguette, mientras que las coronas est\u00e1n engastadas con diamantes redondos. Incluso la esfera de cristal mineral azul est\u00e1 adornada con diamantes, rub\u00edes y zafiros, mientras que el cierre de la correa calada de caucho o alig\u00e1tor tambi\u00e9n est\u00e1 engastado con diamantes baguette.<\/p>\n<p>Los diamantes, rub\u00edes y zafiros sit\u00faan a esta pieza en una compa\u00f1\u00eda enrarecida, ya que los expertos engastadores de diamantes de Jacob &amp; Co. no tienen parang\u00f3n en la industria relojera y joyera. Se trata de una <em>proeza<\/em> del arte del engaste, ya que las piedras preciosas complementan el atrevido estilo en forma de X del Epic X Chrono en lugar de sobrecargarlo. Todav\u00eda se puede apreciar la estructura de la exclusiva caja de oro blanco, que marca un hito en su mu\u00f1eca.<\/p>\n<\/div>\n<h2 class=\"section-title\">Asociaci\u00f3n<\/h2>\n<div class=\"content-container\">\n<p>Lionel Messi, el goleador m\u00e1s prol\u00edfico del f\u00fatbol y posiblemente el mejor jugador de f\u00fatbol moderno, podr\u00eda haber elegido cualquier empresa relojera del mundo para trabajar, y eligi\u00f3 Jacob &amp; Co, la marca de alta relojer\u00eda m\u00e1s creativa. Le dijo a Jacob Arabo, fundador de Jacob &amp; Co, cuando se concret\u00f3 la asociaci\u00f3n: &#8220;Seguir\u00e9 intentando dar lo mejor de m\u00ed en el campo y juntos haremos realidad nuestra visi\u00f3n&#8221;.<\/p>\n<p>Esta asociaci\u00f3n a largo plazo entre dos l\u00edderes de sus respectivos campos ya ha creado tres ediciones limitadas del Epic X Chrono Messi, que incorporan los colores de la bandera de Argentina, el famoso n\u00famero 10 de Messi, su estilizado logotipo de la &#8220;M&#8221; y su firma en el fondo de la caja.<\/p>\n<p>Alabado en todo el mundo por su incre\u00edble precisi\u00f3n y velocidad en el deporte rey y seguido por su estilo de vida que marca tendencia, Messi ha colaborado estrechamente con Jacob &amp; Co, aportando su contribuci\u00f3n personal y su sello exclusivo a la hora de dise\u00f1ar la Edici\u00f3n Limitada Epic X Chrono &#8220;Messi&#8221;.<\/p>\n<p>&#8220;En Jacob &amp; Co. nos aseguramos de asociarnos con los mejores del mundo, o no nos asociamos&#8221;, afirma Jacob Arabo, fundador de Jacob &amp; Co. &#8220;Con Messi y la Epic X Chrono, sin duda lo hemos conseguido&#8221;.<\/p>\n<\/div>\n<h2 class=\"section-title\">TOQUES \u00daNICOS DE MESSI<\/h2>\n<div class=\"content-container\">\n<p>Esta asociaci\u00f3n a largo plazo entre dos l\u00edderes de sus respectivos campos ha creado ediciones limitadas y piezas \u00fanicas basadas en el Epic X Chrono.<\/p>\n<p>En cada reloj figuran los colores azul y blanco de la bandera de Argentina, el pa\u00eds natal de Messi.<\/p>\n<p>El famoso n\u00famero 10 de Messi est\u00e1 resaltado en rojo en el bisel, y su estilizado logotipo &#8220;M&#8221; se encuentra en la posici\u00f3n de las seis en punto de la esfera. Y como toque especial, la firma de Messi aparece en el fondo de la caja.<\/p>\n<\/div>\n<p>&nbsp;<\/p>\n<h2 class=\"section-title\">LA \u00c9PICA X CRONO<\/h2>\n<div class=\"content-container\">\n<p>Jacob &amp; Co. dise\u00f1\u00f3 el Epic X para que fuera el verdadero reloj deportivo de su colecci\u00f3n, as\u00ed que \u00bfqu\u00e9 mejor reloj para dedicar a Lionel Messi?<\/p>\n<p>Este reloj es rudo y listo, con resistencia a los golpes incorporada, resistencia al agua hasta 200 metros y un movimiento cron\u00f3grafo de rueda de pilares de alta relojer\u00eda. El dise\u00f1o bi-compax presenta dos subesferas de cron\u00f3grafo en la esfera de cristal mineral, que muestra el movimiento semiesqueletado. Un cristal de zafiro antirreflejos lo protege todo, por delante y por detr\u00e1s.<\/p>\n<\/div>\n<h2 class=\"section-title\">PIEZA \u00daNICA<\/h2>\n<div class=\"content-container\">\n<p>Este reloj \u00fanico en su g\u00e9nero tiene los toques de Messi, incluido su logotipo -la M estilizada- en la esfera a las seis, y su firma en el cristal de zafiro de la parte trasera del reloj.<\/p>\n<p>Lionel Messi sabe lo que es llamar la atenci\u00f3n all\u00e1 donde va. Con este reloj, t\u00fa tambi\u00e9n puedes.<\/p>\n<\/div>\n<h2 class=\"section-title\">MOVIMIENTO<\/h2>\n<div class=\"content-container\">\n<p>El movimiento de alta calidad es un cron\u00f3grafo de rueda de pilares de fabricaci\u00f3n suiza, parcialmente esqueletizado. Controlado por dos pulsadores (arranque\/parada y puesta a cero), la aguja central del cron\u00f3grafo cuenta los segundos y la subesfera de la derecha los minutos.<\/p>\n<\/div>\n<h2 class=\"section-title\">ESTUCHE DE DIAMANTES<\/h2>\n<div class=\"content-container\">\n<p>La caja de 47 mm de titanio y oro blanco incorpora un cristal de zafiro antirreflejos, un bisel de cer\u00e1mica y pulsadores de caucho. Resistente al agua hasta 200 metros, la caja tambi\u00e9n tiene una corona atornillada y un bisel giratorio interior, controlado por la corona a presi\u00f3n situada a las 10 horas. Todas las superficies disponibles de la caja y el bisel est\u00e1n engastadas a mano con diamantes blancos talla baguette.<\/p>\n<\/div>\n<h2 class=\"section-title\">DIAL &amp; MANOS<\/h2>\n<div class=\"content-container\">\n<p>El Epic X Chrono Messi Full Baguette tiene una disposici\u00f3n bi-compax, con la subesfera derecha para los minutos del cron\u00f3grafo y la subesfera izquierda para los segundos. La esfera es de cristal mineral coloreado, lo que permite ver el movimiento de cron\u00f3grafo de rueda de pilares.<\/p>\n<p>Las agujas esqueletadas completan el car\u00e1cter transparente de la esfera.<\/p>\n<p>El bisel interior del Epic X Chrono Messi Full Baguette est\u00e1 engastado con diamantes y piedras preciosas de color, y las l\u00edneas &#8220;X&#8221; de la esfera est\u00e1n engastadas con diamantes talla baguette.<\/p>\n<\/div>\n<h2 class=\"section-title\">DE UN VISTAZO<\/h2>\n<div class=\"content-container\">\n<p>Movimiento cron\u00f3grafo de rueda de pilares de fabricaci\u00f3n suiza<\/p>\n<p>Colores azul y blanco para Argentina, el pa\u00eds natal de Messi<\/p>\n<p>El famoso n\u00famero 10 de Messi resaltado en rojo en el bisel<\/p>\n<p>La &#8220;M&#8221; estilizada de Messi a las seis en punto<\/p>\n<p>Firma de Messi en el fondo de la caja<\/p>\n<p>Caja de titanio de 47 mm<\/p>\n<p>Todas las superficies disponibles de la caja, el bisel interior y la esfera est\u00e1n engastadas a mano con diamantes blancos talla baguette y piedras preciosas de color.<\/p>\n<p>Doble cristal de zafiro antirreflejos<\/p>\n<p>Resistente al agua hasta 200 metros<\/p>\n<\/div>\n","protected":false},"featured_media":25785,"comment_status":"open","ping_status":"closed","template":"","meta":{"om_disable_all_campaigns":false,"_monsterinsights_skip_tracking":false,"_monsterinsights_sitenote_active":false,"_monsterinsights_sitenote_note":"","_monsterinsights_sitenote_category":0},"product_brand":[],"product_cat":[414],"product_tag":[],"giftcard-category":[],"class_list":{"0":"post-26270","1":"product","2":"type-product","3":"status-publish","4":"has-post-thumbnail","6":"product_cat-jacob-co-es","8":"first","9":"instock","10":"taxable","11":"shipping-taxable","12":"product-type-simple"},"aioseo_notices":[],"_links":{"self":[{"href":"https:\/\/luxurybased.com\/es\/wp-json\/wp\/v2\/product\/26270","targetHints":{"allow":["GET"]}}],"collection":[{"href":"https:\/\/luxurybased.com\/es\/wp-json\/wp\/v2\/product"}],"about":[{"href":"https:\/\/luxurybased.com\/es\/wp-json\/wp\/v2\/types\/product"}],"replies":[{"embeddable":true,"href":"https:\/\/luxurybased.com\/es\/wp-json\/wp\/v2\/comments?post=26270"}],"version-history":[{"count":2,"href":"https:\/\/luxurybased.com\/es\/wp-json\/wp\/v2\/product\/26270\/revisions"}],"predecessor-version":[{"id":26968,"href":"https:\/\/luxurybased.com\/es\/wp-json\/wp\/v2\/product\/26270\/revisions\/26968"}],"wp:featuredmedia":[{"embeddable":true,"href":"https:\/\/luxurybased.com\/es\/wp-json\/wp\/v2\/media\/25785"}],"wp:attachment":[{"href":"https:\/\/luxurybased.com\/es\/wp-json\/wp\/v2\/media?parent=26270"}],"wp:term":[{"taxonomy":"product_brand","embeddable":true,"href":"https:\/\/luxurybased.com\/es\/wp-json\/wp\/v2\/product_brand?post=26270"},{"taxonomy":"product_cat","embeddable":true,"href":"https:\/\/luxurybased.com\/es\/wp-json\/wp\/v2\/product_cat?post=26270"},{"taxonomy":"product_tag","embeddable":true,"href":"https:\/\/luxurybased.com\/es\/wp-json\/wp\/v2\/product_tag?post=26270"},{"taxonomy":"giftcard-category","embeddable":true,"href":"https:\/\/luxurybased.com\/es\/wp-json\/wp\/v2\/giftcard-category?post=26270"}],"curies":[{"name":"wp","href":"https:\/\/api.w.org\/{rel}","templated":true}]}}