{"id":30835,"date":"2023-07-12T12:22:04","date_gmt":"2023-07-12T11:22:04","guid":{"rendered":"https:\/\/luxurybased.com\/joyas\/"},"modified":"2023-08-10T11:49:18","modified_gmt":"2023-08-10T10:49:18","slug":"joyas","status":"publish","type":"page","link":"https:\/\/luxurybased.com\/es\/joyas\/","title":{"rendered":"Comprar Joyas"},"content":{"rendered":"\n<h2 class=\"wp-block-heading\">Joyer\u00eda de lujo<\/h2>\n\n<p>Estamos agregando m\u00e1s joyas de lujo todos los d\u00edas.<\/p>\n","protected":false},"excerpt":{"rendered":"<p>Joyer\u00eda de lujo Estamos agregando m\u00e1s joyas de lujo todos los d\u00edas.<\/p>\n","protected":false},"author":1,"featured_media":0,"parent":0,"menu_order":0,"comment_status":"closed","ping_status":"closed","template":"elementor_header_footer","meta":{"om_disable_all_campaigns":false,"_monsterinsights_skip_tracking":false,"_monsterinsights_sitenote_active":false,"_monsterinsights_sitenote_note":"","_monsterinsights_sitenote_category":0,"footnotes":""},"class_list":["post-30835","page","type-page","status-publish","hentry"],"aioseo_notices":[],"_links":{"self":[{"href":"https:\/\/luxurybased.com\/es\/wp-json\/wp\/v2\/pages\/30835","targetHints":{"allow":["GET"]}}],"collection":[{"href":"https:\/\/luxurybased.com\/es\/wp-json\/wp\/v2\/pages"}],"about":[{"href":"https:\/\/luxurybased.com\/es\/wp-json\/wp\/v2\/types\/page"}],"author":[{"embeddable":true,"href":"https:\/\/luxurybased.com\/es\/wp-json\/wp\/v2\/users\/1"}],"replies":[{"embeddable":true,"href":"https:\/\/luxurybased.com\/es\/wp-json\/wp\/v2\/comments?post=30835"}],"version-history":[{"count":11,"href":"https:\/\/luxurybased.com\/es\/wp-json\/wp\/v2\/pages\/30835\/revisions"}],"predecessor-version":[{"id":31403,"href":"https:\/\/luxurybased.com\/es\/wp-json\/wp\/v2\/pages\/30835\/revisions\/31403"}],"wp:attachment":[{"href":"https:\/\/luxurybased.com\/es\/wp-json\/wp\/v2\/media?parent=30835"}],"curies":[{"name":"wp","href":"https:\/\/api.w.org\/{rel}","templated":true}]}}