{"id":26062,"date":"2020-08-27T08:23:10","date_gmt":"2020-08-27T07:23:10","guid":{"rendered":"https:\/\/luxurybased.com\/politica-de-privacidad\/"},"modified":"2020-08-27T08:23:10","modified_gmt":"2020-08-27T08:23:10","slug":"politica-de-privacidad","status":"publish","type":"page","link":"https:\/\/luxurybased.com\/es\/politica-de-privacidad\/","title":{"rendered":"Pol\u00edtica de privacidad"},"content":{"rendered":"<p><b>Pol\u00edtica de privacidad<\/b><\/p>\n<p>Gestionamos el sitio web www.raritywatches.com y recopilamos determinados datos de nuestros clientes y visitantes cuando es necesario. En la siguiente pol\u00edtica de privacidad de datos se le informar\u00e1 de lo que hacemos con sus datos, los llamados datos personales, y por qu\u00e9 lo hacemos. Tambi\u00e9n le informaremos de c\u00f3mo protegemos sus datos, cu\u00e1ndo se suprimen y qu\u00e9 derechos le asisten en materia de protecci\u00f3n de datos. En primer lugar: Respetamos las leyes de protecci\u00f3n de datos y protegemos su privacidad.<\/p>\n<p>Pero queremos ser completamente abiertos: Internet vive del intercambio de datos y a\u00fan tiene muchas lagunas de seguridad. Aunque sus datos est\u00e9n cifrados cuando visita nuestro sitio web, siempre existe un riesgo residual al intercambiar datos con otros sitios web a m\u00e1s tardar. Si visita otros sitios web, por ejemplo a trav\u00e9s de un enlace en nuestro sitio web, tenga en cuenta que esta pol\u00edtica de privacidad no se aplica a ese sitio web externo.<\/p>\n<p><b>\u00bfQu\u00e9 son los datos personales?<\/b><\/p>\n<p>Los datos personales en este sentido son todos los detalles individuales sobre circunstancias personales o f\u00e1cticas de una persona f\u00edsica espec\u00edfica o identificable, como el nombre, la direcci\u00f3n o la direcci\u00f3n de correo electr\u00f3nico, pero tambi\u00e9n las direcciones IP.<\/p>\n<p><b>\u00bfA qui\u00e9n puedo dirigirme?<\/b><\/p>\n<p>Www.raritywatches.com es responsable de sus Servicios y de la protecci\u00f3n de sus datos. Si tiene preguntas concretas sobre sus datos personales, la supresi\u00f3n de sus datos personales o cosas similares, puede ponerse en contacto con nosotros en:<\/p>\n<p>Grupo AP<br \/>\nL&#8217; Espalmera 10<\/p>\n<p>La Massana AD 400<\/p>\n<p>Andorra<br \/>\nCorreo electr\u00f3nico: <a href=\"mailto:contact@raritywatches.com\"><br \/>\n  <u>contacto<\/u><br \/>\n  <u>@raritywatches.com<\/u><br \/>\n<\/a><\/p>\n<p><b>\u00bfCu\u00e1les son mis derechos?<\/b><\/p>\n<p>Puede ponerse en contacto con nosotros en cualquier momento si tiene alguna duda sobre sus derechos en materia de protecci\u00f3n de datos o si desea ejercer alguno de los siguientes derechos:<\/p>\n<ul>\n<li><b>Derecho a retirar<\/b> su consentimiento (por ejemplo, puede ponerse en contacto con nosotros si desea cancelar un consentimiento previamente dado a un bolet\u00edn informativo)<\/li>\n<li><b>Derecho a acceder a sus datos<\/b> -por ejemplo, puede ponerse en contacto con nosotros si desea saber qu\u00e9 datos tenemos almacenados sobre usted-.<\/li>\n<li><b>Derecho a corregir sus datos<\/b> -por ejemplo, puede ponerse en contacto con nosotros si ha cambiado su direcci\u00f3n de correo electr\u00f3nico y debemos sustituir la antigua-.<\/li>\n<li><b>Derecho a la supresi\u00f3n de sus datos<\/b>: por ejemplo, puede ponerse en contacto con nosotros si desea que eliminemos determinados datos que hemos almacenado sobre usted.<\/li>\n<li><b>Derecho a limitar la recogida de datos<\/b>: por ejemplo, puede ponerse en contacto con nosotros si no desea que utilicemos su direcci\u00f3n de correo electr\u00f3nico para boletines informativos, sino s\u00f3lo para enviar correos electr\u00f3nicos absolutamente necesarios.<\/li>\n<li><b>Derecho a<\/b> <b>llevarse<\/b> <b>sus datos<\/b>: por ejemplo, puede ponerse en contacto con nosotros para recibir sus datos en formato comprimido si desea cargarlos en otro sitio web.<\/li>\n<li><b>Derecho a oponerse al<\/b> <b>tratamiento de <\/b><b>sus datos<\/b>. puede ponerse en contacto con nosotros si no est\u00e1 de acuerdo con alguno de los procedimientos de an\u00e1lisis de usuarios descritos en esta pol\u00edtica de privacidad<\/li>\n<li><b>Derecho a enviar reclamaciones<\/b>: por ejemplo, puede ponerse en contacto directamente con la autoridad de control de protecci\u00f3n de datos.<\/li>\n<\/ul>\n<p><b>Supresi\u00f3n de datos y plazos de conservaci\u00f3n<\/b><\/p>\n<p>A menos que se indique lo contrario, eliminaremos o anonimizaremos sus datos tan pronto como ya no sean necesarios (por ejemplo, su direcci\u00f3n de correo electr\u00f3nico despu\u00e9s de darse de baja de nuestro bolet\u00edn). Sus datos tambi\u00e9n se eliminar\u00e1n o anonimizar\u00e1n autom\u00e1ticamente si expira el periodo de almacenamiento obligatorio (por ejemplo, los exigidos por ley para las operaciones de pago). Estos datos pueden ser necesarios durante periodos m\u00e1s largos por motivos legales. Puede solicitar informaci\u00f3n sobre todos los datos personales que tenemos almacenados sobre usted.<\/p>\n<p><b>Visite nuestro sitio web<\/b><\/p>\n<p>Si s\u00f3lo desea navegar por nuestro sitio web, no recogemos ning\u00fan dato personal, a excepci\u00f3n de los datos que nos env\u00eda su navegador, por ejemplo<\/p>\n<ul>\n<li><b>Direcci\u00f3n IP<\/b><\/li>\n<li><b>Localizaci\u00f3n aproximada basada en el rango IP<\/b><\/li>\n<li><b>Proveedor de Internet<\/b><\/li>\n<li><b>Velocidad de conexi\u00f3n a Internet<\/b><\/li>\n<li><b>Fecha y hora de la visita<\/b><\/li>\n<li><b>\u00daltimo sitio web visitado<\/b><\/li>\n<li><b>Navegador y versi\u00f3n<\/b><\/li>\n<li><b>Sistema operativo<\/b><\/li>\n<li><b>Hardware<\/b> (por ejemplo, procesador)<\/li>\n<\/ul>\n<p>Lo m\u00e1s interesante para usted como visitante de nuestro sitio web es probablemente su direcci\u00f3n IP, ya que te\u00f3ricamente puede ser rastreada hasta usted como persona. Para proteger su privacidad, eliminamos o anonimizamos su direcci\u00f3n IP despu\u00e9s de su visita. Por lo tanto, todos los dem\u00e1s datos posiblemente asociados a ella ya no pueden ser rastreados hasta usted. S\u00f3lo se utilizar\u00e1 con fines an\u00f3nimos y estad\u00edsticos para optimizar nuestro sitio web. El prop\u00f3sito de almacenar temporalmente estos datos es necesario para establecer una conexi\u00f3n, as\u00ed como para cargar nuestro sitio web de la manera para la que fue dise\u00f1ado. Por lo tanto, estos datos son necesarios para mostrar el sitio web en su pantalla, evitar problemas de visualizaci\u00f3n y otros mensajes t\u00e9cnicos de error. La base jur\u00eddica es el inter\u00e9s leg\u00edtimo de conformidad con los requisitos europeos de protecci\u00f3n de datos.<\/p>\n<p><b>Formularios de contacto<\/b><\/p>\n<p>Cuando se pone en contacto con nosotros directamente por correo electr\u00f3nico, s\u00f3lo almacenamos su direcci\u00f3n de correo electr\u00f3nico y el contenido correspondiente a efectos de su solicitud y lo eliminamos despu\u00e9s.<\/p>\n<ul>\n<li>Nombre y apellidos<\/li>\n<li>Tel\u00e9fono<\/li>\n<li>direcci\u00f3n de correo electr\u00f3nico<\/li>\n<li>Mensaje\/ Su mensaje<\/li>\n<\/ul>\n<p>Como medida de protecci\u00f3n de su privacidad, el contacto se establece a trav\u00e9s de una conexi\u00f3n cifrada, igual que una visita al resto del sitio web. Adem\u00e1s, aplicamos el principio de minimizaci\u00f3n de datos y s\u00f3lo recogemos los datos realmente requeridos en el formulario de contacto. Tras el establecimiento satisfactorio del contacto con usted y la omisi\u00f3n definitiva del motivo de contacto, sus datos se eliminan. La finalidad de los datos solicitados es ponernos en contacto con usted, por lo que los datos s\u00f3lo se utilizan para este fin. La base jur\u00eddica es su consentimiento de conformidad con los requisitos europeos de protecci\u00f3n de datos.<\/p>\n<p><b>Datos de los solicitantes<\/b><\/p>\n<p>Recogemos y tratamos los datos personales de los solicitantes con el fin de tramitar el procedimiento de solicitud. El tratamiento tambi\u00e9n podr\u00e1 efectuarse por v\u00eda electr\u00f3nica. Este es especialmente el caso si un solicitante nos env\u00eda los documentos de solicitud correspondientes por medios electr\u00f3nicos, por ejemplo, por correo electr\u00f3nico o a trav\u00e9s de un formulario web en el sitio web. Si celebramos un contrato de trabajo con un solicitante, los datos transmitidos se almacenar\u00e1n con el fin de tramitar la relaci\u00f3n laboral de conformidad con las disposiciones legales. Si no celebramos un contrato de trabajo con el solicitante, los documentos de solicitud se eliminar\u00e1n 3 meses despu\u00e9s de la notificaci\u00f3n de la decisi\u00f3n de denegaci\u00f3n, siempre que ning\u00fan otro inter\u00e9s leg\u00edtimo nuestro se oponga a la eliminaci\u00f3n.<\/p>\n<p><b>Estimaci\u00f3n del valor<\/b><b>maci\u00f3n de un reloj \/ Canje \/ Registro<\/b><\/p>\n<p>Tambi\u00e9n tiene la opci\u00f3n de que nosotros evaluemos su reloj y se registre en nuestro sitio web para luego iniciar sesi\u00f3n en cualquier momento con una cuenta de usuario. Para que se califique su reloj, debe introducir su direcci\u00f3n de correo electr\u00f3nico. A continuaci\u00f3n, seleccione su tipo de reloj y sus datos, introduzca su nombre y apellidos y su n\u00famero de tel\u00e9fono. Esto crea un usuario. A continuaci\u00f3n, tendr\u00e1 la oportunidad de inscribirse en nuestro sitio web.<\/p>\n<p>Si cancela el proceso de evaluaci\u00f3n, nos gustar\u00eda enviarle un correo electr\u00f3nico con ayuda para facilitar la evaluaci\u00f3n posterior. Si no desea hacerlo, puede informarnos de ello en los datos de contacto antes mencionados o utilizar el procedimiento correspondiente para darse de baja en cada correo electr\u00f3nico que le enviemos.<\/p>\n<p>Para registrarse con nosotros, se requieren los siguientes datos:<\/p>\n<ul>\n<li>direcci\u00f3n de correo electr\u00f3nico<\/li>\n<\/ul>\n<p>&#8211; Nombre\/Apellido &#8211; N\u00famero de tel\u00e9fono &#8211; Nombre de usuario &#8221; Nombre de usuario &#8211; Contrase\u00f1a<\/p>\n<p><b>Lista de deseos \/ Alarma de precios<\/b><\/p>\n<p>Tiene la posibilidad de memorizar determinados relojes y de ser informado por correo electr\u00f3nico sobre la disponibilidad y las reducciones de precio. Para suscribirse a este servicio, s\u00f3lo tiene que introducir su direcci\u00f3n de correo electr\u00f3nico. Despu\u00e9s tiene la posibilidad de registrarse, lo que le da la posibilidad de ver un resumen de todas las entradas de vigilancia y de eliminar algunas si es necesario. Tambi\u00e9n en este caso nos gustar\u00eda enviarle un correo electr\u00f3nico con informaci\u00f3n. Si no desea hacerlo, puede informarnos de ello en los datos de contacto antes mencionados o utilizar el procedimiento correspondiente para darse de baja en cada correo electr\u00f3nico que le enviemos.<\/p>\n<p>Cesta de la compra \/ Compra Para comprar un reloj debe estar registrado. Durante el proceso de pedido tambi\u00e9n debe introducir su direcci\u00f3n de facturaci\u00f3n y su direcci\u00f3n de entrega. Si no finaliza el proceso, nos gustar\u00eda enviarle un correo electr\u00f3nico con informaci\u00f3n y ayuda. Si no desea hacerlo, puede informarnos de ello en los datos de contacto antes mencionados o utilizar el procedimiento correspondiente para darse de baja en cada correo electr\u00f3nico que le enviemos.<\/p>\n<p>Como salvaguardia para proteger su privacidad, los datos que introduce se transmiten a trav\u00e9s de una conexi\u00f3n cifrada, al igual que su visita al resto del sitio web. Tambi\u00e9n aplicamos el principio de minimizaci\u00f3n de datos y s\u00f3lo recopilamos los datos realmente necesarios. Adem\u00e1s, le asignamos un pa\u00eds en funci\u00f3n de la direcci\u00f3n IP transmitida de su dispositivo. Estos datos se almacenan para poder mostrarle la gama aplicable de m\u00e9todos de pago. La finalidad de los datos solicitados es crear una cuenta de usuario para el uso de funciones avanzadas en el sitio web. El registro es voluntario y puede revocarse o eliminar los datos del usuario en cualquier momento. La base jur\u00eddica es el consentimiento del usuario de conformidad con los requisitos europeos de protecci\u00f3n de datos.<\/p>\n<p><b>Bolet\u00edn de noticias<\/b><\/p>\n<p>Para el env\u00edo de nuestro bolet\u00edn de noticias utilizamos el procedimiento denominado &#8220;double opt-in&#8221;. Por lo tanto, s\u00f3lo le enviaremos un bolet\u00edn por correo electr\u00f3nico si confirma en nuestro correo electr\u00f3nico de notificaci\u00f3n que desea recibir nuestro bolet\u00edn haciendo clic en un enlace. Si confirma su deseo de recibir el bolet\u00edn, guardaremos su direcci\u00f3n de correo electr\u00f3nico con el fin de enviarle el bolet\u00edn.<\/p>\n<p>Por supuesto, puede darse de baja de nuestro bolet\u00edn en cualquier momento, encontrar\u00e1 un enlace en cada bolet\u00edn. Si hace clic en el enlace, ser\u00e1 redirigido y podr\u00e1 confirmar su cancelaci\u00f3n por correo electr\u00f3nico. De esta forma nos aseguramos de que el cierre de sesi\u00f3n se aplica en todos los procesos. Tambi\u00e9n puede ponerse en contacto con nosotros a trav\u00e9s de los datos indicados m\u00e1s arriba.<\/p>\n<p><b>Galletas<\/b><\/p>\n<p>Utilizamos cookies en nuestro sitio web. Las cookies son peque\u00f1os archivos de texto que suelen almacenarse en una carpeta de su navegador. Las cookies contienen informaci\u00f3n sobre la visita actual o la \u00faltima visita a nuestro sitio web:<br \/>\nSi las cookies no contienen una fecha de caducidad exacta, s\u00f3lo se almacenan temporalmente y se eliminan autom\u00e1ticamente en cuanto cierra el navegador o reinicia el dispositivo. Las cookies con fecha de caducidad seguir\u00e1n almacen\u00e1ndose aunque cierre el navegador o reinicie el dispositivo. Dichas cookies no se eliminar\u00e1n hasta la fecha especificada o si usted las elimina manualmente.<\/p>\n<p>En nuestro sitio web utilizamos los tres tipos de cookies siguientes:<\/p>\n<ul>\n<li>Cookies obligatorias (cookies que son necesarias, por ejemplo, para mostrarle correctamente el sitio web y para almacenar temporalmente determinados ajustes).<\/li>\n<li>Cookies funcionales y relacionadas con el rendimiento (cookies que nos ayudan a mejorar nuestro sitio web, por ejemplo, para evaluar datos t\u00e9cnicos de su visita y evitar mensajes de error).<\/li>\n<li>Cookies de publicidad y an\u00e1lisis (cookies que proporcionan an\u00e1lisis y anuncios personalizados.<\/li>\n<\/ul>\n<p>Puede configurar, bloquear y eliminar las cookies en la configuraci\u00f3n de su navegador. Si elimina todas las cookies de nuestro sitio web, es posible que algunas funciones del mismo no se muestren correctamente.<br \/>\nA excepci\u00f3n de las cookies t\u00e9cnicamente necesarias, los dem\u00e1s tipos de cookies s\u00f3lo se activan previo consentimiento expreso. Este consentimiento puede revocarse en cualquier momento. La opci\u00f3n de revocaci\u00f3n y m\u00e1s informaci\u00f3n se encuentran en la configuraci\u00f3n de cookies.<\/p>\n<p><b>Fuentes de Google<\/b><\/p>\n<p>Google Fonts (https:\/\/fonts.google.com) de Google Inc. 1600 Amphitheatre Parkway, Mountain View, CA 94043, EE.UU. (&#8220;Google&#8221;), una colecci\u00f3n de fuentes de Google, se utilizan para mejorar visualmente el tipo de letra. Estas fuentes se transfieren a la carpeta de almacenamiento de su navegador y se activan cuando visita este sitio web u otros. Si no se admite, el texto de la p\u00e1gina web s\u00f3lo se mostrar\u00e1 en una fuente est\u00e1ndar. Para ello, se env\u00eda una solicitud a dominios como fonts.googleapis.com o fonts.gstatic.com, que por razones t\u00e9cnicas contiene su direcci\u00f3n IP. Sin embargo, sus datos no se fusionar\u00e1n con otros ni se rastrear\u00e1n hasta usted personalmente.<\/p>\n<p>Como salvaguarda para proteger su privacidad, nos hemos asegurado de que, al acceder a la colecci\u00f3n de fuentes de Google, los datos no se fusionen con otras ofertas de Google, por ejemplo, si tiene una cuenta de usuario de Google. La informaci\u00f3n en ingl\u00e9s sobre protecci\u00f3n de datos en Google Fonts as\u00ed lo confirma (https:\/\/developers.google.com\/fonts\/faq). Adem\u00e1s, se aplican los elevados est\u00e1ndares de seguridad de la plataforma de Google y la pol\u00edtica de privacidad asociada de Google (http:\/\/www.google.com\/intl\/de-DE\/privacy). Dado que Google tiene su sede en EE.UU. y, por tanto, en uno de los denominados terceros pa\u00edses, se requieren garant\u00edas adicionales para asegurar un nivel europeo adecuado de protecci\u00f3n de datos. Google ha firmado con nosotros cl\u00e1usulas especiales de protecci\u00f3n de datos (las llamadas cl\u00e1usulas contractuales tipo de la UE sobre protecci\u00f3n de datos).<br \/>\nLa finalidad de la transmisi\u00f3n de datos es la correcta representaci\u00f3n de las fuentes en la forma establecida por nosotros. La direcci\u00f3n IP es necesaria para conectarse a los servidores de Google y descargar la colecci\u00f3n de fuentes si no est\u00e1 ya almacenada en el dispositivo. La base jur\u00eddica es el denominado inter\u00e9s leg\u00edtimo, que se ha examinado para perseguir la finalidad y en el marco de las medidas de protecci\u00f3n antes mencionadas y de conformidad con los requisitos europeos de protecci\u00f3n de datos en virtud del GDPR<\/p>\n<p><b>An\u00e1lisis del sitio web:<\/b><\/p>\n<p><b>Google Analytics<\/b><\/p>\n<p>Utilizamos Google Analytics, un servicio anal\u00edtico de web prestado por Google Inc, 1600 Amphitheatre Parkway, Mountain View, CA 94043, EE.UU. (&#8220;Google&#8221;). Google Analytics utiliza las cookies publicitarias y anal\u00edticas descritas anteriormente para analizar nuestro sitio web con respecto a su comportamiento de uso. La informaci\u00f3n generada por estas cookies se transfiere a un servidor de Google en los EE.UU. y se almacena all\u00ed. Sin embargo, su direcci\u00f3n IP se acorta antes de que se eval\u00faen las estad\u00edsticas de uso, de modo que no se puede establecer una conexi\u00f3n directa con usted como persona. Para ello, utilizamos la funci\u00f3n &#8220;anonymizeIp&#8221; para garantizar la recogida an\u00f3nima de direcciones IP. Google utilizar\u00e1 la informaci\u00f3n an\u00f3nima recopilada por las cookies para evaluar el uso del sitio web y elaborar informes sobre la actividad del mismo. Google podr\u00e1 transmitir dicha informaci\u00f3n a terceros cuando as\u00ed se lo requiera la legislaci\u00f3n, o cuando dichos terceros procesen la informaci\u00f3n por cuenta de Google.<\/p>\n<p>Tambi\u00e9n puede configurar su navegador para que rechace las cookies, o puede impedir que Google recopile y analice los datos descargando e instalando un complemento para el navegador (https:\/\/tools.google.com\/dlpage\/gaoptout?hl=en) de Google. Como alternativa al complemento del navegador o dentro de los navegadores en dispositivos m\u00f3viles, puede establecer una cookie de inhabilitaci\u00f3n para evitar la recopilaci\u00f3n futura por parte de Google Analytics dentro de este sitio web (la inhabilitaci\u00f3n solo funciona en el navegador y solo para este dominio). Si borra las cookies de este navegador, deber\u00e1 volver a hacer clic en este enlace.<\/p>\n<p>Como salvaguardia para proteger su privacidad, utilizamos la funci\u00f3n de anonimizaci\u00f3n que ofrece Google, como se ha mencionado anteriormente, mientras que los an\u00e1lisis no se basan en usted como persona, sino \u00fanicamente en datos estad\u00edsticos. Adem\u00e1s, se aplican los altos est\u00e1ndares de seguridad de la plataforma de Google y su pol\u00edtica de privacidad de datos. La finalidad del uso de Google Analytics es analizar (de forma an\u00f3nima) el comportamiento de uso de nuestros sitios web. La informaci\u00f3n recopilada nos ayuda a mejorar nuestros sitios web y juegos. La base jur\u00eddica es el consentimiento de conformidad con el GDPR<\/p>\n","protected":false},"excerpt":{"rendered":"<p>Pol\u00edtica de privacidad Gestionamos el sitio web www.raritywatches.com y recopilamos determinados datos de nuestros clientes y visitantes cuando es necesario. En la siguiente pol\u00edtica de privacidad de datos se le&hellip;<\/p>\n","protected":false},"author":1,"featured_media":0,"parent":0,"menu_order":0,"comment_status":"closed","ping_status":"closed","template":"","meta":{"om_disable_all_campaigns":false,"_monsterinsights_skip_tracking":false,"_monsterinsights_sitenote_active":false,"_monsterinsights_sitenote_note":"","_monsterinsights_sitenote_category":0,"footnotes":""},"class_list":["post-26062","page","type-page","status-publish","hentry"],"aioseo_notices":[],"_links":{"self":[{"href":"https:\/\/luxurybased.com\/es\/wp-json\/wp\/v2\/pages\/26062","targetHints":{"allow":["GET"]}}],"collection":[{"href":"https:\/\/luxurybased.com\/es\/wp-json\/wp\/v2\/pages"}],"about":[{"href":"https:\/\/luxurybased.com\/es\/wp-json\/wp\/v2\/types\/page"}],"author":[{"embeddable":true,"href":"https:\/\/luxurybased.com\/es\/wp-json\/wp\/v2\/users\/1"}],"replies":[{"embeddable":true,"href":"https:\/\/luxurybased.com\/es\/wp-json\/wp\/v2\/comments?post=26062"}],"version-history":[{"count":0,"href":"https:\/\/luxurybased.com\/es\/wp-json\/wp\/v2\/pages\/26062\/revisions"}],"wp:attachment":[{"href":"https:\/\/luxurybased.com\/es\/wp-json\/wp\/v2\/media?parent=26062"}],"curies":[{"name":"wp","href":"https:\/\/api.w.org\/{rel}","templated":true}]}}