{"id":30932,"date":"2023-07-11T15:35:42","date_gmt":"2023-07-11T14:35:42","guid":{"rendered":"https:\/\/luxurybased.com\/product\/charriol-geneva-st-tropez-watch-25mm\/"},"modified":"2023-07-11T15:35:42","modified_gmt":"2023-07-11T14:35:42","slug":"st-tropez-watch-25mm","status":"publish","type":"product","link":"https:\/\/luxurybased.com\/ca\/producte\/st-tropez-watch-25mm\/","title":{"rendered":"Charriol Geneva St-Tropez Watch 25mm"},"content":{"rendered":"","protected":false},"excerpt":{"rendered":"<h3>Charriol Geneva St-Tropez Watch 25mm<\/h3>\n<p>El nou rellotge de St-Tropez amb diamants de fabricaci\u00f3 su\u00efssa i or groc est\u00e0 constru\u00eft amb el disseny original de 1983 amb una esfera m\u00e9s oberta, un bisell m\u00e9s prim i unes tapes de polsera refinadas. Caja de reloj chapada en oro amarillo de 25 mm engastada con 36 diamantes blancos de 0,27 quilates y grabada con el logotipo de St-Tropez en el lateral, esfera de n\u00e1car blanco con 11 cifras romanas cl\u00e1sicas, movimiento de cuarzo suizo ETA, montado en un brazalete de 5 cables de acero inoxidable de 2 mm con adornos ovalados calados chapados en oro amarillo, cadena y cierre de seguridad.<\/p>\n","protected":false},"featured_media":30376,"comment_status":"open","ping_status":"closed","template":"","meta":{"om_disable_all_campaigns":false,"_monsterinsights_skip_tracking":false,"_monsterinsights_sitenote_active":false,"_monsterinsights_sitenote_note":"","_monsterinsights_sitenote_category":0},"product_brand":[],"product_cat":[603],"product_tag":[614,437],"giftcard-category":[],"class_list":{"0":"post-30932","1":"product","2":"type-product","3":"status-publish","4":"has-post-thumbnail","6":"product_cat-charriol-geneva-ca","7":"product_tag-ladies-dress-watches-ca","8":"product_tag-rellotges-de-dona","10":"first","11":"instock","12":"taxable","13":"shipping-taxable","14":"purchasable","15":"product-type-simple"},"aioseo_notices":[],"_links":{"self":[{"href":"https:\/\/luxurybased.com\/ca\/wp-json\/wp\/v2\/product\/30932","targetHints":{"allow":["GET"]}}],"collection":[{"href":"https:\/\/luxurybased.com\/ca\/wp-json\/wp\/v2\/product"}],"about":[{"href":"https:\/\/luxurybased.com\/ca\/wp-json\/wp\/v2\/types\/product"}],"replies":[{"embeddable":true,"href":"https:\/\/luxurybased.com\/ca\/wp-json\/wp\/v2\/comments?post=30932"}],"version-history":[{"count":0,"href":"https:\/\/luxurybased.com\/ca\/wp-json\/wp\/v2\/product\/30932\/revisions"}],"wp:featuredmedia":[{"embeddable":true,"href":"https:\/\/luxurybased.com\/ca\/wp-json\/wp\/v2\/media\/30376"}],"wp:attachment":[{"href":"https:\/\/luxurybased.com\/ca\/wp-json\/wp\/v2\/media?parent=30932"}],"wp:term":[{"taxonomy":"product_brand","embeddable":true,"href":"https:\/\/luxurybased.com\/ca\/wp-json\/wp\/v2\/product_brand?post=30932"},{"taxonomy":"product_cat","embeddable":true,"href":"https:\/\/luxurybased.com\/ca\/wp-json\/wp\/v2\/product_cat?post=30932"},{"taxonomy":"product_tag","embeddable":true,"href":"https:\/\/luxurybased.com\/ca\/wp-json\/wp\/v2\/product_tag?post=30932"},{"taxonomy":"giftcard-category","embeddable":true,"href":"https:\/\/luxurybased.com\/ca\/wp-json\/wp\/v2\/giftcard-category?post=30932"}],"curies":[{"name":"wp","href":"https:\/\/api.w.org\/{rel}","templated":true}]}}