{"id":30858,"date":"2023-07-13T17:31:57","date_gmt":"2023-07-13T16:31:57","guid":{"rendered":"https:\/\/luxurybased.com\/product\/charriol-geneva-st-tropez-apple-watch-band-l-size\/"},"modified":"2023-07-13T17:31:57","modified_gmt":"2023-07-13T16:31:57","slug":"charriol-geneva-st-tropez-apple-watch-band-l-size","status":"publish","type":"product","link":"https:\/\/luxurybased.com\/ca\/producte\/charriol-geneva-st-tropez-apple-watch-band-l-size\/","title":{"rendered":"Charriol Geneva St-Tropez Apple Watch band L SIZE"},"content":{"rendered":"","protected":false},"excerpt":{"rendered":"<h2>Charriol Geneva St-Tropez Apple Watch band L SIZE<\/h2>\n<p>&nbsp;<\/p>\n<p>Afegeix un toc femen\u00ed delici\u00f3s al teu rellotge intel\u00b7ligent amb aquesta polsera \u00fanica feta de 6 cables d&#8217;acer inoxidable de 2 mm, decorada amb 2 elements d&#8217;acer calats i una cadena fina amb tancament de seguretat. Els accessoris lliscants oficials s&#8217;adaptaran a tots els models Apple S\u00e8rie 3 (caixa de 38 mm), S\u00e8rie SE\/4\/5\/6 (caixa de 40 mm), S\u00e8rie 7 (funda de 41 mm) i S\u00e8rie 8. Us presentem les corretges Apple Watch de Charriol, el nostre cl\u00e0ssic cable trenat actualitzat per a una era digital moderna.<\/p>\n","protected":false},"featured_media":30332,"comment_status":"open","ping_status":"closed","template":"","meta":{"om_disable_all_campaigns":false,"_monsterinsights_skip_tracking":false,"_monsterinsights_sitenote_active":false,"_monsterinsights_sitenote_note":"","_monsterinsights_sitenote_category":0},"product_brand":[],"product_cat":[603,613],"product_tag":[],"giftcard-category":[],"class_list":{"0":"post-30858","1":"product","2":"type-product","3":"status-publish","4":"has-post-thumbnail","6":"product_cat-charriol-geneva-ca","7":"product_cat-joieria","9":"first","10":"instock","11":"taxable","12":"shipping-taxable","13":"product-type-simple"},"aioseo_notices":[],"_links":{"self":[{"href":"https:\/\/luxurybased.com\/ca\/wp-json\/wp\/v2\/product\/30858","targetHints":{"allow":["GET"]}}],"collection":[{"href":"https:\/\/luxurybased.com\/ca\/wp-json\/wp\/v2\/product"}],"about":[{"href":"https:\/\/luxurybased.com\/ca\/wp-json\/wp\/v2\/types\/product"}],"replies":[{"embeddable":true,"href":"https:\/\/luxurybased.com\/ca\/wp-json\/wp\/v2\/comments?post=30858"}],"version-history":[{"count":0,"href":"https:\/\/luxurybased.com\/ca\/wp-json\/wp\/v2\/product\/30858\/revisions"}],"wp:featuredmedia":[{"embeddable":true,"href":"https:\/\/luxurybased.com\/ca\/wp-json\/wp\/v2\/media\/30332"}],"wp:attachment":[{"href":"https:\/\/luxurybased.com\/ca\/wp-json\/wp\/v2\/media?parent=30858"}],"wp:term":[{"taxonomy":"product_brand","embeddable":true,"href":"https:\/\/luxurybased.com\/ca\/wp-json\/wp\/v2\/product_brand?post=30858"},{"taxonomy":"product_cat","embeddable":true,"href":"https:\/\/luxurybased.com\/ca\/wp-json\/wp\/v2\/product_cat?post=30858"},{"taxonomy":"product_tag","embeddable":true,"href":"https:\/\/luxurybased.com\/ca\/wp-json\/wp\/v2\/product_tag?post=30858"},{"taxonomy":"giftcard-category","embeddable":true,"href":"https:\/\/luxurybased.com\/ca\/wp-json\/wp\/v2\/giftcard-category?post=30858"}],"curies":[{"name":"wp","href":"https:\/\/api.w.org\/{rel}","templated":true}]}}