{"id":29450,"date":"2023-05-16T17:28:47","date_gmt":"2023-05-16T16:28:47","guid":{"rendered":"https:\/\/luxurybased.com\/product\/epic-x-cr7-heart-of-cr7\/"},"modified":"2023-06-07T12:36:07","modified_gmt":"2023-06-07T11:36:07","slug":"epic-x-cr7-heart-of-cr7","status":"publish","type":"product","link":"https:\/\/luxurybased.com\/ca\/producte\/epic-x-cr7-heart-of-cr7\/","title":{"rendered":"Epic X CR7 &#8211; Heart of CR7"},"content":{"rendered":"","protected":false},"excerpt":{"rendered":"<section id=\"hero---image-with-callouts-602308\" class=\"layout-hero-image-callouts\" data-page-id=\"602308\" data-theme=\"\" data-layout-id=\"6600\" data-title=\"Hero - Image with Callouts\">\n<div class=\"width-container\">\n<div class=\"callout-container\">\n<h1 class=\"page-title\">Heart of CR7<\/h1>\n<\/div>\n<\/div>\n<\/section>\n<section id=\"story-602309\" class=\"layout-single-content-image\" data-page-id=\"602309\" data-theme=\"\" data-layout-id=\"6596\" data-title=\"STORY\">\n<div class=\"width-container\">\n<div class=\"image-column\"><img decoding=\"async\" class=\"content-image lazyload\" data-src=\"https:\/\/transform.octanecdn.com\/crop\/700x650\/https:\/\/dynamix-cdn.s3.amazonaws.com\/jacobandcocom\/jacobandcocom_790844994.jpg\" alt=\"Jacob &amp; Co x CR7 Epic X Stainless Steel\" src=\"data:image\/gif;base64,R0lGODlhAQABAAAAACH5BAEKAAEALAAAAAABAAEAAAICTAEAOw==\"><noscript><img decoding=\"async\" class=\"content-image\" src=\"https:\/\/transform.octanecdn.com\/crop\/700x650\/https:\/\/dynamix-cdn.s3.amazonaws.com\/jacobandcocom\/jacobandcocom_790844994.jpg\" alt=\"Jacob &amp; Co x CR7 Epic X Stainless Steel\"><\/noscript><\/div>\n<div class=\"content-column inview-cascade-fade-up inview\">\n<h2 class=\"section-title\">HIST\u00d2RIA<\/h2>\n<div class=\"content-container\">\n<p>Cristiano Ronaldo \u00e9s un soci proper i de llarga data de Jacob &amp; Co. Ell i el fundador i president Jacob Arabo han establert una forta relaci\u00f3 basada en la confian\u00e7a i el respecte durant els \u00faltims vint anys. Jacob Arabo va con\u00e8ixer Cristiano Ronaldo quan el futbolista nascut a Madeira era una prometedora estrella en ascens i la seva amistat mai no ha fallat des d&#8217;aleshores.<\/p>\n<p>Tots dos homes immediatament van trobar un terreny en com\u00fa en la seva recerca de l&#8217;excel\u00b7l\u00e8ncia. Van crear el seu \u00e8xit des de la base i ho van aconseguir amb una determinaci\u00f3 i un treball implacables. La seva relaci\u00f3 s&#8217;ha convertit ara en una empresa empresarial en la qual Jacob &amp; Co dissenya i fabrica rellotges a la imatge de Cristiano Ronaldo, que s\u00f3n comarcas per ambdues pot\u00e8ncies.<\/p>\n<p>&nbsp;<\/p>\n<p>&nbsp;<\/p>\n<p>&nbsp;<\/p>\n<\/div>\n<div class=\"buttons-container\"><\/div>\n<\/div>\n<\/div>\n<\/section>\n<section id=\"a-celebration-of-cristiano-ronaldo-602310\" class=\"layout-single-content-image\" data-page-id=\"602310\" data-theme=\"\" data-layout-id=\"6596\" data-title=\"A CELEBRATION OF CRISTIANO RONALDO\">\n<div class=\"width-container\">\n<div class=\"image-column\"><img decoding=\"async\" class=\"content-image lazyload\" data-src=\"https:\/\/transform.octanecdn.com\/crop\/700x650\/https:\/\/dynamix-cdn.s3.amazonaws.com\/jacobandcocom\/jacobandcocom_582954156.jpg\" alt=\"un casc verd i blanc\" src=\"data:image\/gif;base64,R0lGODlhAQABAAAAACH5BAEKAAEALAAAAAABAAEAAAICTAEAOw==\"><noscript><img decoding=\"async\" class=\"content-image\" src=\"https:\/\/transform.octanecdn.com\/crop\/700x650\/https:\/\/dynamix-cdn.s3.amazonaws.com\/jacobandcocom\/jacobandcocom_582954156.jpg\" alt=\"un casc verd i blanc\"><\/noscript><\/div>\n<div class=\"content-column inview-cascade-fade-up inview\">\n<h2 class=\"section-title\">UNA CELEBRACI\u00d3 DE CRISTIANO RONALDO<\/h2>\n<div class=\"content-container\">\n<p>La <a href=\"https:\/\/jacobandco.com\/timepieces\/flight-of-cr7-baguette\">col\u00b7lecci\u00f3 Epic X de Jacob &amp; Co x CR7<\/a> \u00e9s una versi\u00f3 profundament personalitzada de l&#8217;Epic X. T\u00e9 tots els seus marcadors d&#8217;identitat: una caixa de 44 mm amb tacs en forma de X, un bisell llis i polit i una corona i una brida de colors. Est\u00e0 impulsat per un dels calibres m\u00e9s emblem\u00e0tics de Jacob &amp; Co. Aquest moviment d&#8217;esquelet ofereix una arquitectura sorprenent. Els seus dos pilars verticals formen la part central de la forma de X iniciada per les puntes, tot el disseny de la qual va donar el nom d&#8217;Epic X.<\/p>\n<p>A la <a href=\"https:\/\/jacobandco.com\/timepieces\/flight-of-cr7-baguette\">col\u00b7lecci\u00f3 Jacob &amp; Co x CR7 Epic X<\/a>, aquests dos pilars estan dissenyats per representar Cristiano Ronaldo i la marca CR7. El pilar esquerre pren la forma del mateix Cristiano Ronaldo en diverses postures, mentre que el dret porta el logotip CR7 i la signatura de la m\u00e0 de l&#8217;home, tots dos gravats en negreta. La coberta del can\u00f3 d&#8217;esquelet t\u00e9 la forma d&#8217;una pilota de futbol. Una altra imatge del mateix Cristiano Ronaldo, amb la seva emblem\u00e0tica samarreta n\u00famero 7 de la sort, est\u00e0 estampada en plata al vidre de safir contaminat del fons de la caixa.<\/p>\n<p>&nbsp;<\/p>\n<p>&nbsp;<\/p>\n<p>&nbsp;<\/p>\n<p>&nbsp;<\/p>\n<\/div>\n<div class=\"buttons-container\"><\/div>\n<\/div>\n<\/div>\n<\/section>\n<section id=\"skeletonized-movement-602312\" class=\"layout-single-content-image\" data-page-id=\"602312\" data-theme=\"\" data-layout-id=\"6596\" data-title=\"SKELETONIZED MOVEMENT\">\n<div class=\"width-container\">\n<div class=\"image-column\"><img decoding=\"async\" class=\"content-image lazyload\" data-src=\"https:\/\/dynamix-cdn.s3.amazonaws.com\/jacobandcocom\/jacobandcocom_701197590.gif\" alt=\"interf\u00edcie gr\u00e0fica d'usuari, aplicaci\u00f3\" src=\"data:image\/gif;base64,R0lGODlhAQABAAAAACH5BAEKAAEALAAAAAABAAEAAAICTAEAOw==\"><noscript><img decoding=\"async\" class=\"content-image\" src=\"https:\/\/dynamix-cdn.s3.amazonaws.com\/jacobandcocom\/jacobandcocom_701197590.gif\" alt=\"interf\u00edcie gr\u00e0fica d'usuari, aplicaci\u00f3\"><\/noscript><\/div>\n<div class=\"content-column inview-cascade-fade-up inview\">\n<h2 class=\"section-title\">MOVIMENT ESQUELETITZAT<\/h2>\n<div class=\"content-container\">\n<p>El calibre JCAM45 \u00e9s una part integral de la identitat Jacob &amp; Co x CR7 Epic X. Va ser dissenyat com un esquelet des dels seus inicis. Es beneficia d&#8217;una estructura gr\u00e0fica lliure. El can\u00f3 ample a les 12 en punt i el volant d&#8217;equilibri a les 6 en punt defineixen la verticalitat del calibre. Es veu potenciada pels ponts verticals que els recorren. El pilar esquerre pren la forma del mateix Cristiano Ronaldo amb la seva samarreta n\u00famero 7 de la sort.<\/p>\n<p>El calibre JCAM45 est\u00e0 calat fins a l&#8217;extrem. El que queda de les superf\u00edcies xapades en negre de la placa principal s&#8217;acaba amb perlatge (granat circular), sorra i granat vertical. Una ullada a l&#8217;esquena del moviment revela la caracter\u00edstica molla &#8220;Octopus&#8221;, amb tres fulls extremadament primes i elegantment corbes, la forma de les quals \u00e9s un testimoni de la vocaci\u00f3 d&#8217;alta horlogeria del Jacob &amp; Co x CR7 Epic X.<\/p>\n<p>&nbsp;<\/p>\n<p>&nbsp;<\/p>\n<p>&nbsp;<\/p>\n<\/div>\n<div class=\"buttons-container\"><\/div>\n<\/div>\n<\/div>\n<\/section>\n<section id=\"heart-of-cr7-video-602311\" class=\"layout-single-content-image\" data-page-id=\"602311\" data-theme=\"\" data-layout-id=\"6596\" data-title=\"Heart of CR7 Video\">\n<div class=\"width-container\">\n<div class=\"image-column\">\n<div class=\"play-btn js-modal-controller\" data-channel=\"vimeo\" data-video-id=\"773583740\"><\/div>\n<p><img decoding=\"async\" class=\"content-image lazyload\" data-src=\"https:\/\/transform.octanecdn.com\/crop\/700x650\/https:\/\/dynamix-cdn.s3.amazonaws.com\/jacobandcocom\/jacobandcocom_884742669.jpg\" alt=\"un rellotge amb cara verda\" src=\"data:image\/gif;base64,R0lGODlhAQABAAAAACH5BAEKAAEALAAAAAABAAEAAAICTAEAOw==\"><noscript><img decoding=\"async\" class=\"content-image\" src=\"https:\/\/transform.octanecdn.com\/crop\/700x650\/https:\/\/dynamix-cdn.s3.amazonaws.com\/jacobandcocom\/jacobandcocom_884742669.jpg\" alt=\"un rellotge amb cara verda\"><\/noscript><\/p>\n<\/div>\n<div class=\"content-column inview-cascade-fade-up inview\">\n<h2 class=\"section-title\">Heart of CR7 Video<\/h2>\n<div class=\"content-container\"><\/div>\n<div class=\"buttons-container\"><\/div>\n<\/div>\n<\/div>\n<\/section>\n<section id=\"case-design-602313\" class=\"layout-single-content-image\" data-page-id=\"602313\" data-theme=\"\" data-layout-id=\"6596\" data-title=\"CASE DESIGN\">\n<div class=\"width-container\">\n<div class=\"image-column\"><img decoding=\"async\" class=\"content-image lazyload\" data-src=\"https:\/\/transform.octanecdn.com\/crop\/700x650\/https:\/\/dynamix-cdn.s3.amazonaws.com\/jacobandcocom\/jacobandcocom_931258595.jpg\" alt=\"un rellotge amb una banda de plata\" src=\"data:image\/gif;base64,R0lGODlhAQABAAAAACH5BAEKAAEALAAAAAABAAEAAAICTAEAOw==\"><noscript><img decoding=\"async\" class=\"content-image\" src=\"https:\/\/transform.octanecdn.com\/crop\/700x650\/https:\/\/dynamix-cdn.s3.amazonaws.com\/jacobandcocom\/jacobandcocom_931258595.jpg\" alt=\"un rellotge amb una banda de plata\"><\/noscript><\/div>\n<div class=\"content-column inview-cascade-fade-up inview\">\n<h2 class=\"section-title\">DISSENY DE CAIXA<\/h2>\n<div class=\"content-container\">\n<p>L&#8217;actualitzaci\u00f3 m\u00e9s sorprenent d&#8217;Epic X V2 \u00e9s la nova forma de la caixa. El bisell, un cop escalonat, est\u00e0 al ras i polit. Les puntes en forma de X estan plenes i alineades i comencen lleugerament per sobre del cristall de safir. Els seus extrems s\u00f3n angulars i verticals, creant un ajust perfecte per a la corretja.<\/p>\n<p>La banda s&#8217;est\u00e9n molt fora del cercle de la caixa per crear un conjunt de protectors de corones. entre ells, una corona redissenyada mostra una punta d&#8217;acer de dos nivells amb osques. La seva base introdueix un nou principi de disseny: l&#8217;Epic X ara inclou diversos components acolorits, fets d&#8217;alumini.<\/p>\n<p>S&#8217;aplica un color id\u00e8ntic a la brida, que tamb\u00e9 porta una tipografia redissenyada. A les vores setinades dels dos ponts verticals, el cos de la X. I m\u00e9s discretament, a la seva part inferior, visible nom\u00e9s a trav\u00e9s del fons de caixa de safir, m\u00e9s enll\u00e0 del laberint de components del calibre JCAM45.<\/p>\n<p>&nbsp;<\/p>\n<p>&nbsp;<\/p>\n<p>&nbsp;<\/p>\n<\/div>\n<div class=\"buttons-container\"><\/div>\n<\/div>\n<\/div>\n<\/section>\n<section id=\"dial-and-hands-602314\" class=\"layout-single-content-image\" data-page-id=\"602314\" data-theme=\"\" data-layout-id=\"6596\" data-title=\"DIAL AND HANDS\">\n<div class=\"width-container\">\n<div class=\"image-column\"><img decoding=\"async\" class=\"content-image lazyload\" data-src=\"https:\/\/transform.octanecdn.com\/crop\/700x650\/https:\/\/dynamix-cdn.s3.amazonaws.com\/jacobandcocom\/jacobandcocom_884122687.png\" alt=\"Heart of CR7\" src=\"data:image\/gif;base64,R0lGODlhAQABAAAAACH5BAEKAAEALAAAAAABAAEAAAICTAEAOw==\"><noscript><img decoding=\"async\" class=\"content-image\" src=\"https:\/\/transform.octanecdn.com\/crop\/700x650\/https:\/\/dynamix-cdn.s3.amazonaws.com\/jacobandcocom\/jacobandcocom_884122687.png\" alt=\"Heart of CR7\"><\/noscript><\/div>\n<div class=\"content-column inview-cascade-fade-up inview\">\n<h2 class=\"section-title\">ESFER I MANS<\/h2>\n<div class=\"content-container\">\n<p>Com a rellotge d&#8217;esquelet, el Jacob &amp; Co x CR7 Epic X no t\u00e9 un dial per si mateix. Una placa plena i decorada bloquejaria la vista sobre el calibre, que \u00e9s una gran atracci\u00f3. No obstant aix\u00f2, el sentit del disseny de Jacob &amp; Co. va portar a la integraci\u00f3 de ponts verticals. Poden formar part del moviment, per\u00f2 ocupen un dels rols del dial.<\/p>\n<\/div>\n<div class=\"buttons-container\"><\/div>\n<\/div>\n<\/div>\n<\/section>\n<div class=\"layout-timepiece-features\">\n<section id=\"timepiece-features-information-602315\" class=\"layout-timepiece-specifications\" data-index=\"timepiece-features-information\" data-page-id=\"602315\" data-theme=\"\" data-layout-id=\"6599\" data-title=\"Timepiece Features \/ Information\">\n<div class=\"width-container\">\n<div class=\"image-rotator-container\">\n<div class=\"image-rotator slider-container\">\n<div class=\"slide active\">\n<div class=\"js-image-modal\"><img decoding=\"async\" class=\"rotator-image front-view active lazyload\" data-src=\"https:\/\/transform.octanecdn.com\/fitLogo\/400x500\/https:\/\/dynamix-cdn.s3.amazonaws.com\/jacobandcocom\/jacobandcocom_849238331.png\" alt=\"un rellotge amb una banda verda\" data-modal-src=\"https:\/\/dynamix-cdn.s3.amazonaws.com\/jacobandcocom\/jacobandcocom_849238331.png\" src=\"data:image\/gif;base64,R0lGODlhAQABAAAAACH5BAEKAAEALAAAAAABAAEAAAICTAEAOw==\"><noscript><img decoding=\"async\" class=\"rotator-image front-view active\" src=\"https:\/\/transform.octanecdn.com\/fitLogo\/400x500\/https:\/\/dynamix-cdn.s3.amazonaws.com\/jacobandcocom\/jacobandcocom_849238331.png\" alt=\"un rellotge amb una banda verda\" data-modal-src=\"https:\/\/dynamix-cdn.s3.amazonaws.com\/jacobandcocom\/jacobandcocom_849238331.png\"><\/noscript><\/div>\n<\/div>\n<\/div>\n<\/div>\n<div class=\"content-column\">\n<h2 class=\"section-title\">Especificacions t\u00e8cniques<\/h2>\n<div class=\"content-container\">\n<div aria-label=\"Page 2\" data-page-number=\"2\">\n<div aria-label=\"Page 2\" data-page-number=\"2\">\n<div aria-label=\"Page 2\" data-page-number=\"2\">\n<div><span dir=\"ltr\" role=\"presentation\"><strong>N\u00daMERO ARTICLE:<\/strong> EX120.10.AD.AA.ABRUA<\/span><\/div>\n<div><\/div>\n<div><span dir=\"ltr\" role=\"presentation\"><strong>Moviment:<\/strong><\/span><br role=\"presentation\"><span dir=\"ltr\" role=\"presentation\">Calibre:<\/span> <span dir=\"ltr\" role=\"presentation\">JCAM45, corda manual, esquelet<\/span> <br role=\"presentation\"><span dir=\"ltr\" role=\"presentation\">Di\u00e0metre:<\/span> <span dir=\"ltr\" role=\"presentation\">14,25 mm<\/span><br role=\"presentation\"><span dir=\"ltr\" role=\"presentation\">Al\u00e7ada:<\/span> <span dir=\"ltr\" role=\"presentation\">5,90 mm<\/span><br role=\"presentation\"><span dir=\"ltr\" role=\"presentation\">Components<\/span>: <span dir=\"ltr\" role=\"presentation\">158<\/span><br role=\"presentation\"><span dir=\"ltr\" role=\"presentation\">Reserva d&#8217;energia<\/span>: <span dir=\"ltr\" role=\"presentation\">48 hores<\/span><br role=\"presentation\"><span dir=\"ltr\" role=\"presentation\">Freq\u00fc\u00e8ncia:<\/span> <span dir=\"ltr\" role=\"presentation\">28.800 vib\/h (4 Hz)<\/span><br role=\"presentation\"><span dir=\"ltr\" role=\"presentation\">Joies:<\/span> <span dir=\"ltr\" role=\"presentation\">21<\/span><br role=\"presentation\"><span dir=\"ltr\" role=\"presentation\">Funcions:<\/span> <span dir=\"ltr\" role=\"presentation\">hores i minuts<\/span><br role=\"presentation\"><span dir=\"ltr\" role=\"presentation\">Estructura: <\/span> <span dir=\"ltr\" role=\"presentation\">Estructura d&#8217;esquelet alineada verticalment. Can\u00f3 calat amb forma de futbol\u00ed <\/span><br role=\"presentation\"><span dir=\"ltr\" role=\"presentation\">coberta. V<\/span><span dir=\"ltr\" role=\"presentation\">olant del costat del dial del rellotge<\/span><br role=\"presentation\"><span dir=\"ltr\" role=\"presentation\"><br \/>\n<\/span><\/div>\n<div><span dir=\"ltr\" role=\"presentation\"><strong>Caixa:<\/strong><\/span><br role=\"presentation\"><span dir=\"ltr\" role=\"presentation\">Di\u00e0metre:<\/span> <span dir=\"ltr\" role=\"presentation\">44 mm<\/span><br role=\"presentation\"><span dir=\"ltr\" role=\"presentation\">Al\u00e7ada<\/span>: <span dir=\"ltr\" role=\"presentation\">13,05 mm <\/span><br role=\"presentation\"><span dir=\"ltr\" role=\"presentation\">Material<\/span>: <span dir=\"ltr\" role=\"presentation\">acer inoxidable polit<\/span><br role=\"presentation\"><span dir=\"ltr\" role=\"presentation\">Bisell:<\/span> <span dir=\"ltr\" role=\"presentation\">acer inoxidable polit<\/span><br role=\"presentation\"><span dir=\"ltr\" role=\"presentation\">Corona:<\/span> <span dir=\"ltr\" role=\"presentation\">acer inoxidable amb tub d&#8217;alumini verd<\/span><br role=\"presentation\"><span dir=\"ltr\" role=\"presentation\">Brida:<\/span> <span dir=\"ltr\" role=\"presentation\">anell de pista minut d&#8217;alumini verd<\/span><br role=\"presentation\"><span dir=\"ltr\" role=\"presentation\">Cristall:<\/span> <span dir=\"ltr\" role=\"presentation\">Safir amb tractament antireflectant<\/span><br role=\"presentation\"><span dir=\"ltr\" role=\"presentation\">Fons de la caixa<\/span>: <span dir=\"ltr\" role=\"presentation\">vidre mineral verd amb imatge de Cristiano Ronaldo estampada en plata<\/span><br role=\"presentation\"><span dir=\"ltr\" role=\"presentation\">Resist\u00e8ncia a l&#8217;aigua<\/span>: <span dir=\"ltr\" role=\"presentation\">50 m (5 atm)<\/span><br role=\"presentation\"><span dir=\"ltr\" role=\"presentation\"><br \/>\n<\/span><\/div>\n<div><span dir=\"ltr\" role=\"presentation\"><strong>Esfera i agulles:<\/strong><\/span><br role=\"presentation\"><span dir=\"ltr\" role=\"presentation\">Esfera:<\/span> <span dir=\"ltr\" role=\"presentation\">pont vertical amb forma de Cristiano Ronaldo, pont vertical gravat<\/span> <\/div>\n<div><\/div>\n<\/div>\n<div aria-label=\"Page 3\" data-page-number=\"3\">\n<p>Signatura de la m\u00e0 de Cristiano Ronaldo i logotip CR7<\/p>\n<div><span dir=\"ltr\" role=\"presentation\">Mans:<\/span> <span dir=\"ltr\" role=\"presentation\">en forma de bast\u00f3, calats, punta verda<\/span><br role=\"presentation\"><span dir=\"ltr\" role=\"presentation\"><br \/>\n<\/span><\/div>\n<div><span dir=\"ltr\" role=\"presentation\"><strong>Corretja i fermall:<\/strong><\/span><br role=\"presentation\"><span dir=\"ltr\" role=\"presentation\">Corretja<\/span>: <span dir=\"ltr\" role=\"presentation\">corretja de goma de bresca verda amb sivella d&#8217;acer inoxidable<\/span><\/div>\n<\/div>\n<\/div>\n<\/div>\n<\/div>\n<\/div>\n<\/div>\n<\/section>\n<\/div>\n","protected":false},"featured_media":31756,"comment_status":"open","ping_status":"closed","template":"","meta":{"om_disable_all_campaigns":false,"_monsterinsights_skip_tracking":false,"_monsterinsights_sitenote_active":false,"_monsterinsights_sitenote_note":"","_monsterinsights_sitenote_category":0},"product_brand":[],"product_cat":[411],"product_tag":[429,428],"giftcard-category":[],"class_list":{"0":"post-29450","1":"product","2":"type-product","3":"status-publish","4":"has-post-thumbnail","6":"product_cat-jacob-co","7":"product_tag-edicio-limitada","8":"product_tag-rellotges-esportius","10":"first","11":"instock","12":"taxable","13":"shipping-taxable","14":"purchasable","15":"product-type-simple"},"aioseo_notices":[],"_links":{"self":[{"href":"https:\/\/luxurybased.com\/ca\/wp-json\/wp\/v2\/product\/29450","targetHints":{"allow":["GET"]}}],"collection":[{"href":"https:\/\/luxurybased.com\/ca\/wp-json\/wp\/v2\/product"}],"about":[{"href":"https:\/\/luxurybased.com\/ca\/wp-json\/wp\/v2\/types\/product"}],"replies":[{"embeddable":true,"href":"https:\/\/luxurybased.com\/ca\/wp-json\/wp\/v2\/comments?post=29450"}],"version-history":[{"count":1,"href":"https:\/\/luxurybased.com\/ca\/wp-json\/wp\/v2\/product\/29450\/revisions"}],"predecessor-version":[{"id":29451,"href":"https:\/\/luxurybased.com\/ca\/wp-json\/wp\/v2\/product\/29450\/revisions\/29451"}],"wp:featuredmedia":[{"embeddable":true,"href":"https:\/\/luxurybased.com\/ca\/wp-json\/wp\/v2\/media\/31756"}],"wp:attachment":[{"href":"https:\/\/luxurybased.com\/ca\/wp-json\/wp\/v2\/media?parent=29450"}],"wp:term":[{"taxonomy":"product_brand","embeddable":true,"href":"https:\/\/luxurybased.com\/ca\/wp-json\/wp\/v2\/product_brand?post=29450"},{"taxonomy":"product_cat","embeddable":true,"href":"https:\/\/luxurybased.com\/ca\/wp-json\/wp\/v2\/product_cat?post=29450"},{"taxonomy":"product_tag","embeddable":true,"href":"https:\/\/luxurybased.com\/ca\/wp-json\/wp\/v2\/product_tag?post=29450"},{"taxonomy":"giftcard-category","embeddable":true,"href":"https:\/\/luxurybased.com\/ca\/wp-json\/wp\/v2\/giftcard-category?post=29450"}],"curies":[{"name":"wp","href":"https:\/\/api.w.org\/{rel}","templated":true}]}}