{"id":26273,"date":"2023-01-03T13:06:22","date_gmt":"2023-01-03T12:06:22","guid":{"rendered":"https:\/\/luxurybased.com\/product\/epic-x-chrono-messi-or-blanc-titani-i-baguette\/"},"modified":"2023-02-10T20:01:15","modified_gmt":"2023-02-10T20:01:15","slug":"epic-x-chrono-messi-or-blanc-titani-i-bagueta","status":"publish","type":"product","link":"https:\/\/luxurybased.com\/ca\/producte\/epic-x-chrono-messi-or-blanc-titani-i-bagueta\/","title":{"rendered":"Jacob &amp; Co Epic X Chrono Messi Or blanc, titani i baguette"},"content":{"rendered":"","protected":false},"excerpt":{"rendered":"<h2 class=\"section-title\">Hist\u00f2ria<\/h2>\n<div class=\"content-container\">\n<p>Lionel Messi, el golejador m\u00e9s prol\u00edfic del futbol i, sens dubte, el millor jugador de futbol modern, podria haver escollit qualsevol empresa de rellotges del m\u00f3n per treballar, i va triar Jacob &amp; Co., una de les marques m\u00e9s creatives de l&#8217;alta rellotgeria. Va dir a Jacob Arabo, el fundador de Jacob &amp; Co., quan es va finalitzar l&#8217;associaci\u00f3: &#8220;Seguir\u00e9 intentant fer el millor possible al camp i junts realitzarem la nostra visi\u00f3&#8221;.<\/p>\n<p>Elogiat a nivell mundial per la seva incre\u00efble precisi\u00f3 i velocitat en el bell joc i seguit pel seu estil de vida que marca tend\u00e8ncia, Messi va treballar estretament amb Jacob &amp; Co, donant la seva aportaci\u00f3 personal i les seves marques comercials \u00faniques quan va dissenyar les Edicions Limitades Epic X Chrono &#8220;Messi&#8221;.<\/p>\n<p>&#8220;A Jacob &amp; Co., ens assegurem que ens associem amb els millors del m\u00f3n, o no ens associem en absolut&#8221;, diu Jacob Arabo, fundador de Jacob &amp; Co. &#8220;Amb Messi i l&#8217;Epic X Chrono, sens dubte ho hem aconseguit&#8221;.<\/p>\n<p>Per a aquesta associaci\u00f3, Jacob &amp; Co. va triar el rellotge m\u00e9s esportiu de la nostra l\u00ednia, l&#8217;Epic X Chrono, per adaptar-lo a un dels atletes d&#8217;elit m\u00e9s esportius del m\u00f3n.<\/p>\n<\/div>\n<h2 class=\"section-title\">Associaci\u00f3<\/h2>\n<div class=\"content-container\">\n<p>Lionel Messi, el golejador m\u00e9s prol\u00edfic del futbol i, sens dubte, el millor jugador de futbol modern, podria haver escollit qualsevol empresa de rellotges del m\u00f3n per treballar, i va triar Jacob &amp; Co., la marca m\u00e9s creativa de l&#8217;alta rellotgeria. Va dir a Jacob Arabo, el fundador de Jacob &amp; Co., quan es va finalitzar l&#8217;associaci\u00f3: &#8220;Seguir\u00e9 intentant fer el millor possible al camp i junts realitzarem la nostra visi\u00f3&#8221;.<\/p>\n<p>Aquesta associaci\u00f3 a llarg termini entre dos l\u00edders dels seus respectius camps ja ha creat tres edicions limitades de l&#8217;Epic X Chrono Messi, que incorpora els colors de la bandera argentina, el fam\u00f3s n\u00famero 10 de Messi, el seu logotip estilitzat &#8220;M&#8221; i la seva signatura a la fons de caixa.<\/p>\n<p>Elogiat a nivell mundial per la seva incre\u00efble precisi\u00f3 i velocitat en el bell joc i seguit pel seu estil de vida que marca tend\u00e8ncies, Messi va treballar estretament amb Jacob &amp; Co, donant la seva aportaci\u00f3 personal i les seves marques comercials \u00faniques quan va dissenyar l&#8217;Epic X Chrono &#8220;Messi&#8221; Limited Edition.<\/p>\n<p>&#8220;A Jacob &amp; Co., ens assegurem que ens associem amb els millors del m\u00f3n, o no ens associem en absolut&#8221;, diu Jacob Arabo, fundador de Jacob &amp; Co. &#8220;Amb Messi i l&#8217;Epic X Chrono, sens dubte ho hem aconseguit&#8221;.<\/p>\n<\/div>\n<h2 class=\"section-title\">TOQUES \u00daNICS DE MESSI<\/h2>\n<div class=\"content-container\">\n<p>Aquesta associaci\u00f3 a llarg termini entre dos l\u00edders dels seus respectius camps ha creat edicions limitades i peces \u00faniques basades en l&#8217;Epic X Chrono.<\/p>\n<p>A cada rellotge hi ha els colors blau i blanc de la bandera de l&#8217;Argentina, el pa\u00eds natal de Messi.<\/p>\n<p>El fam\u00f3s n\u00famero 10 de Messi est\u00e0 ressaltat en vermell al bisell i el seu logotip estilitzat &#8220;M&#8221; es troba a la posici\u00f3 de les sis del dial. I amb un toc especial, la signatura de Messi es troba al fons de l&#8217;exhibici\u00f3.<\/p>\n<\/div>\n<h2 class=\"section-title\">EL MOVIMENT<\/h2>\n<div class=\"content-container\">\n<p>El moviment d&#8217;alta qualitat \u00e9s un moviment de cron\u00f2graf de rodes de columnes fabricat en Su\u00efssa, parcialment esqueletitzat. Controlats per dos polsadors (inici\/parada i reinici), els segons es compten amb la m\u00e0 central del cron\u00f2graf i els minuts es marquen amb el subesfera de la dreta.<\/p>\n<\/div>\n<h2 class=\"section-title\">EL CAS<\/h2>\n<div class=\"content-container\">\n<p>La caixa d&#8217;or blanc i titani de 47 mm inclou un cristall de safir antireflectant, un bisell de cer\u00e0mica i polsadors de goma. Resistent a l&#8217;aigua fins a 200 metres, la caixa tamb\u00e9 t\u00e9 una corona cargolada i un bisell giratori interior, controlat per la corona push-down a les 10 h.<\/p>\n<\/div>\n<h2 class=\"section-title\">EL DIAL<\/h2>\n<div class=\"content-container\">\n<p>L&#8217;Epic X Chrono Messi t\u00e9 un disseny bi-compax, amb el subdial dret per als minuts del cron\u00f2graf i el subesfera esquerre per als segons corrents. El dial en si \u00e9s de cristall mineral blau, que permet una visi\u00f3 del moviment del cron\u00f2graf de la roda de columnes a continuaci\u00f3.<\/p>\n<\/div>\n<h2 class=\"section-title\">D&#8217;un cop d&#8217;ull<\/h2>\n<div class=\"content-container\">\n<p>Cron\u00f2graf de roda de columnes Swiss Made.<\/p>\n<p>Colors blau i blanc per a l&#8217;Argentina, el pa\u00eds natal de Messi.<\/p>\n<p>El fam\u00f3s n\u00famero 10 de Messi destacat en vermell al bisell.<\/p>\n<p>El logotip &#8220;M&#8221; estilitzat de Messi a la posici\u00f3 de les sis.<\/p>\n<p>Signatura de Messi al fons de l&#8217;exhibici\u00f3.<\/p>\n<p>Caixa d&#8217;or blanc i titani de 47 mm.<\/p>\n<p>Doble vidre de safir antireflectant.<\/p>\n<p>Resistent a l&#8217;aigua fins a 200 metres.<\/p>\n<\/div>\n","protected":false},"featured_media":25711,"comment_status":"open","ping_status":"closed","template":"","meta":{"om_disable_all_campaigns":false,"_monsterinsights_skip_tracking":false,"_monsterinsights_sitenote_active":false,"_monsterinsights_sitenote_note":"","_monsterinsights_sitenote_category":0},"product_brand":[],"product_cat":[411],"product_tag":[],"giftcard-category":[],"class_list":{"0":"post-26273","1":"product","2":"type-product","3":"status-publish","4":"has-post-thumbnail","6":"product_cat-jacob-co","8":"first","9":"instock","10":"taxable","11":"shipping-taxable","12":"product-type-simple"},"aioseo_notices":[],"_links":{"self":[{"href":"https:\/\/luxurybased.com\/ca\/wp-json\/wp\/v2\/product\/26273","targetHints":{"allow":["GET"]}}],"collection":[{"href":"https:\/\/luxurybased.com\/ca\/wp-json\/wp\/v2\/product"}],"about":[{"href":"https:\/\/luxurybased.com\/ca\/wp-json\/wp\/v2\/types\/product"}],"replies":[{"embeddable":true,"href":"https:\/\/luxurybased.com\/ca\/wp-json\/wp\/v2\/comments?post=26273"}],"version-history":[{"count":5,"href":"https:\/\/luxurybased.com\/ca\/wp-json\/wp\/v2\/product\/26273\/revisions"}],"predecessor-version":[{"id":28052,"href":"https:\/\/luxurybased.com\/ca\/wp-json\/wp\/v2\/product\/26273\/revisions\/28052"}],"wp:featuredmedia":[{"embeddable":true,"href":"https:\/\/luxurybased.com\/ca\/wp-json\/wp\/v2\/media\/25711"}],"wp:attachment":[{"href":"https:\/\/luxurybased.com\/ca\/wp-json\/wp\/v2\/media?parent=26273"}],"wp:term":[{"taxonomy":"product_brand","embeddable":true,"href":"https:\/\/luxurybased.com\/ca\/wp-json\/wp\/v2\/product_brand?post=26273"},{"taxonomy":"product_cat","embeddable":true,"href":"https:\/\/luxurybased.com\/ca\/wp-json\/wp\/v2\/product_cat?post=26273"},{"taxonomy":"product_tag","embeddable":true,"href":"https:\/\/luxurybased.com\/ca\/wp-json\/wp\/v2\/product_tag?post=26273"},{"taxonomy":"giftcard-category","embeddable":true,"href":"https:\/\/luxurybased.com\/ca\/wp-json\/wp\/v2\/giftcard-category?post=26273"}],"curies":[{"name":"wp","href":"https:\/\/api.w.org\/{rel}","templated":true}]}}