{"id":30080,"date":"2023-06-21T12:02:17","date_gmt":"2023-06-21T11:02:17","guid":{"rendered":"https:\/\/luxurybased.com\/mattey-tissot\/"},"modified":"2023-07-10T15:45:11","modified_gmt":"2023-07-10T14:45:11","slug":"mattey-tissot","status":"publish","type":"page","link":"https:\/\/luxurybased.com\/ca\/marques\/mattey-tissot\/","title":{"rendered":"MATTEY-TISSOT"},"content":{"rendered":"\n<figure class=\"wp-block-image size-trx_addons-thumb-small\"><img decoding=\"async\" width=\"270\" height=\"152\" data-src=\"https:\/\/luxurybased.com\/wp-content\/uploads\/2023\/06\/MT-logo-NEG-swiss-made-1-270x152.webp\" alt=\"\" class=\"wp-image-29858 lazyload\" data-srcset=\"https:\/\/luxurybased.com\/wp-content\/uploads\/2023\/06\/MT-logo-NEG-swiss-made-1-270x152.webp 270w, https:\/\/luxurybased.com\/wp-content\/uploads\/2023\/06\/MT-logo-NEG-swiss-made-1-410x230.webp 410w\" data-sizes=\"(max-width: 270px) 100vw, 270px\" src=\"data:image\/gif;base64,R0lGODlhAQABAAAAACH5BAEKAAEALAAAAAABAAEAAAICTAEAOw==\" style=\"--smush-placeholder-width: 270px; --smush-placeholder-aspect-ratio: 270\/152;\" \/><noscript><img decoding=\"async\" width=\"270\" height=\"152\" src=\"https:\/\/luxurybased.com\/wp-content\/uploads\/2023\/06\/MT-logo-NEG-swiss-made-1-270x152.webp\" alt=\"\" class=\"wp-image-29858\" srcset=\"https:\/\/luxurybased.com\/wp-content\/uploads\/2023\/06\/MT-logo-NEG-swiss-made-1-270x152.webp 270w, https:\/\/luxurybased.com\/wp-content\/uploads\/2023\/06\/MT-logo-NEG-swiss-made-1-410x230.webp 410w\" sizes=\"(max-width: 270px) 100vw, 270px\" \/><\/noscript><\/figure>\n<\/p>\n<p><strong>Mattey-Tissot<\/strong>, una marca de rellotges llegend\u00e0ria amb una hist\u00f2ria captivadora, remunta els seus or\u00edgens a finals del segle XIX. Fundada l&#8217;any 1883 pel visionari rellotger Antoine Mattey i el seu fill Charles Tissot, l&#8217;empresa es va embarcar en un viatge extraordinari que deixaria una empremta indeleble en el m\u00f3n horlol\u00f2gic. <\/p>\n<p>Des dels seus inicis, Mattey Tissot es va proposar revolucionar l&#8217;art de la rellotgeria. Els fundadors de la marca compartien una profunda passi\u00f3 per la precisi\u00f3 i l&#8217;artesania, i els seus esfor\u00e7os col\u00b7laboratius aviat van donar lloc a rellotges que capturaven l&#8217;ess\u00e8ncia de l&#8217;excel\u00b7l\u00e8ncia de la rellotgeria su\u00efssa. <\/p>\n<p>Mattey Tissot es va guanyar r\u00e0pidament una reputaci\u00f3 per la seva recerca incansable de la innovaci\u00f3. L&#8217;esperit pioner de la marca es va reflectir en els seus aven\u00e7os innovadors, com la introducci\u00f3 de rellotges de butxaca amb complicacions sofisticades i moviments precisos. Aquests rellotges mostraven el comprom\u00eds inquebrantable de la marca per superar els l\u00edmits del que era possible.  <\/p>\n<p>Quan va comen\u00e7ar el segle XX, Mattey Tissot va consolidar la seva posici\u00f3 com a fabricant l\u00edder de rellotges. Els rellotges de la marca van trobar el favor dels col\u00b7leccionistes m\u00e9s exigents, que es van sentir atrets per la seva precisi\u00f3 impecable i els seus dissenys elegants. Mattey Tissot es va convertir en un s\u00edmbol de prestigi, adornant els canells de la reialesa, els dignataris i els entusiastes dels rellotges de tot el m\u00f3n.  <\/p>\n<p>Al llarg dels anys, Mattey Tissot va continuar prosperant, adaptant-se al paisatge canviant de la ind\u00fastria del rellotge. La marca va adoptar els aven\u00e7os tecnol\u00f2gics, incorporant moviments autom\u00e0tics i adoptant conceptes de disseny avantguardistes. Cada rellotge Mattey Tissot es va convertir en una combinaci\u00f3 harm\u00f2nica de tradici\u00f3 i modernitat, mostrant la capacitat de la marca per equilibrar el patrimoni amb les tend\u00e8ncies contempor\u00e0nies.  <\/p>\n<p>El comprom\u00eds de Mattey Tissot amb l&#8217;excel\u00b7l\u00e8ncia es va estendre m\u00e9s enll\u00e0 de l&#8217;artesania dels seus rellotges. La marca tamb\u00e9 va fomentar una connexi\u00f3 profunda amb els seus clients, oferint un servei al client impecable i assegurant que cada persona que portava un Mattey Tissot se sentia part d&#8217;un llegat distingit. <\/p>\n<p>En l&#8217;actualitat, Mattey Tissot es destaca com una marca de rellotges de renom mundial, venerada pel seu ric patrimoni i la seva qualitat sense compromisos. Cada rellotge Mattey Tissot porta el llegat de generacions de rellotgers apassionats, perpetuant la tradici\u00f3 d&#8217;excel\u00b7l\u00e8ncia de la marca. <\/p>\n<p>Amb una dedicaci\u00f3 inquebrantable a la precisi\u00f3, la innovaci\u00f3 i l&#8217;eleg\u00e0ncia atemporal, Mattey Tissot continua captivant els entusiastes dels rellotges de tot el m\u00f3n. Els seus rellotges representen una fusi\u00f3 harm\u00f2nica de la tradici\u00f3 i l&#8217;est\u00e8tica contempor\u00e0nia, que encarnen l&#8217;esperit de la rellotgeria su\u00efssa en el seu millor moment. <\/p>\n\n<div style=\"height:100px\" aria-hidden=\"true\" class=\"wp-block-spacer\"><\/div>\n\n<p><\/p>\n","protected":false},"excerpt":{"rendered":"<p>Mattey-Tissot, una marca de rellotges llegend\u00e0ria amb una hist\u00f2ria captivadora, remunta els seus or\u00edgens a finals del segle XIX. Fundada l&#8217;any 1883 pel visionari rellotger Antoine Mattey i el seu&hellip;<\/p>\n","protected":false},"author":1,"featured_media":29471,"parent":30048,"menu_order":0,"comment_status":"closed","ping_status":"closed","template":"","meta":{"om_disable_all_campaigns":false,"_monsterinsights_skip_tracking":false,"_monsterinsights_sitenote_active":false,"_monsterinsights_sitenote_note":"","_monsterinsights_sitenote_category":0,"footnotes":""},"class_list":["post-30080","page","type-page","status-publish","has-post-thumbnail","hentry"],"aioseo_notices":[],"_links":{"self":[{"href":"https:\/\/luxurybased.com\/ca\/wp-json\/wp\/v2\/pages\/30080","targetHints":{"allow":["GET"]}}],"collection":[{"href":"https:\/\/luxurybased.com\/ca\/wp-json\/wp\/v2\/pages"}],"about":[{"href":"https:\/\/luxurybased.com\/ca\/wp-json\/wp\/v2\/types\/page"}],"author":[{"embeddable":true,"href":"https:\/\/luxurybased.com\/ca\/wp-json\/wp\/v2\/users\/1"}],"replies":[{"embeddable":true,"href":"https:\/\/luxurybased.com\/ca\/wp-json\/wp\/v2\/comments?post=30080"}],"version-history":[{"count":1,"href":"https:\/\/luxurybased.com\/ca\/wp-json\/wp\/v2\/pages\/30080\/revisions"}],"predecessor-version":[{"id":30081,"href":"https:\/\/luxurybased.com\/ca\/wp-json\/wp\/v2\/pages\/30080\/revisions\/30081"}],"up":[{"embeddable":true,"href":"https:\/\/luxurybased.com\/ca\/wp-json\/wp\/v2\/pages\/30048"}],"wp:featuredmedia":[{"embeddable":true,"href":"https:\/\/luxurybased.com\/ca\/wp-json\/wp\/v2\/media\/29471"}],"wp:attachment":[{"href":"https:\/\/luxurybased.com\/ca\/wp-json\/wp\/v2\/media?parent=30080"}],"curies":[{"name":"wp","href":"https:\/\/api.w.org\/{rel}","templated":true}]}}